{"id":146566,"date":"2021-01-15T10:53:54","date_gmt":"2021-01-15T10:53:54","guid":{"rendered":"https:\/\/codengine3.ch\/?product=import-placeholder-for-205354"},"modified":"2023-07-26T15:25:57","modified_gmt":"2023-07-26T13:25:57","slug":"crag-climbs-in-chamonix","status":"publish","type":"product","link":"https:\/\/pizbube.ch\/en\/shop\/crag-climbs-in-chamonix\/","title":{"rendered":"CRAG CLIMBS IN CHAMONIX"},"content":{"rendered":"<p>Chamonix Crag Climbing Guidebook<\/p>\n<p>The topo of the 37 climbing sites that dot the Chamonix valley. More than 500 routes from 1 to 8 pitches. Color photos and accurate track drawings.<br \/>\nThis edition presents the main climbing sites in the Chamonix and Vallorcine Valley\u00a0(l\u2019Eau Noire).<br \/>\nFour boulder sites and thirty three cliffs are described.<br \/>\nWe also offer a selection of routes of several lengths starting from the valley or located at altitude easily accessible from the mechanical lifts.<\/p>\n<p>The topo of the 37 climbing sites that dot the Chamonix valley.<br \/>\nMore than 500 routes from 1 to 8 pitches.<br \/>\nColor photos and accurate track drawings.<\/p>\n<p>Find the following climbing sectors:<\/p>\n<p>Le Fayet Lower and Upper crag, Thermes\u00a0of St Gervais<br \/>\nServoz, le Par\u00e9, le Labo, les Chavants, Coupeau, Roc D\u00e9ment, Roc des Os, The Bossons, the Gaillands<br \/>\nLe Br\u00e9vent, La Soulire, La Fl\u00e9g\u00e8re<br \/>\nMontenvers, Mottets, Pierre \u00e0 Orthaz, Dalles de l\u2019Arveyron, Le Chapeau<br \/>\nLa Joux, the Chauffria Monolith, the Moraine of Argenti\u00e8re, the Aiguillette d\u2019Argenti\u00e8re, Les Ch\u00e9serys Remuaz<br \/>\nThe Chenavier, the Col des Montets on the Argenti\u00e8re and Vallorcine side<br \/>\nThe Rocher du Saix in Vallorcine, the Vallon de B\u00e9rard, the T\u00eate de Mesure<br \/>\nLe PassetLower and Upper Crag, the great cliff of Le Passet, the Mur du Loup<br \/>\nBarberine, Ch\u00e2telard, Gietroz<\/p>\n<p>11th revised edition 2023<\/p>","protected":false},"excerpt":{"rendered":"<p>Chamonix Crag Climbing Guidebook The topo of the 37 climbing sites that dot the Chamonix valley. More than 500 routes from 1 to 8 pitches. Color photos and accurate track drawings. This edition presents the main climbing sites in the Chamonix and Vallorcine Valley\u00a0(l\u2019Eau Noire). Four boulder sites and thirty three cliffs are described. We [&#8230;]\n","protected":false},"featured_media":168754,"template":"","meta":[],"product_brand":[],"product_cat":[21539],"product_tag":[],"class_list":{"0":"post-146566","1":"product","2":"type-product","3":"status-publish","4":"has-post-thumbnail","6":"product_cat-fuehrerliteratur-sportklettern-bouldern","7":"pa_autor-burnier-potard","8":"pa_erscheinungsjahr-27129","9":"pa_region-frankreich","10":"pa_sprache-en","12":"first","13":"instock","14":"taxable","15":"shipping-taxable","16":"purchasable","17":"product-type-simple"},"_links":{"self":[{"href":"https:\/\/pizbube.ch\/en\/wp-json\/wp\/v2\/product\/146566","targetHints":{"allow":["GET"]}}],"collection":[{"href":"https:\/\/pizbube.ch\/en\/wp-json\/wp\/v2\/product"}],"about":[{"href":"https:\/\/pizbube.ch\/en\/wp-json\/wp\/v2\/types\/product"}],"wp:featuredmedia":[{"embeddable":true,"href":"https:\/\/pizbube.ch\/en\/wp-json\/wp\/v2\/media\/168754"}],"wp:attachment":[{"href":"https:\/\/pizbube.ch\/en\/wp-json\/wp\/v2\/media?parent=146566"}],"wp:term":[{"taxonomy":"product_brand","embeddable":true,"href":"https:\/\/pizbube.ch\/en\/wp-json\/wp\/v2\/product_brand?post=146566"},{"taxonomy":"product_cat","embeddable":true,"href":"https:\/\/pizbube.ch\/en\/wp-json\/wp\/v2\/product_cat?post=146566"},{"taxonomy":"product_tag","embeddable":true,"href":"https:\/\/pizbube.ch\/en\/wp-json\/wp\/v2\/product_tag?post=146566"}],"curies":[{"name":"wp","href":"https:\/\/api.w.org\/{rel}","templated":true}]}}