{"id":146569,"date":"2021-01-15T10:53:54","date_gmt":"2021-01-15T10:53:54","guid":{"rendered":"https:\/\/codengine3.ch\/?product=import-placeholder-for-200384"},"modified":"2021-01-15T10:57:05","modified_gmt":"2021-01-15T10:57:05","slug":"argentiere-mini-carte-de-randonnee-125000-m3630ot","status":"publish","type":"product","link":"https:\/\/pizbube.ch\/en\/shop\/argentiere-mini-carte-de-randonnee-125000-m3630ot\/","title":{"rendered":"Argenti\u00e8re &#8211; Mini Carte de Randonn\u00e9e 1:25`000 \/ M3630OT"},"content":{"rendered":"<p>S\u00e9rie: Mini Top25<\/p>\n<p>Les mini Top 25 sont des cartes de randonn\u00e9e \u00e0 l`\u00e9chelle du 1\/25000\u00e8me.<br \/>\nPr\u00e9cises, d\u00e9taill\u00e9es elles sont \u00e0 la fois une ressource indispensable pour le<br \/>\nrandonneur et ont cette particularit\u00e9 fort appr\u00e9ciable de pouvoir sans<br \/>\nprobl\u00e8me se glisser dans la poche.<\/p>","protected":false},"excerpt":{"rendered":"<p>S\u00e9rie: Mini Top25 Les mini Top 25 sont des cartes de randonn\u00e9e \u00e0 l`\u00e9chelle du 1\/25000\u00e8me. Pr\u00e9cises, d\u00e9taill\u00e9es elles sont \u00e0 la fois une ressource indispensable pour le randonneur et ont cette particularit\u00e9 fort appr\u00e9ciable de pouvoir sans probl\u00e8me se glisser dans la poche.<\/p>","protected":false},"featured_media":26757,"template":"","meta":[],"product_brand":[],"product_cat":[21543],"product_tag":[],"class_list":{"0":"post-146569","1":"product","2":"type-product","3":"status-publish","4":"has-post-thumbnail","6":"product_cat-landkarten","7":"pa_autor-ign","8":"pa_erscheinungsjahr-21621","9":"pa_region-frankreich","10":"pa_sprache-fr","12":"first","13":"instock","14":"taxable","15":"shipping-taxable","16":"purchasable","17":"product-type-simple"},"_links":{"self":[{"href":"https:\/\/pizbube.ch\/en\/wp-json\/wp\/v2\/product\/146569","targetHints":{"allow":["GET"]}}],"collection":[{"href":"https:\/\/pizbube.ch\/en\/wp-json\/wp\/v2\/product"}],"about":[{"href":"https:\/\/pizbube.ch\/en\/wp-json\/wp\/v2\/types\/product"}],"wp:featuredmedia":[{"embeddable":true,"href":"https:\/\/pizbube.ch\/en\/wp-json\/wp\/v2\/media\/26757"}],"wp:attachment":[{"href":"https:\/\/pizbube.ch\/en\/wp-json\/wp\/v2\/media?parent=146569"}],"wp:term":[{"taxonomy":"product_brand","embeddable":true,"href":"https:\/\/pizbube.ch\/en\/wp-json\/wp\/v2\/product_brand?post=146569"},{"taxonomy":"product_cat","embeddable":true,"href":"https:\/\/pizbube.ch\/en\/wp-json\/wp\/v2\/product_cat?post=146569"},{"taxonomy":"product_tag","embeddable":true,"href":"https:\/\/pizbube.ch\/en\/wp-json\/wp\/v2\/product_tag?post=146569"}],"curies":[{"name":"wp","href":"https:\/\/api.w.org\/{rel}","templated":true}]}}