{"id":146570,"date":"2021-01-15T10:53:54","date_gmt":"2021-01-15T10:53:54","guid":{"rendered":"https:\/\/codengine3.ch\/?product=import-placeholder-for-201779"},"modified":"2022-12-30T09:08:16","modified_gmt":"2022-12-30T08:08:16","slug":"kletterfuehrer-alpen-5-bis-8-band-1","status":"publish","type":"product","link":"https:\/\/pizbube.ch\/en\/shop\/kletterfuehrer-alpen-5-bis-8-band-1\/","title":{"rendered":"Kletterf\u00fchrer Alpen 5 bis 8 (Band 1)"},"content":{"rendered":"<p>\u00dcbersichtlicher Auswahlf\u00fchrer mit 234 Touren aus den sch\u00f6nsten Klettergebieten<br \/>\nder Alpen: Bergell; Chamonix (Grandes Courses, Argenti\u00e8re, Envers des<br \/>\nAiguilles, Aiguilles de Chamonix, Aiguille du Midi \/ Pte. Helbronner,<br \/>\nAiguilles Rouges); Courmayeur, Val Ferret \/ Dalmazzi; Dolomiten (Civetta \/<br \/>\nMoiazza \/ Bosconero \/ Mezzodi \/ Brenta \/ Cortina \/ Pala \/ Sella, Langkofel \/<br \/>\nMarmolada \/ Gardasee, Sarcatal); Dauphin\u00e9; Wetterstein; Wilder Kaiser;<br \/>\nTannheimer \/ Karwendel \/ Loferer; R\u00e4tikon; West-\/Zentralschweiz.<\/p>\n<p>Ausf\u00fchrlich beschrieben auf 560 Seiten. Ausnahmslos selbst recherchiert und<br \/>\nliebevoll aufbereitet.<br \/>\nZu jeder Region eine \u00dcbersichtskarte; Wertvolle Tipps zu Strategie und<br \/>\nPlanung, Durchgehend farbig bebildert, Hochwertige Verarbeitung.<br \/>\nDas Schwierigkeitsspektrum der Routen reicht vom f\u00fcnften bis zum oberen achten<br \/>\nGrad, moderne Sportkletter- und Plaisirrouten wechseln sich ab mit alpinen<br \/>\nKlassikern und einigen eher abenteuerlichen Routen.<\/p>\n<p>Dabei mischt sich Bekanntes mit weniger Bekanntem und einigen Perlen, f\u00fcr die<br \/>\nman schon lange nach einem guten und einigerma\u00dfen aktuellen Topo gesucht hat,<br \/>\nwie beispielsweise dem Cengalopfeiler.<br \/>\nDie Topos sind sehr detailliert, mit zus\u00e4tzlichen Infos versehen.<\/p>","protected":false},"excerpt":{"rendered":"<ul>\n<li><a href=\"https:\/\/pizbube.ch\/wp-content\/uploads\/attachments\/a_027\/AEFA418ECC2CD6D7CDB0262BEB0B4D17.pdf\" target=\"_blank\" rel=\"noopener\"><strong>PDF: Leseprobe_TOPOGUIDE<\/strong><\/a><\/li>\n<\/ul>","protected":false},"featured_media":165428,"template":"","meta":[],"product_brand":[],"product_cat":[21539],"product_tag":[],"class_list":{"0":"post-146570","1":"product","2":"type-product","3":"status-publish","4":"has-post-thumbnail","6":"product_cat-fuehrerliteratur-sportklettern-bouldern","7":"pa_autor-luzar-roth","8":"pa_erscheinungsjahr-21776","9":"pa_region-uebrigers-europa","10":"pa_sprache-de","12":"first","13":"instock","14":"taxable","15":"shipping-taxable","16":"purchasable","17":"product-type-simple"},"_links":{"self":[{"href":"https:\/\/pizbube.ch\/en\/wp-json\/wp\/v2\/product\/146570","targetHints":{"allow":["GET"]}}],"collection":[{"href":"https:\/\/pizbube.ch\/en\/wp-json\/wp\/v2\/product"}],"about":[{"href":"https:\/\/pizbube.ch\/en\/wp-json\/wp\/v2\/types\/product"}],"wp:featuredmedia":[{"embeddable":true,"href":"https:\/\/pizbube.ch\/en\/wp-json\/wp\/v2\/media\/165428"}],"wp:attachment":[{"href":"https:\/\/pizbube.ch\/en\/wp-json\/wp\/v2\/media?parent=146570"}],"wp:term":[{"taxonomy":"product_brand","embeddable":true,"href":"https:\/\/pizbube.ch\/en\/wp-json\/wp\/v2\/product_brand?post=146570"},{"taxonomy":"product_cat","embeddable":true,"href":"https:\/\/pizbube.ch\/en\/wp-json\/wp\/v2\/product_cat?post=146570"},{"taxonomy":"product_tag","embeddable":true,"href":"https:\/\/pizbube.ch\/en\/wp-json\/wp\/v2\/product_tag?post=146570"}],"curies":[{"name":"wp","href":"https:\/\/api.w.org\/{rel}","templated":true}]}}