{"id":146571,"date":"2021-01-15T10:53:54","date_gmt":"2021-01-15T10:53:54","guid":{"rendered":"https:\/\/codengine3.ch\/?product=import-placeholder-for-200113"},"modified":"2022-08-04T10:51:41","modified_gmt":"2022-08-04T08:51:41","slug":"mont-blanc-granite-les-plus-belles-voies-descalade-tome-1-bassin-dargentiere","status":"publish","type":"product","link":"https:\/\/pizbube.ch\/en\/shop\/mont-blanc-granite-les-plus-belles-voies-descalade-tome-1-bassin-dargentiere\/","title":{"rendered":"MONT-BLANC GRANITE les plus belles voies d&#8217;escalade tome 1 \u2013 Bassin d&#8217;Argenti\u00e8re"},"content":{"rendered":"<p>Le massif du Mont-Blanc est l\u2019un des terrains de jeux les plus r\u00e9put\u00e9s pour<br \/>\nl\u2019escalade sur granite. Les grimpeurs du monde entier viennent y parcourir les<br \/>\ncentaines d\u2019itin\u00e9raires trac\u00e9s sur un rocher Parfait entour\u00e9 d\u2019un d\u00e9cor<br \/>\ngrandiose.<\/p>\n<p>Ce premier tome de la collection MONT-BLANC GRANITE pr\u00e9sente les plus belles<br \/>\nvoies rocheuses du bassin d\u2019Argenti\u00e8re avec un regard contemporain : int\u00e9r\u00eat<br \/>\nde l\u2019escalade, esth\u00e9tiques des lignes, pr\u00e9cision de l\u2019information sur les<br \/>\napproches et les descentes, \u00e9tat de l\u2019\u00e9quipement, cotations homog\u00e9n\u00e9is\u00e9es.<\/p>\n<p>99 nuances de granite&#8230;<\/p>\n<p>La vari\u00e9t\u00e9 des parois de l\u2019aiguille d\u2019Argenti\u00e8re et de ses satellites (Vierge,<br \/>\nPlateau, aiguille du Refuge, aiguille du G\u00e9n\u00e9pi, Gardes, Minarets, Tour<br \/>\nJaune\u2026) poss\u00e8dent des itin\u00e9raires vari\u00e9s tant par leur difficult\u00e9 que par leur<br \/>\ncaract\u00e8re : fissures, dalles ou ar\u00eates, itin\u00e9raires ludiques ou bien sportifs<br \/>\net d\u2019ampleur\u2026<\/p>\n<p>Charlet- Straton, Lower Butress<br \/>\nThe Vierge<br \/>\nPlateau du Jardin<br \/>\nRabouin<br \/>\nAiguille du Refuge<br \/>\nAguille du Genepi<br \/>\nJardin Ridge<br \/>\nPlateau &amp; Gardes<br \/>\nMinaret<br \/>\nTour Jaune<br \/>\nPoint Claudine<br \/>\nAmethystes<br \/>\nPyramide<br \/>\nPointe JMC<br \/>\nBayere &#8211; Pic Sans Nom<\/p>","protected":false},"excerpt":{"rendered":"<p>Le massif du Mont-Blanc est l\u2019un des terrains de jeux les plus r\u00e9put\u00e9s pour l\u2019escalade sur granite. Les grimpeurs du monde entier viennent y parcourir les centaines d\u2019itin\u00e9raires trac\u00e9s sur un rocher Parfait entour\u00e9 d\u2019un d\u00e9cor grandiose. Ce premier tome de la collection MONT-BLANC GRANITE pr\u00e9sente les plus belles voies rocheuses du bassin d\u2019Argenti\u00e8re avec [&#8230;]\n","protected":false},"featured_media":163030,"template":"","meta":[],"product_brand":[],"product_cat":[21539],"product_tag":[],"class_list":{"0":"post-146571","1":"product","2":"type-product","3":"status-publish","4":"has-post-thumbnail","6":"product_cat-fuehrerliteratur-sportklettern-bouldern","7":"pa_autor-damilano-desecures-laurent","8":"pa_erscheinungsjahr-21571","9":"pa_region-frankreich","10":"pa_sprache-fr","12":"first","13":"instock","14":"taxable","15":"shipping-taxable","16":"purchasable","17":"product-type-simple"},"_links":{"self":[{"href":"https:\/\/pizbube.ch\/en\/wp-json\/wp\/v2\/product\/146571","targetHints":{"allow":["GET"]}}],"collection":[{"href":"https:\/\/pizbube.ch\/en\/wp-json\/wp\/v2\/product"}],"about":[{"href":"https:\/\/pizbube.ch\/en\/wp-json\/wp\/v2\/types\/product"}],"wp:featuredmedia":[{"embeddable":true,"href":"https:\/\/pizbube.ch\/en\/wp-json\/wp\/v2\/media\/163030"}],"wp:attachment":[{"href":"https:\/\/pizbube.ch\/en\/wp-json\/wp\/v2\/media?parent=146571"}],"wp:term":[{"taxonomy":"product_brand","embeddable":true,"href":"https:\/\/pizbube.ch\/en\/wp-json\/wp\/v2\/product_brand?post=146571"},{"taxonomy":"product_cat","embeddable":true,"href":"https:\/\/pizbube.ch\/en\/wp-json\/wp\/v2\/product_cat?post=146571"},{"taxonomy":"product_tag","embeddable":true,"href":"https:\/\/pizbube.ch\/en\/wp-json\/wp\/v2\/product_tag?post=146571"}],"curies":[{"name":"wp","href":"https:\/\/api.w.org\/{rel}","templated":true}]}}