{"id":146575,"date":"2021-01-15T10:53:54","date_gmt":"2021-01-15T10:53:54","guid":{"rendered":"https:\/\/codengine3.ch\/?product=import-placeholder-for-207462"},"modified":"2025-11-26T09:39:44","modified_gmt":"2025-11-26T08:39:44","slug":"mont-blanc-granite-les-plus-belles-voies-descalade-tome-3-charpoua-talefre-leschaux","status":"publish","type":"product","link":"https:\/\/pizbube.ch\/en\/shop\/mont-blanc-granite-les-plus-belles-voies-descalade-tome-3-charpoua-talefre-leschaux\/","title":{"rendered":"Mont-Blanc GRANITE, les plus belles voies d\u2019escalade &#8211; tome 3 : Charpoua \u2013 Tal\u00e8fre \u2013 Leschaux"},"content":{"rendered":"<p>Ce troisi\u00e8me tome de la collection MONT-BLANC GRANITE met au go\u00fbt du jour les<br \/>\nplus belles voies d\u2019escalade des bassins dominant la rive droite de la mer de<br \/>\nGlace : Charpoua \u2013 Tal\u00e8fre \u2013 Leschaux.<\/p>\n<p>Reconnue pour ses grandes voies alpines, cette partie du massif du Mont-Blanc<br \/>\noffre \u00e9galement un potentiel extraordinaire pour le grimpeur amateur de<br \/>\ngranite.<br \/>\nConcentr\u00e9 de grimpe&#8230;<\/p>\n<p>Qualit\u00e9 du rocher, \u00e9l\u00e9gance des itin\u00e9raires, ampleur des parois, paysages<br \/>\nexceptionnels : autant d\u2019arguments qui expliquent le succ\u00e8s grandissant de ces<br \/>\n\u00ab falaises d\u2019altitude \u00bb.<\/p>\n<p>Des Flammes de Pierre aux Drus, du Moine \u00e0 l\u2019aiguille de Pierre Joseph, de<br \/>\nl\u2019aiguille de Leschaux aux Petites Jorasses, ce sont 100 itin\u00e9raires qui sont<br \/>\nd\u00e9crits et trac\u00e9s sur photos.<\/p>\n<p>Camp de base id\u00e9al, chaque bassin est desservi par un refuge de caract\u00e8re \u00e0<br \/>\nl\u2019emplacement strat\u00e9gique.<\/p>","protected":false},"excerpt":{"rendered":"<p>Ce troisi\u00e8me tome de la collection MONT-BLANC GRANITE met au go\u00fbt du jour les plus belles voies d\u2019escalade des bassins dominant la rive droite de la mer de Glace : Charpoua \u2013 Tal\u00e8fre \u2013 Leschaux. Reconnue pour ses grandes voies alpines, cette partie du massif du Mont-Blanc offre \u00e9galement un potentiel extraordinaire pour le grimpeur [&#8230;]\n","protected":false},"featured_media":182279,"template":"","meta":[],"product_brand":[],"product_cat":[21539],"product_tag":[],"class_list":{"0":"post-146575","1":"product","2":"type-product","3":"status-publish","4":"has-post-thumbnail","6":"product_cat-fuehrerliteratur-sportklettern-bouldern","7":"pa_autor-damilano-desecures-laurent","8":"pa_erscheinungsjahr-21586","9":"pa_region-frankreich","10":"pa_sprache-fr","12":"first","13":"instock","14":"taxable","15":"shipping-taxable","16":"purchasable","17":"product-type-simple"},"_links":{"self":[{"href":"https:\/\/pizbube.ch\/en\/wp-json\/wp\/v2\/product\/146575","targetHints":{"allow":["GET"]}}],"collection":[{"href":"https:\/\/pizbube.ch\/en\/wp-json\/wp\/v2\/product"}],"about":[{"href":"https:\/\/pizbube.ch\/en\/wp-json\/wp\/v2\/types\/product"}],"wp:featuredmedia":[{"embeddable":true,"href":"https:\/\/pizbube.ch\/en\/wp-json\/wp\/v2\/media\/182279"}],"wp:attachment":[{"href":"https:\/\/pizbube.ch\/en\/wp-json\/wp\/v2\/media?parent=146575"}],"wp:term":[{"taxonomy":"product_brand","embeddable":true,"href":"https:\/\/pizbube.ch\/en\/wp-json\/wp\/v2\/product_brand?post=146575"},{"taxonomy":"product_cat","embeddable":true,"href":"https:\/\/pizbube.ch\/en\/wp-json\/wp\/v2\/product_cat?post=146575"},{"taxonomy":"product_tag","embeddable":true,"href":"https:\/\/pizbube.ch\/en\/wp-json\/wp\/v2\/product_tag?post=146575"}],"curies":[{"name":"wp","href":"https:\/\/api.w.org\/{rel}","templated":true}]}}