{"id":146578,"date":"2021-01-15T10:53:54","date_gmt":"2021-01-15T10:53:54","guid":{"rendered":"https:\/\/codengine3.ch\/?product=import-placeholder-for-205357"},"modified":"2021-01-15T14:40:36","modified_gmt":"2021-01-15T14:40:36","slug":"messners-alpen-faszination-und-zukunft-der-alpen-dvd","status":"publish","type":"product","link":"https:\/\/pizbube.ch\/en\/shop\/messners-alpen-faszination-und-zukunft-der-alpen-dvd\/","title":{"rendered":"Messners Alpen &#8211; Faszination und Zukunft der Alpen DVD"},"content":{"rendered":"<p>Bergsteigerlegende Reinhold Messner startete im Juni 2006 mit seinem Filmteam<br \/>\netappenweise durch die Alpen: von \u00d6sterreich nach S\u00fcdtirol, durch die Schweiz<br \/>\nzu Gotthard und durch die wilden Westalpen bis zum Mont Blanc. Ausger\u00fcstet mit<br \/>\nzwei HD-Kameras und einem Cineflex-Kamarastabilisierungssystem f\u00fcr Filmfl\u00fcge<br \/>\nfingen sie den alpinen Lebensraum mit all seinen Facetten in atemberaubend<br \/>\nsch\u00f6nen Bildern ein.<br \/>\nNeben der faszinierenden Natur widmete sich Messner aber auch den Menschen<br \/>\nseiner Heimat, sprach mit Bauern, Bergsteigern, Architekten und Snowboardern<br \/>\n\u00fcber das Leben und \u00dcberleben in einer weltweit einzigartigen Kulturlandschaft.  <\/p>","protected":false},"excerpt":{"rendered":"<p>Bergsteigerlegende Reinhold Messner startete im Juni 2006 mit seinem Filmteam etappenweise durch die Alpen: von \u00d6sterreich nach S\u00fcdtirol, durch die Schweiz zu Gotthard und durch die wilden Westalpen bis zum Mont Blanc. Ausger\u00fcstet mit zwei HD-Kameras und einem Cineflex-Kamarastabilisierungssystem f\u00fcr Filmfl\u00fcge fingen sie den alpinen Lebensraum mit all seinen Facetten in atemberaubend sch\u00f6nen Bildern ein. [&#8230;]\n","protected":false},"featured_media":34035,"template":"","meta":[],"product_brand":[],"product_cat":[21628],"product_tag":[],"class_list":{"0":"post-146578","1":"product","2":"type-product","3":"status-publish","4":"has-post-thumbnail","6":"product_cat-video-dvd-multimedia","7":"pa_autor-habersack","8":"pa_erscheinungsjahr-21591","9":"pa_region-italien","10":"pa_sprache-de","12":"first","13":"instock","14":"taxable","15":"shipping-taxable","16":"purchasable","17":"product-type-simple"},"_links":{"self":[{"href":"https:\/\/pizbube.ch\/en\/wp-json\/wp\/v2\/product\/146578","targetHints":{"allow":["GET"]}}],"collection":[{"href":"https:\/\/pizbube.ch\/en\/wp-json\/wp\/v2\/product"}],"about":[{"href":"https:\/\/pizbube.ch\/en\/wp-json\/wp\/v2\/types\/product"}],"wp:featuredmedia":[{"embeddable":true,"href":"https:\/\/pizbube.ch\/en\/wp-json\/wp\/v2\/media\/34035"}],"wp:attachment":[{"href":"https:\/\/pizbube.ch\/en\/wp-json\/wp\/v2\/media?parent=146578"}],"wp:term":[{"taxonomy":"product_brand","embeddable":true,"href":"https:\/\/pizbube.ch\/en\/wp-json\/wp\/v2\/product_brand?post=146578"},{"taxonomy":"product_cat","embeddable":true,"href":"https:\/\/pizbube.ch\/en\/wp-json\/wp\/v2\/product_cat?post=146578"},{"taxonomy":"product_tag","embeddable":true,"href":"https:\/\/pizbube.ch\/en\/wp-json\/wp\/v2\/product_tag?post=146578"}],"curies":[{"name":"wp","href":"https:\/\/api.w.org\/{rel}","templated":true}]}}