{"id":146579,"date":"2021-01-15T10:53:54","date_gmt":"2021-01-15T10:53:54","guid":{"rendered":"https:\/\/codengine3.ch\/?product=import-placeholder-for-204475"},"modified":"2021-01-15T14:33:34","modified_gmt":"2021-01-15T14:33:34","slug":"ueber-die-alpen","status":"publish","type":"product","link":"https:\/\/pizbube.ch\/en\/shop\/ueber-die-alpen\/","title":{"rendered":"\u00dcber die Alpen"},"content":{"rendered":"<p>Digitale Wander-, Skitouren- und Fahrradkarte \u00fcber die Alpen &#8211; von M\u00fcnchen bis<br \/>\nzum Gardasee und vom Bodensee bis zum Salzkammergut 3D<\/p>\n<p>Fliege mit der KOMPASS-DVD in 3D \u00fcber die Alpen und plane deine Tour gem\u00fctlich<br \/>\nzu Hause am PC. Zoomm\u00f6glichkeit bis zu einem Detailma\u00dfstab von unter 1:20.000<br \/>\nmachen es leicht: Mit der KOMPASS-DVD \u00dcber die Alpen 3D einfach eine<br \/>\nindividuelle Tour zeichnen, das H\u00f6henprofil automatisch erstellen und die Tour<br \/>\nals GPX-Track exportieren.  <\/p>\n<p>Alle Tracks, Wegpunkte und das Kartenmaterial lassen sich auf einfache Weise<br \/>\nauf GPS-Ger\u00e4te, beispielsweise aktuelle Outdoor-Ger\u00e4te von GARMIN mit<br \/>\nRasterkartenf\u00e4higkeit oder TEASI \u00fcbertragen. \u00dcber unsere KOMPASS-Karten App<br \/>\nf\u00fcr iPhone und Android k\u00f6nnen GPX-Track und Kartografie nat\u00fcrlich kostenlos,<br \/>\nauch offline auf dem Smartphone verwendet werden. Und wer es lieber analog<br \/>\nmag, der druckt sich die gew\u00fcnschten Kartenausschnitte einfach aus und wandert<br \/>\ntraditionell mit der Karte in der Hand ins hautnahe Vergn\u00fcgen.  <\/p>\n<p>Ob zu Fu\u00df oder mit dem Rad, ob von M\u00fcnchen bis zum Gardasee oder vom Bodensee<br \/>\nbis ins Salzkammergut \u2013 die KOMPASS-DVD \u00dcber die Alpen 3D verbindet die<br \/>\nbew\u00e4hrte Outdoor Kartografie von KOMPASS-Karten mit einer Software zum<br \/>\nTourenplanen und dem zus\u00e4tzlichen Feature der 3D-Ansicht, welches auch bei<br \/>\nNicht-Kartenprofis einen beeindruckenden ersten Eindruck des Gel\u00e4ndes erzeugt.<br \/>\nDie integrierte Suchfunktion von Orten, Gipfeln und H\u00fctten erleichtert die<br \/>\nOrientierung und so das Planen der ganz individuellen Tour.<br \/>\n\u2022 Touren planen (GPX Import und Export m\u00f6glich)<br \/>\n\u2022 3D \u00fcber die Karte fliegen<br \/>\n\u2022 Automatisches H\u00f6henprofil<br \/>\n\u2022 Karten ausdrucken<br \/>\n\u2022 Einfache Suchfunktionen \u2013 z.B. nach Orten, H\u00fctten oder Gipfeln<br \/>\n\u2022 Kartenexport auf GARMIN und TEASI<br \/>\n\u2022 Kostenlose Kartenverwendung in der KOMPASS-App (iPhone und Android)<\/p>\n<p>Systemvoraussetzungen:<br \/>\nHardware<br \/>\n\u2022 PC Pentium III und h\u00f6her<br \/>\n\u2022 3D-Grafikkarte mit 32 MB und \u201eTrue color\u201c \u2013Farbaufl\u00f6sung<br \/>\n\u2022 Mindestens 512 MB Arbeitsspeicher, empfohlen 1024 MB<br \/>\n\u2022 Microsoft DirectX 9.0 oder h\u00f6her (ab Windows XP bereits Standard)<\/p>\n<p>Betriebssysteme<br \/>\nWindows 2000, XP, Vista, 7 und 8.<\/p>","protected":false},"excerpt":{"rendered":"<ul>\n<li><b>INFO: Vergriffen, keine Neuauflage\/Nachdruck<b><\/li>\n<\/ul>","protected":false},"featured_media":32397,"template":"","meta":[],"product_brand":[],"product_cat":[21543],"product_tag":[],"class_list":{"0":"post-146579","1":"product","2":"type-product","3":"status-publish","4":"has-post-thumbnail","6":"product_cat-landkarten","7":"pa_autor-kompass","8":"pa_erscheinungsjahr-21550","9":"pa_region-oesterreich","10":"pa_sprache-de","12":"first","13":"outofstock","14":"taxable","15":"shipping-taxable","16":"purchasable","17":"product-type-simple"},"_links":{"self":[{"href":"https:\/\/pizbube.ch\/en\/wp-json\/wp\/v2\/product\/146579","targetHints":{"allow":["GET"]}}],"collection":[{"href":"https:\/\/pizbube.ch\/en\/wp-json\/wp\/v2\/product"}],"about":[{"href":"https:\/\/pizbube.ch\/en\/wp-json\/wp\/v2\/types\/product"}],"wp:featuredmedia":[{"embeddable":true,"href":"https:\/\/pizbube.ch\/en\/wp-json\/wp\/v2\/media\/32397"}],"wp:attachment":[{"href":"https:\/\/pizbube.ch\/en\/wp-json\/wp\/v2\/media?parent=146579"}],"wp:term":[{"taxonomy":"product_brand","embeddable":true,"href":"https:\/\/pizbube.ch\/en\/wp-json\/wp\/v2\/product_brand?post=146579"},{"taxonomy":"product_cat","embeddable":true,"href":"https:\/\/pizbube.ch\/en\/wp-json\/wp\/v2\/product_cat?post=146579"},{"taxonomy":"product_tag","embeddable":true,"href":"https:\/\/pizbube.ch\/en\/wp-json\/wp\/v2\/product_tag?post=146579"}],"curies":[{"name":"wp","href":"https:\/\/api.w.org\/{rel}","templated":true}]}}