{"id":146580,"date":"2021-01-15T10:53:54","date_gmt":"2021-01-15T10:53:54","guid":{"rendered":"https:\/\/codengine3.ch\/?product=import-placeholder-for-206293"},"modified":"2021-01-15T14:47:54","modified_gmt":"2021-01-15T14:47:54","slug":"die-alpen-4","status":"publish","type":"product","link":"https:\/\/pizbube.ch\/en\/shop\/die-alpen-4\/","title":{"rendered":"Die Alpen"},"content":{"rendered":"<p>Die Alpen hautnah erleben: Dieser im wahrsten Sinne des Wortes gewichtige<br \/>\nBildband, der unter der Schirmherrschaft der UNESCO entstand, zeigt die Alpen<br \/>\nin beeindruckenden neuen Panorama-Fotos aus der Luft. 250 exzellente<br \/>\nAufnahmen, davon 200 auf Doppelseiten, portr\u00e4tieren die gesamte Alpenregion.  <\/p>\n<p>Der Bergsteiger, Pilot und Profi-Fotograf Matevz Lenarcic hat die 1200<br \/>\nKilometer zwischen Monaco und Wien vom Ultraleichtflugzeug aus in<br \/>\natemberaubenden Luftaufnahmen eingefangen und zeigt dabei die Vielfalt dieser<br \/>\nRegion: den Seenreichtum der Ostalpen, die beeindruckende Gebirgskette der<br \/>\nHohen Tauern, die schroffen Felsen des Karwendel, die imposanten Gletscher des<br \/>\nWallis, die Gebirgsk\u00e4mme der Dolomiten und die Schluchten der Gorges du<br \/>\nVerdon.  <\/p>\n<p>Vervollst\u00e4ndigt wird dieses Portr\u00e4t durch \u00e4u\u00dferst informative Textbeitr\u00e4ge<br \/>\nverschiedener Experten zur Bedeutung der Alpen als Wasserreservoir, als<br \/>\nLebensraum f\u00fcr eine riesige Vielfalt von Pflanzen und Tieren, zu den<br \/>\nAuswirkungen der Klimaerw\u00e4rmung, zum alpinen Tourismus und den Folgen. Sie<br \/>\nerl\u00e4utern das spannende Zusammenspiel zwischen Bev\u00f6lkerung und Naturraum und<br \/>\nzeigen auf, wie eine nachhaltige Nutzung des Alpenraums ein harmonisches<br \/>\nMiteinander von Mensch und Natur gew\u00e4hrleisten kann.  <\/p>\n<p>Dieses einzigartige Werk zieht den Leser in den Bann der faszinierenden<br \/>\nBergwelt und nimmt ihn mit auf den Flug vom Allg\u00e4u bis zur Cote d\u2019Azur und von<br \/>\nden franz\u00f6sischen Alpen bis weit in den Osten.  <\/p>","protected":false},"excerpt":{"rendered":"<ul>\n<li><b>INFO: Vergriffen, keine Neuauflage <b><\/li>\n<\/ul>","protected":false},"featured_media":35281,"template":"","meta":[],"product_brand":[],"product_cat":[21542],"product_tag":[],"class_list":{"0":"post-146580","1":"product","2":"type-product","3":"status-publish","4":"has-post-thumbnail","6":"product_cat-sachbuecher-dokumentationen","7":"pa_autor-lenarcic","8":"pa_erscheinungsjahr-21830","9":"pa_region-schweiz","10":"pa_sprache-de","12":"first","13":"outofstock","14":"taxable","15":"shipping-taxable","16":"purchasable","17":"product-type-simple"},"_links":{"self":[{"href":"https:\/\/pizbube.ch\/en\/wp-json\/wp\/v2\/product\/146580","targetHints":{"allow":["GET"]}}],"collection":[{"href":"https:\/\/pizbube.ch\/en\/wp-json\/wp\/v2\/product"}],"about":[{"href":"https:\/\/pizbube.ch\/en\/wp-json\/wp\/v2\/types\/product"}],"wp:featuredmedia":[{"embeddable":true,"href":"https:\/\/pizbube.ch\/en\/wp-json\/wp\/v2\/media\/35281"}],"wp:attachment":[{"href":"https:\/\/pizbube.ch\/en\/wp-json\/wp\/v2\/media?parent=146580"}],"wp:term":[{"taxonomy":"product_brand","embeddable":true,"href":"https:\/\/pizbube.ch\/en\/wp-json\/wp\/v2\/product_brand?post=146580"},{"taxonomy":"product_cat","embeddable":true,"href":"https:\/\/pizbube.ch\/en\/wp-json\/wp\/v2\/product_cat?post=146580"},{"taxonomy":"product_tag","embeddable":true,"href":"https:\/\/pizbube.ch\/en\/wp-json\/wp\/v2\/product_tag?post=146580"}],"curies":[{"name":"wp","href":"https:\/\/api.w.org\/{rel}","templated":true}]}}