{"id":146581,"date":"2021-01-15T10:53:54","date_gmt":"2021-01-15T10:53:54","guid":{"rendered":"https:\/\/codengine3.ch\/?product=import-placeholder-for-205088"},"modified":"2021-01-15T14:38:34","modified_gmt":"2021-01-15T14:38:34","slug":"wir-alpen-menschen-gestalten-zukunft-alpenreport-3","status":"publish","type":"product","link":"https:\/\/pizbube.ch\/en\/shop\/wir-alpen-menschen-gestalten-zukunft-alpenreport-3\/","title":{"rendered":"Wir Alpen! Menschen gestalten Zukunft Alpenreport 3"},"content":{"rendered":"<p>3. Alpenreport  <\/p>\n<p>&#8218;Wir Alpen!&#8216; erz\u00e4hlt von einem Aufbruch. Von Menschen, die Zukunft gestalten.<br \/>\nVon Initiativen, die die Vision einer nachhaltigen Entwicklung mit Leben<br \/>\nerf\u00fcllen. Von einem der gro\u00dfen und bedeutenden Natur- und Kulturr\u00e4ume in<br \/>\nMitteleuropa, den Alpen.<br \/>\nDie Alpen sind ein empfindliches \u00d6kosystem. Die Bedrohungen sind bekannt:<br \/>\nSt\u00e4dte und D\u00f6rfer, die sich in die Landschaft fressen &#8211; vom Skisport<br \/>\ngeschundene Bergh\u00e4nge &#8211; D\u00f6rfer, die von ihren Bewohnern verlassen werden, weil<br \/>\ndiese ihr Gl\u00fcck anderswo suchen &#8211; Gletscher auf dem R\u00fcckzug aufgrund des<br \/>\nKlimawandels &#8211; Blechlawinen, die sich durch enge T\u00e4ler winden.<br \/>\nDiese Probleme sind weder neu noch unl\u00f6sbar. Das haben viele engagierte<br \/>\nMenschen in den Alpen verstanden. Auf sie konzentriert sich dieser 3.<br \/>\nAlpenreport.<br \/>\nDer erste Teil beschreibt in Form von Reportagen 15 beispielhafte,<br \/>\nzukunftsweisende Projekte aus verschiedenen L\u00e4ndern des europ\u00e4ischen<br \/>\nAlpenbogens. Es geht dabei um Regionalwirtschaft, Schutzgebiete, Tourismus,<br \/>\nVerkehr, Soziales und Kulturelles, regionales Handwerk sowie Politik im Gro\u00dfen<br \/>\nund im Kleinen.<br \/>\nDer zweite Teil liefert den wissenschaftlichen Hintergrund und zeigt, wie die<br \/>\npraktischen Beispiele sich in eine zukunftsweisende Entwicklung der<br \/>\neurop\u00e4ischen Region Alpen einordnen.<br \/>\n&#8218;Wir Alpen!&#8216; handelt von Menschen und Initiativen in den Alpen, die heute<br \/>\nschon zeigen, wie umwelt- und sozialvertr\u00e4gliche Entwicklung morgen aussehen<br \/>\nkann.<br \/>\n304 Seiten \/ zahlreiche Abbildungen, Grafiken und Tabellen  <\/p>","protected":false},"excerpt":{"rendered":"<p>3. Alpenreport &#8218;Wir Alpen!&#8216; erz\u00e4hlt von einem Aufbruch. Von Menschen, die Zukunft gestalten. Von Initiativen, die die Vision einer nachhaltigen Entwicklung mit Leben erf\u00fcllen. Von einem der gro\u00dfen und bedeutenden Natur- und Kulturr\u00e4ume in Mitteleuropa, den Alpen. Die Alpen sind ein empfindliches \u00d6kosystem. Die Bedrohungen sind bekannt: St\u00e4dte und D\u00f6rfer, die sich in die Landschaft [&#8230;]\n","protected":false},"featured_media":33688,"template":"","meta":[],"product_brand":[],"product_cat":[21542],"product_tag":[],"class_list":{"0":"post-146581","1":"product","2":"type-product","3":"status-publish","4":"has-post-thumbnail","6":"product_cat-sachbuecher-dokumentationen","7":"pa_autor-cipra","8":"pa_erscheinungsjahr-21842","9":"pa_region-schweiz","10":"pa_sprache-de","12":"first","13":"instock","14":"taxable","15":"shipping-taxable","16":"purchasable","17":"product-type-simple"},"_links":{"self":[{"href":"https:\/\/pizbube.ch\/en\/wp-json\/wp\/v2\/product\/146581","targetHints":{"allow":["GET"]}}],"collection":[{"href":"https:\/\/pizbube.ch\/en\/wp-json\/wp\/v2\/product"}],"about":[{"href":"https:\/\/pizbube.ch\/en\/wp-json\/wp\/v2\/types\/product"}],"wp:featuredmedia":[{"embeddable":true,"href":"https:\/\/pizbube.ch\/en\/wp-json\/wp\/v2\/media\/33688"}],"wp:attachment":[{"href":"https:\/\/pizbube.ch\/en\/wp-json\/wp\/v2\/media?parent=146581"}],"wp:term":[{"taxonomy":"product_brand","embeddable":true,"href":"https:\/\/pizbube.ch\/en\/wp-json\/wp\/v2\/product_brand?post=146581"},{"taxonomy":"product_cat","embeddable":true,"href":"https:\/\/pizbube.ch\/en\/wp-json\/wp\/v2\/product_cat?post=146581"},{"taxonomy":"product_tag","embeddable":true,"href":"https:\/\/pizbube.ch\/en\/wp-json\/wp\/v2\/product_tag?post=146581"}],"curies":[{"name":"wp","href":"https:\/\/api.w.org\/{rel}","templated":true}]}}