{"id":146583,"date":"2021-01-15T10:53:54","date_gmt":"2021-01-15T10:53:54","guid":{"rendered":"https:\/\/codengine3.ch\/?product=import-placeholder-for-200182"},"modified":"2021-01-15T10:55:06","modified_gmt":"2021-01-15T10:55:06","slug":"ueber-den-wolken-leben-in-den-bergen","status":"publish","type":"product","link":"https:\/\/pizbube.ch\/en\/shop\/ueber-den-wolken-leben-in-den-bergen\/","title":{"rendered":"\u00dcber den Wolken &#8211; Leben in den Bergen"},"content":{"rendered":"<p>ROCKY MOUNTAINS \/ HIMALAYA \/ ANDEN<\/p>\n<p>Sie sind majest\u00e4tisch, wundersch\u00f6n und beeindruckend. Sie provozieren Staunen<br \/>\nund Angst, denn das Leben in der H\u00f6he ist hart. Die Bergbewohner m\u00fcssen mit<br \/>\nK\u00e4lte, d\u00fcnner Luft und dramatischen Wetterver\u00e4nderungen fertig werden.<\/p>\n<p>Diese Dokumentation begleitet in drei Teilen die Tiere, die an diesen wilden<br \/>\nOrten zu Hause sind. Wie \u00fcberlebt ein Yak im Himalaja? Wie ver\u00e4ndert sich das<br \/>\nLeben in den riesigen Weiten der Anden? Und wie werden Grizzlyb\u00e4ren und Pumas<br \/>\nmit den gewaltigen Wechseln der Jahreszeiten in den Rocky Mountains fertig?<\/p>\n<p>In sch\u00f6nen und atemberaubenden Bildern bringen diese Filme das unglaubliche<br \/>\nAusma\u00df dieser Berge auf die Leinwand.<\/p>\n<p>FilmDVD Video150 Min.<br \/>\nDeutsch<\/p>","protected":false},"excerpt":{"rendered":"<ul>\n<li><a href=\"https:\/\/youtu.be\/BbgKzUmVo2A\" target=\"_blank\" rel=\"noopener\">Video: TRAILER \u00dcber den Wolken<\/a><\/li>\n<\/ul>","protected":false},"featured_media":26146,"template":"","meta":[],"product_brand":[],"product_cat":[21628],"product_tag":[],"class_list":{"0":"post-146583","1":"product","2":"type-product","3":"status-publish","4":"has-post-thumbnail","6":"product_cat-video-dvd-multimedia","7":"pa_autor-bbc","8":"pa_erscheinungsjahr-21546","9":"pa_region-uebrigers-europa","10":"pa_sprache-de","12":"first","13":"instock","14":"taxable","15":"shipping-taxable","16":"purchasable","17":"product-type-simple"},"_links":{"self":[{"href":"https:\/\/pizbube.ch\/en\/wp-json\/wp\/v2\/product\/146583","targetHints":{"allow":["GET"]}}],"collection":[{"href":"https:\/\/pizbube.ch\/en\/wp-json\/wp\/v2\/product"}],"about":[{"href":"https:\/\/pizbube.ch\/en\/wp-json\/wp\/v2\/types\/product"}],"wp:featuredmedia":[{"embeddable":true,"href":"https:\/\/pizbube.ch\/en\/wp-json\/wp\/v2\/media\/26146"}],"wp:attachment":[{"href":"https:\/\/pizbube.ch\/en\/wp-json\/wp\/v2\/media?parent=146583"}],"wp:term":[{"taxonomy":"product_brand","embeddable":true,"href":"https:\/\/pizbube.ch\/en\/wp-json\/wp\/v2\/product_brand?post=146583"},{"taxonomy":"product_cat","embeddable":true,"href":"https:\/\/pizbube.ch\/en\/wp-json\/wp\/v2\/product_cat?post=146583"},{"taxonomy":"product_tag","embeddable":true,"href":"https:\/\/pizbube.ch\/en\/wp-json\/wp\/v2\/product_tag?post=146583"}],"curies":[{"name":"wp","href":"https:\/\/api.w.org\/{rel}","templated":true}]}}