{"id":146584,"date":"2021-01-15T10:53:54","date_gmt":"2021-01-15T10:53:54","guid":{"rendered":"https:\/\/codengine3.ch\/?product=import-placeholder-for-200070"},"modified":"2021-01-15T10:53:58","modified_gmt":"2021-01-15T10:53:58","slug":"wild-oder-der-letzte-trip-auf-erden","status":"publish","type":"product","link":"https:\/\/pizbube.ch\/en\/shop\/wild-oder-der-letzte-trip-auf-erden\/","title":{"rendered":"Wild &#8211; oder Der letzte Trip auf Erden"},"content":{"rendered":"<p>Die ber\u00fchmte Shackleton-Expedition in die Antarktis &#8211; erz\u00e4hlt wie nie zuvor:<br \/>\nIm Jahr 1914 bricht der englische Abenteurer Frank Wild zusammen mit dem<br \/>\nbedeutenden Polforscher Ernest Shackleton und 26 M\u00e4nnern zum \u00bbletzten Trip auf<br \/>\nErden\u00ab auf &#8211; sie wollen die Antarktis durchqueren. Ihr Schiff, die Endurance,<br \/>\naber wird vom Packeis zerst\u00f6rt, drei Monate driften sie auf einer Eisscholle<br \/>\nnordw\u00e4rts und retten sich schlie\u00dflich auf eine Insel, auf der sie nie jemand<br \/>\nfinden w\u00fcrde.<\/p>\n<p>W\u00e4hrend Shackleton aufbricht, um Hilfe zu holen, bleiben 22 M\u00e4nner unter der<br \/>\nF\u00fchrung von Frank Wild zur\u00fcck, in dauernder Dunkelheit und eisiger K\u00e4lte.<br \/>\nAllein durch seine Pers\u00f6nlichkeit erh\u00e4lt Wild in seinen M\u00e4nnern das Vertrauen<br \/>\nauf Rettung aufrecht &#8211; einen ganzen antarktischen Winter lang, dem schlimmsten<br \/>\nGef\u00e4ngnis der Welt. Es ist die wahre Geschichte \u00fcber die Wildnis und das, was<br \/>\nuns darin \u00fcberleben l\u00e4sst.<\/p>","protected":false},"excerpt":{"rendered":"<ul>\n<li><a href=\"https:\/\/pizbube.ch\/wp-content\/uploads\/attachments\/a_001\/06BB230708B38B3B7440886608CFB702.pdf\" target=\"_blank\" rel=\"noopener\">PDF: TEMPLATE PIZ Attachment > Dokument [KOPIE]<\/a><\/li>\n<\/ul>\n","protected":false},"featured_media":25847,"template":"","meta":[],"product_brand":[],"product_cat":[21542],"product_tag":[],"class_list":{"0":"post-146584","1":"product","2":"type-product","3":"status-publish","4":"has-post-thumbnail","6":"product_cat-sachbuecher-dokumentationen","7":"pa_autor-messner","8":"pa_erscheinungsjahr-21574","9":"pa_region-arktis-antarktis-groenland-island","10":"pa_sprache-de","12":"first","13":"instock","14":"taxable","15":"shipping-taxable","16":"purchasable","17":"product-type-simple"},"_links":{"self":[{"href":"https:\/\/pizbube.ch\/en\/wp-json\/wp\/v2\/product\/146584","targetHints":{"allow":["GET"]}}],"collection":[{"href":"https:\/\/pizbube.ch\/en\/wp-json\/wp\/v2\/product"}],"about":[{"href":"https:\/\/pizbube.ch\/en\/wp-json\/wp\/v2\/types\/product"}],"wp:featuredmedia":[{"embeddable":true,"href":"https:\/\/pizbube.ch\/en\/wp-json\/wp\/v2\/media\/25847"}],"wp:attachment":[{"href":"https:\/\/pizbube.ch\/en\/wp-json\/wp\/v2\/media?parent=146584"}],"wp:term":[{"taxonomy":"product_brand","embeddable":true,"href":"https:\/\/pizbube.ch\/en\/wp-json\/wp\/v2\/product_brand?post=146584"},{"taxonomy":"product_cat","embeddable":true,"href":"https:\/\/pizbube.ch\/en\/wp-json\/wp\/v2\/product_cat?post=146584"},{"taxonomy":"product_tag","embeddable":true,"href":"https:\/\/pizbube.ch\/en\/wp-json\/wp\/v2\/product_tag?post=146584"}],"curies":[{"name":"wp","href":"https:\/\/api.w.org\/{rel}","templated":true}]}}