{"id":146586,"date":"2021-01-15T10:53:54","date_gmt":"2021-01-15T10:53:54","guid":{"rendered":"https:\/\/codengine3.ch\/?product=import-placeholder-for-201557"},"modified":"2021-01-15T12:02:41","modified_gmt":"2021-01-15T12:02:41","slug":"die-endurance","status":"publish","type":"product","link":"https:\/\/pizbube.ch\/en\/shop\/die-endurance\/","title":{"rendered":"Die Endurance"},"content":{"rendered":"<p>Der Bericht \u00fcber die Shackleton-Expedition dokumentiert eines der gr\u00f6\u00dften<br \/>\nAbenteuer dieses Jahrhunderts. Ausgezeichnet als Wissenschaftsbuch des Jahres<br \/>\n1999.<br \/>\nIm August 1914, wenige Tage vor Ausbruch des Ersten Weltkrieges, stachen Sir<br \/>\nErnest Shackleton und seine Mannschaft auf der Endurance in See, um als erste<br \/>\nMenschen die Antarktis zu durchqueren. Sie waren ihrem Ziel bis auf 80 Meilen<br \/>\nnahe gekommen, als das Schiff vom Eis eingeschlossen und langsam zerdr\u00fcckt<br \/>\nwurde.  <\/p>\n<p>28 Mann, ohne Funk, blieben auf dem Packeis zur\u00fcck, mit einer hungrigen<br \/>\nHundemeute und zwei gro\u00dfen Rettungsbooten. Shackletons anschlie\u00dfende Fahrt<br \/>\n\u00fcber 1500 Seemeilen in einem offenen Boot auf st\u00fcrmischer See ist wohl die<br \/>\nspektakul\u00e4rste Rettungsaktion der Polargeschichte.<br \/>\n2. Auflg.<\/p>","protected":false},"excerpt":{"rendered":"<p>Der Bericht \u00fcber die Shackleton-Expedition dokumentiert eines der gr\u00f6\u00dften Abenteuer dieses Jahrhunderts. Ausgezeichnet als Wissenschaftsbuch des Jahres 1999. Im August 1914, wenige Tage vor Ausbruch des Ersten Weltkrieges, stachen Sir Ernest Shackleton und seine Mannschaft auf der Endurance in See, um als erste Menschen die Antarktis zu durchqueren. Sie waren ihrem Ziel bis auf 80 [&#8230;]\n","protected":false},"featured_media":28923,"template":"","meta":[],"product_brand":[],"product_cat":[21542],"product_tag":[],"class_list":{"0":"post-146586","1":"product","2":"type-product","3":"status-publish","4":"has-post-thumbnail","6":"product_cat-sachbuecher-dokumentationen","7":"pa_autor-alexander","8":"pa_erscheinungsjahr-21621","9":"pa_region-arktis-antarktis-groenland-island","10":"pa_sprache-de","12":"first","13":"instock","14":"taxable","15":"shipping-taxable","16":"purchasable","17":"product-type-simple"},"_links":{"self":[{"href":"https:\/\/pizbube.ch\/en\/wp-json\/wp\/v2\/product\/146586","targetHints":{"allow":["GET"]}}],"collection":[{"href":"https:\/\/pizbube.ch\/en\/wp-json\/wp\/v2\/product"}],"about":[{"href":"https:\/\/pizbube.ch\/en\/wp-json\/wp\/v2\/types\/product"}],"wp:featuredmedia":[{"embeddable":true,"href":"https:\/\/pizbube.ch\/en\/wp-json\/wp\/v2\/media\/28923"}],"wp:attachment":[{"href":"https:\/\/pizbube.ch\/en\/wp-json\/wp\/v2\/media?parent=146586"}],"wp:term":[{"taxonomy":"product_brand","embeddable":true,"href":"https:\/\/pizbube.ch\/en\/wp-json\/wp\/v2\/product_brand?post=146586"},{"taxonomy":"product_cat","embeddable":true,"href":"https:\/\/pizbube.ch\/en\/wp-json\/wp\/v2\/product_cat?post=146586"},{"taxonomy":"product_tag","embeddable":true,"href":"https:\/\/pizbube.ch\/en\/wp-json\/wp\/v2\/product_tag?post=146586"}],"curies":[{"name":"wp","href":"https:\/\/api.w.org\/{rel}","templated":true}]}}