{"id":146587,"date":"2021-01-15T10:53:54","date_gmt":"2021-01-15T10:53:54","guid":{"rendered":"https:\/\/codengine3.ch\/?product=import-placeholder-for-202532"},"modified":"2021-01-15T12:37:07","modified_gmt":"2021-01-15T12:37:07","slug":"nimrod","status":"publish","type":"product","link":"https:\/\/pizbube.ch\/en\/shop\/nimrod\/","title":{"rendered":"Nimrod"},"content":{"rendered":"<p>\nErnest Shackleton und die au\u00dfergew\u00f6hnliche Geschichte der S\u00fcdpolexpedition<br \/>\n1907-1909  <\/p>\n<p>Am Neujahrstag des Jahres 1908 brach das Schiff Nimrod zu einer Fahrt in die<br \/>\nnoch weitgehend unerforschte Antarktis auf. Ziel war das Erreichen des<br \/>\nS\u00fcdpols. Angef\u00fchrt wurde die kleine Expedition von Ernest Shackleton, der in<br \/>\nden folgenden eineinviertel Jahren einige der bedeutendsten Erfolge seiner<br \/>\nLaufbahn erringen sollte, ehe er und seine Gef\u00e4hrten schlie\u00dflich als Helden<br \/>\nzur\u00fcckkehrten. Shackleton und seine Mitstreiter hatten gegen extreme K\u00e4lte,<br \/>\nHunger, Gefahren aller Art und psychische Belastungen zu k\u00e4mpfen.<\/p>\n<p>Sie bestiegen den aktiven Vulkan Mount Erebus, hissten den Union Jack am<br \/>\nmagnetischen S\u00fcdpol und n\u00e4herten sich dem geographischen S\u00fcdpol immerhin bis<br \/>\nauf rund 150 Kilometer. In Beau Riffenburghs faszinierendem Bericht \u00fcber diese<br \/>\nExpedition haben etliche au\u00dfergew\u00f6hnliche Darsteller ihren Auftritt, neben<br \/>\nScott und Shackleton etwa Douglas Mawson, der sp\u00e4ter selbst zu einem der<br \/>\ngr\u00f6\u00dften Antarktis-Erforscher werden sollte, sowie die Antarktis-Pioniere<br \/>\nNansen und Amundsen. Nimrod ist die Geschichte eines gro\u00dfartigen Abenteuers<br \/>\nund zugleich einer Reise, die selbst f\u00fcr einen Mann wie Shackleton<br \/>\nunglaubliche Wendungen nahm.<\/p>","protected":false},"excerpt":{"rendered":"<p>Ernest Shackleton und die au\u00dfergew\u00f6hnliche Geschichte der S\u00fcdpolexpedition 1907-1909 Am Neujahrstag des Jahres 1908 brach das Schiff Nimrod zu einer Fahrt in die noch weitgehend unerforschte Antarktis auf. Ziel war das Erreichen des S\u00fcdpols. Angef\u00fchrt wurde die kleine Expedition von Ernest Shackleton, der in den folgenden eineinviertel Jahren einige der bedeutendsten Erfolge seiner Laufbahn erringen [&#8230;]\n","protected":false},"featured_media":29932,"template":"","meta":[],"product_brand":[],"product_cat":[21542],"product_tag":[],"class_list":{"0":"post-146587","1":"product","2":"type-product","3":"status-publish","4":"has-post-thumbnail","6":"product_cat-sachbuecher-dokumentationen","7":"pa_autor-riffenburg","8":"pa_erscheinungsjahr-21763","9":"pa_region-arktis-antarktis-groenland-island","10":"pa_sprache-de","12":"first","13":"outofstock","14":"taxable","15":"shipping-taxable","16":"purchasable","17":"product-type-simple"},"_links":{"self":[{"href":"https:\/\/pizbube.ch\/en\/wp-json\/wp\/v2\/product\/146587","targetHints":{"allow":["GET"]}}],"collection":[{"href":"https:\/\/pizbube.ch\/en\/wp-json\/wp\/v2\/product"}],"about":[{"href":"https:\/\/pizbube.ch\/en\/wp-json\/wp\/v2\/types\/product"}],"wp:featuredmedia":[{"embeddable":true,"href":"https:\/\/pizbube.ch\/en\/wp-json\/wp\/v2\/media\/29932"}],"wp:attachment":[{"href":"https:\/\/pizbube.ch\/en\/wp-json\/wp\/v2\/media?parent=146587"}],"wp:term":[{"taxonomy":"product_brand","embeddable":true,"href":"https:\/\/pizbube.ch\/en\/wp-json\/wp\/v2\/product_brand?post=146587"},{"taxonomy":"product_cat","embeddable":true,"href":"https:\/\/pizbube.ch\/en\/wp-json\/wp\/v2\/product_cat?post=146587"},{"taxonomy":"product_tag","embeddable":true,"href":"https:\/\/pizbube.ch\/en\/wp-json\/wp\/v2\/product_tag?post=146587"}],"curies":[{"name":"wp","href":"https:\/\/api.w.org\/{rel}","templated":true}]}}