{"id":146588,"date":"2021-01-15T10:53:54","date_gmt":"2021-01-15T10:53:54","guid":{"rendered":"https:\/\/codengine3.ch\/?product=import-placeholder-for-206638"},"modified":"2021-01-15T14:50:27","modified_gmt":"2021-01-15T14:50:27","slug":"ueberleben-in-extremsituationen","status":"publish","type":"product","link":"https:\/\/pizbube.ch\/en\/shop\/ueberleben-in-extremsituationen\/","title":{"rendered":"\u00dcberleben in Extremsituationen"},"content":{"rendered":"<p>Das Ph\u00e4nomen des Dritten Manns  <\/p>\n<p>Totgeglaubte Polarfahrer, Segler in Seenot und verungl\u00fcckte Bergsteiger, die<br \/>\nwie durch ein Wunder \u00fcberlebten. Die einen nennen es Gottes Willen oder<br \/>\nInstinkt, f\u00fcr andere ist es die innere Stimme, die Menschen in<br \/>\nExtremsituationen durchhalten l\u00e4sst. Seit Ernest Shackleton berichten<br \/>\n\u00dcberlebende immer wieder von einer fast physisch sp\u00fcrbaren Pr\u00e4senz, die ihnen<br \/>\nden Ausweg aus der Gefahr &#8218;diktierte&#8216;. Jahrelang hat John Geiger zu diesem<br \/>\nPh\u00e4nomen geforscht, jetzt dokumentiert er in seinen packenden Berichten, was<br \/>\nsich hinter Instinkt und Schutzengeln tats\u00e4chlich verbirgt.  <\/p>\n<p>Packend wie in einem Krimi dokumentiert John Geiger, was sich hinter Instinkt<br \/>\nund Schutzengel tats\u00e4chlich verbirgt. Geiger gibt auf das scheinbar<br \/>\nUnerkl\u00e4rliche schl\u00fcssige Antworten aus Psychologie und Neurologie.  <\/p>","protected":false},"excerpt":{"rendered":"<p>Das Ph\u00e4nomen des Dritten Manns Totgeglaubte Polarfahrer, Segler in Seenot und verungl\u00fcckte Bergsteiger, die wie durch ein Wunder \u00fcberlebten. Die einen nennen es Gottes Willen oder Instinkt, f\u00fcr andere ist es die innere Stimme, die Menschen in Extremsituationen durchhalten l\u00e4sst. Seit Ernest Shackleton berichten \u00dcberlebende immer wieder von einer fast physisch sp\u00fcrbaren Pr\u00e4senz, die ihnen [&#8230;]\n","protected":false},"featured_media":35738,"template":"","meta":[],"product_brand":[],"product_cat":[21542],"product_tag":[],"class_list":{"0":"post-146588","1":"product","2":"type-product","3":"status-publish","4":"has-post-thumbnail","6":"product_cat-sachbuecher-dokumentationen","7":"pa_autor-geiger","8":"pa_erscheinungsjahr-21610","9":"pa_region-deutschland","10":"pa_sprache-de","12":"first","13":"outofstock","14":"taxable","15":"shipping-taxable","16":"purchasable","17":"product-type-simple"},"_links":{"self":[{"href":"https:\/\/pizbube.ch\/en\/wp-json\/wp\/v2\/product\/146588","targetHints":{"allow":["GET"]}}],"collection":[{"href":"https:\/\/pizbube.ch\/en\/wp-json\/wp\/v2\/product"}],"about":[{"href":"https:\/\/pizbube.ch\/en\/wp-json\/wp\/v2\/types\/product"}],"wp:featuredmedia":[{"embeddable":true,"href":"https:\/\/pizbube.ch\/en\/wp-json\/wp\/v2\/media\/35738"}],"wp:attachment":[{"href":"https:\/\/pizbube.ch\/en\/wp-json\/wp\/v2\/media?parent=146588"}],"wp:term":[{"taxonomy":"product_brand","embeddable":true,"href":"https:\/\/pizbube.ch\/en\/wp-json\/wp\/v2\/product_brand?post=146588"},{"taxonomy":"product_cat","embeddable":true,"href":"https:\/\/pizbube.ch\/en\/wp-json\/wp\/v2\/product_cat?post=146588"},{"taxonomy":"product_tag","embeddable":true,"href":"https:\/\/pizbube.ch\/en\/wp-json\/wp\/v2\/product_tag?post=146588"}],"curies":[{"name":"wp","href":"https:\/\/api.w.org\/{rel}","templated":true}]}}