{"id":146590,"date":"2021-01-15T10:53:54","date_gmt":"2021-01-15T10:53:54","guid":{"rendered":"https:\/\/codengine3.ch\/?product=import-placeholder-for-207405"},"modified":"2021-01-15T16:02:55","modified_gmt":"2021-01-15T16:02:55","slug":"antarctica-and-the-arctic-110000000","status":"publish","type":"product","link":"https:\/\/pizbube.ch\/en\/shop\/antarctica-and-the-arctic-110000000\/","title":{"rendered":"Antarctica and the Arctic 1:10&#8217;000&#8217;000"},"content":{"rendered":"<p>This double-sided topographic map provides an overview, and comparison, of<br \/>\nboth polar regions at the same scale and with the same geographical extent.<br \/>\nSmaller panels show seasonal sea-ice extent for both areas; Arctic climatic<br \/>\nand bio-geographical boundaries, and Antarctica\u2019s relationship to the other<br \/>\nsouthern continents.<\/p>\n<p>Side A: Antarctica. A topographic map of Antarctica, including: Coastline and<br \/>\nice shelves, bathymetry, ice\/rock limits, contours, key mountain summits and<br \/>\nhill-shaded terrain, and scientific research stations.<\/p>\n<p>Side B: The Arctic. A topographic map of the Arctic, including: Coastline:<br \/>\nbathymetry, contours, key mountain summits and hill-shaded terrain, major<br \/>\nrivers and lakes, and glaciers and ice caps. It also shows major towns,<br \/>\ntransport networks, airports and national boundaries.<\/p>\n<p>Limits 90\u00b0 S \u2013 60\u00b0 S and 90\u00b0 N \u2013 60\u00b0 N (all Antarctica south of 60\u00b0S and the<br \/>\nArctic north of 60\u00b0N).<br \/>\n10th edition 2015; British Antarctic Survey  <\/p>\n<p>Antarktis und die Arktis 1:10.000.000<br \/>\nTopographische Karte<br \/>\nDiese topographische Karten geben einen \u00dcberblick und Vergleich der beiden<br \/>\nPolarregionen im gleichen Ma\u00dfstab und gleichen geographischen Ausdehnung.<\/p>\n<p>Seite A: Antarktis. Eine topographische Karte der Antarktis, einschlie\u00dflich:<br \/>\nK\u00fcstenlinien und Eismassen, Topographie, Eis und Fels Grenzen, Konturen,<br \/>\nBerggipfel und wissenschaftliche Forschungsstationen.<\/p>\n<p>Seite B: Die Arktis. Eine topographische Karte der Arktis, einschlie\u00dflich:<br \/>\nK\u00fcstenlinien, Topgraphie, Konturen, Berggipfel, gro\u00dfen Seen, Gletschern und<br \/>\nEiskappen. Zus\u00e4tzlich noch mit gr\u00f6\u00dferen St\u00e4dten, Verkehrsnetz, Flugh\u00e4fen und<br \/>\nnationale Grenzen.<\/p>\n<p>Auflage 2015<br \/>\nFormat gefaltet: 18 x 24,5 cm, ge\u00f6ffnet: 90 x 73,5 cm<\/p>","protected":false},"excerpt":{"rendered":"<p>This double-sided topographic map provides an overview, and comparison, of both polar regions at the same scale and with the same geographical extent. Smaller panels show seasonal sea-ice extent for both areas; Arctic climatic and bio-geographical boundaries, and Antarctica\u2019s relationship to the other southern continents. Side A: Antarctica. A topographic map of Antarctica, including: Coastline [&#8230;]\n","protected":false},"featured_media":37380,"template":"","meta":[],"product_brand":[],"product_cat":[21543],"product_tag":[],"class_list":{"0":"post-146590","1":"product","2":"type-product","3":"status-publish","4":"has-post-thumbnail","6":"product_cat-landkarten","7":"pa_autor-bas","8":"pa_erscheinungsjahr-21597","9":"pa_region-arktis-antarktis-groenland-island","10":"pa_sprache-en","12":"first","13":"instock","14":"taxable","15":"shipping-taxable","16":"purchasable","17":"product-type-simple"},"_links":{"self":[{"href":"https:\/\/pizbube.ch\/en\/wp-json\/wp\/v2\/product\/146590","targetHints":{"allow":["GET"]}}],"collection":[{"href":"https:\/\/pizbube.ch\/en\/wp-json\/wp\/v2\/product"}],"about":[{"href":"https:\/\/pizbube.ch\/en\/wp-json\/wp\/v2\/types\/product"}],"wp:featuredmedia":[{"embeddable":true,"href":"https:\/\/pizbube.ch\/en\/wp-json\/wp\/v2\/media\/37380"}],"wp:attachment":[{"href":"https:\/\/pizbube.ch\/en\/wp-json\/wp\/v2\/media?parent=146590"}],"wp:term":[{"taxonomy":"product_brand","embeddable":true,"href":"https:\/\/pizbube.ch\/en\/wp-json\/wp\/v2\/product_brand?post=146590"},{"taxonomy":"product_cat","embeddable":true,"href":"https:\/\/pizbube.ch\/en\/wp-json\/wp\/v2\/product_cat?post=146590"},{"taxonomy":"product_tag","embeddable":true,"href":"https:\/\/pizbube.ch\/en\/wp-json\/wp\/v2\/product_tag?post=146590"}],"curies":[{"name":"wp","href":"https:\/\/api.w.org\/{rel}","templated":true}]}}