{"id":146596,"date":"2021-01-15T10:53:55","date_gmt":"2021-01-15T10:53:55","guid":{"rendered":"https:\/\/codengine3.ch\/?product=import-placeholder-for-206212"},"modified":"2021-01-15T14:47:15","modified_gmt":"2021-01-15T14:47:15","slug":"allgaeu-1","status":"publish","type":"product","link":"https:\/\/pizbube.ch\/en\/shop\/allgaeu-1\/","title":{"rendered":"Allg\u00e4u 1"},"content":{"rendered":"<p>Oberallg\u00e4u und Kleinwalsertal &#8211; 50 Touren  <\/p>\n<p>Das Oberallg\u00e4u z\u00e4hlt zu den beliebtesten und bekanntesten Ferienregionen<br \/>\nDeutschlands. Es ist eine von Wiesen und Almweiden gepr\u00e4gte, freie und sonnige<br \/>\nH\u00f6henlandschaft, die durch den Kontrast mit den imposanten Felskulissen von<br \/>\nHochvogel, M\u00e4delegabel und Widderstein ihren besonderen Reiz erh\u00e4lt.<br \/>\nDer verkehrsm\u00e4\u00dfig hervorragend erschlossene Oberstdorfer Raum erlaubt es dem<br \/>\nWanderer einerseits, verh\u00e4ltnism\u00e4\u00dfig hoch gelegene Ausgangspunkte f\u00fcr seine<br \/>\nTouren zu w\u00e4hlen, und andererseits, in den f\u00fcr den Verkehr gesperrten<br \/>\nGebirgst\u00e4lern &#8211; beispielsweise im Oytal oder in Ein\u00f6dsbach &#8211; in relativer Ruhe<br \/>\ndie herrliche Natur zu genie\u00dfen. Die beschriebenen Touren reichen von<br \/>\nbeschaulichen Talwanderungen \u00fcber aussichtsreiche H\u00f6henwege bis zu der<br \/>\neinfachen Besteigung des 2280 Meter hohen Gro\u00dfen Daumens. Bei der Auswahl der<br \/>\n50 hier pr\u00e4sentierten Wanderungen hat Dieter Seibert an den weniger ge\u00fcbten<br \/>\nBergwanderer gedacht; die meisten Touren eignen sich auch ideal f\u00fcr Familien<br \/>\nmit Kindern und \u00e4ltere Leute.<br \/>\nAlle Wanderungen werden mit einer \u00fcbersichtlichen Kurzinfo, einem K\u00e4rtchen im<br \/>\nMa\u00dfstab 1:50.000 mit eingezeichnetem Routenverlauf, einem H\u00f6henprofil sowie<br \/>\neiner kurz gefassten, aber dennoch gr\u00fcndlichen Wegbeschreibung vorgestellt.<br \/>\nZahlreiche Farbfotos stimmen auf die Touren ein.<br \/>\n10. Auflage 2012; 128 Seiten mit 75 Farbabbildungen,<br \/>\n50 Wanderk\u00e4rtchen im Ma\u00dfstab 1:50.000, 50 H\u00f6henprofile, eine \u00dcbersichtskarte  <\/p>","protected":false},"excerpt":{"rendered":"<p>Oberallg\u00e4u und Kleinwalsertal &#8211; 50 Touren Das Oberallg\u00e4u z\u00e4hlt zu den beliebtesten und bekanntesten Ferienregionen Deutschlands. Es ist eine von Wiesen und Almweiden gepr\u00e4gte, freie und sonnige H\u00f6henlandschaft, die durch den Kontrast mit den imposanten Felskulissen von Hochvogel, M\u00e4delegabel und Widderstein ihren besonderen Reiz erh\u00e4lt. Der verkehrsm\u00e4\u00dfig hervorragend erschlossene Oberstdorfer Raum erlaubt es dem Wanderer [&#8230;]\n","protected":false},"featured_media":35174,"template":"","meta":[],"product_brand":[],"product_cat":[21605],"product_tag":[],"class_list":{"0":"post-146596","1":"product","2":"type-product","3":"status-publish","4":"has-post-thumbnail","6":"product_cat-wanderfuehrer-trekking","7":"pa_autor-seibert","8":"pa_erscheinungsjahr-21621","9":"pa_region-deutschland","10":"pa_sprache-de","12":"first","13":"instock","14":"taxable","15":"shipping-taxable","16":"purchasable","17":"product-type-simple"},"_links":{"self":[{"href":"https:\/\/pizbube.ch\/en\/wp-json\/wp\/v2\/product\/146596","targetHints":{"allow":["GET"]}}],"collection":[{"href":"https:\/\/pizbube.ch\/en\/wp-json\/wp\/v2\/product"}],"about":[{"href":"https:\/\/pizbube.ch\/en\/wp-json\/wp\/v2\/types\/product"}],"wp:featuredmedia":[{"embeddable":true,"href":"https:\/\/pizbube.ch\/en\/wp-json\/wp\/v2\/media\/35174"}],"wp:attachment":[{"href":"https:\/\/pizbube.ch\/en\/wp-json\/wp\/v2\/media?parent=146596"}],"wp:term":[{"taxonomy":"product_brand","embeddable":true,"href":"https:\/\/pizbube.ch\/en\/wp-json\/wp\/v2\/product_brand?post=146596"},{"taxonomy":"product_cat","embeddable":true,"href":"https:\/\/pizbube.ch\/en\/wp-json\/wp\/v2\/product_cat?post=146596"},{"taxonomy":"product_tag","embeddable":true,"href":"https:\/\/pizbube.ch\/en\/wp-json\/wp\/v2\/product_tag?post=146596"}],"curies":[{"name":"wp","href":"https:\/\/api.w.org\/{rel}","templated":true}]}}