{"id":146597,"date":"2021-01-15T10:53:55","date_gmt":"2021-01-15T10:53:55","guid":{"rendered":"https:\/\/codengine3.ch\/?product=import-placeholder-for-203620"},"modified":"2024-01-18T11:18:21","modified_gmt":"2024-01-18T10:18:21","slug":"allgaeuer-alpen-und-lechtal-50-skitouren","status":"publish","type":"product","link":"https:\/\/pizbube.ch\/en\/shop\/allgaeuer-alpen-und-lechtal-50-skitouren\/","title":{"rendered":"Allg\u00e4uer Alpen und Lechtal &#8211; 52 Skitouren"},"content":{"rendered":"<p><span class=\"value\">Herrliche Tiefschnee-Abfahrten auf weiten, freien H\u00e4ngen \u2013 daf\u00fcr sind die Allg\u00e4uer Alpen bekannt. Dank der vielen ausgedehnten Wiesen und Alpweiden sind die Allg\u00e4uer Alpen mit Kleinwalsertal, Tannheimer Tal und dem Lechtal ein ideales Ziel f\u00fcr Skitourengeher. Die Vielfalt der Berge bietet sowohl Einsteigern als auch fortgeschrittenen Tourengehern eine gro\u00dfe F\u00fclle an M\u00f6glichkeiten. Der Rother Skitourenf\u00fchrer \u00bbAllg\u00e4uer Alpen und Lechtal\u00ab stellt die 52 sch\u00f6nsten Skitouren vor. <\/span><\/p>\n<p><span class=\"value\">Zahlreiche einfache Voralpentouren, wie in der H\u00f6rnergruppe, sind in der Auswahl ebenso enthalten wie mittelschwere, oft schon steile Ziele im Bereich der Gras- und Karstberge, wie das Gei\u00dfhorn \u00fcber dem Tannheimer Tal. Rund ein Dutzend der vorgestellten Ziele sind anspruchsvolle, hochalpine Touren im hohen, stark felsigen Teil der Allg\u00e4uer und Lechtaler Alpen. Neben bekannten Touren wie Gro\u00dfer und Kleiner Daumen, Bschie\u00dfer, Hahntennkar finden sich auch stille, wenig begangene Routen.<\/span><\/p>\n<p>Die Routenf\u00fchrungen wurden auf \u00f6kologische Unbedenklichkeit und auf die Empfehlungen des Projektes \u00bbSkibergsteigen umweltfreundlich\u00ab des Deutschen Alpenvereins abgestimmt. Daf\u00fcr wurde dieses Buch als erster Skitourenf\u00fchrer f\u00fcr das Allg\u00e4u mit dem G\u00fctesiegel \u00bbNat\u00fcrlich auf Tour\u00ab ausgezeichnet.<\/p>\n<p>Jede der 52 Skitouren in diesem Tourenf\u00fchrer f\u00fcr die Allg\u00e4uer Alpen verf\u00fcgt \u00fcber eine pr\u00e4zise Routenbeschreibung und einen Kartenausschnitt mit eingezeichnetem Routenverlauf. Erg\u00e4nzend dazu gibt es Infos zu Anforderungen, Aufstiegszeiten, Lawinengefahr und Hangrichtungen. Damit k\u00f6nnen die Skitouren gezielt und zu den jeweiligen Verh\u00e4ltnissen passend ausgew\u00e4hlt werden.<\/p>\n<p>Mit diesen Skitouren l\u00e4sst sich die Wintersaison in den Allg\u00e4uer Alpen so richtig genie\u00dfen.<\/p>\n<p>144 Seiten, Tourenk\u00e4rtchen im Ma\u00dfstab 1:50.000 und 1:75.000, \u00dcbersichtsk\u00e4rtchen im Ma\u00dfstab 1:300.000 und 1:550.000<br \/>\n7., aktualisierte Auflage 2024<\/p>","protected":false},"excerpt":{"rendered":"<p>Herrliche Tiefschnee-Abfahrten auf weiten, freien H\u00e4ngen \u2013 daf\u00fcr sind die Allg\u00e4uer Alpen bekannt. Dank der vielen ausgedehnten Wiesen und Alpweiden sind die Allg\u00e4uer Alpen mit Kleinwalsertal, Tannheimer Tal und dem Lechtal ein ideales Ziel f\u00fcr Skitourengeher. Die Vielfalt der Berge bietet sowohl Einsteigern als auch fortgeschrittenen Tourengehern eine gro\u00dfe F\u00fclle an M\u00f6glichkeiten. Der Rother Skitourenf\u00fchrer [&#8230;]\n","protected":false},"featured_media":171207,"template":"","meta":[],"product_brand":[],"product_cat":[21540],"product_tag":[],"class_list":{"0":"post-146597","1":"product","2":"type-product","3":"status-publish","4":"has-post-thumbnail","6":"product_cat-fuehrerliteratur-alpin-winter","7":"pa_autor-seibert-baur","8":"pa_erscheinungsjahr-27339","9":"pa_region-deutschland","10":"pa_sprache-de","12":"first","13":"instock","14":"taxable","15":"shipping-taxable","16":"purchasable","17":"product-type-simple"},"_links":{"self":[{"href":"https:\/\/pizbube.ch\/en\/wp-json\/wp\/v2\/product\/146597","targetHints":{"allow":["GET"]}}],"collection":[{"href":"https:\/\/pizbube.ch\/en\/wp-json\/wp\/v2\/product"}],"about":[{"href":"https:\/\/pizbube.ch\/en\/wp-json\/wp\/v2\/types\/product"}],"wp:featuredmedia":[{"embeddable":true,"href":"https:\/\/pizbube.ch\/en\/wp-json\/wp\/v2\/media\/171207"}],"wp:attachment":[{"href":"https:\/\/pizbube.ch\/en\/wp-json\/wp\/v2\/media?parent=146597"}],"wp:term":[{"taxonomy":"product_brand","embeddable":true,"href":"https:\/\/pizbube.ch\/en\/wp-json\/wp\/v2\/product_brand?post=146597"},{"taxonomy":"product_cat","embeddable":true,"href":"https:\/\/pizbube.ch\/en\/wp-json\/wp\/v2\/product_cat?post=146597"},{"taxonomy":"product_tag","embeddable":true,"href":"https:\/\/pizbube.ch\/en\/wp-json\/wp\/v2\/product_tag?post=146597"}],"curies":[{"name":"wp","href":"https:\/\/api.w.org\/{rel}","templated":true}]}}