{"id":146599,"date":"2021-01-15T10:53:55","date_gmt":"2021-01-15T10:53:55","guid":{"rendered":"https:\/\/codengine3.ch\/?product=import-placeholder-for-203978"},"modified":"2021-01-15T14:28:29","modified_gmt":"2021-01-15T14:28:29","slug":"oberstdorf-kleinwalsertal-1-25000","status":"publish","type":"product","link":"https:\/\/pizbube.ch\/en\/shop\/oberstdorf-kleinwalsertal-1-25000\/","title":{"rendered":"Oberstdorf Kleinwalsertal 1: 25&#8217;000"},"content":{"rendered":"<p>WK 03; Wander-, Bike-, Skitouren- und Langlaufkarte. KOMPASS-Wanderkarten<br \/>\nenthalten alles Wissenswerte f\u00fcr Wanderer wie aktuelle Wanderwege mit<br \/>\nMarkierungen, empfehlenswerte Radrouten und wichtige touristische<br \/>\nInformationen.<\/p>\n<p>3in1 Wanderkarte 1:25000 mit Aktiv Guide inklusive Karte zur offline<br \/>\nVerwendung in der KOMPASS-App. Fahrradfahren. Skitouren. Langlaufen.  <\/p>\n<p>Der topographische Inhalt wird bei aller Detailgenauigkeit leicht lesbar und<br \/>\nanschaulich dargestellt.<br \/>\nEin \u00fcbersichtlich gestaltetes Beiheft mit zahlreichen Farbfotos informiert<br \/>\n\u00fcber Orte und Schutzh\u00fctten sowie empfehlenswerte Touren, Sehensw\u00fcrdigkeiten<br \/>\nund Freizeiteinrichtungen.  <\/p>","protected":false},"excerpt":{"rendered":"<p>WK 03; Wander-, Bike-, Skitouren- und Langlaufkarte. KOMPASS-Wanderkarten enthalten alles Wissenswerte f\u00fcr Wanderer wie aktuelle Wanderwege mit Markierungen, empfehlenswerte Radrouten und wichtige touristische Informationen. 3in1 Wanderkarte 1:25000 mit Aktiv Guide inklusive Karte zur offline Verwendung in der KOMPASS-App. Fahrradfahren. Skitouren. Langlaufen. Der topographische Inhalt wird bei aller Detailgenauigkeit leicht lesbar und anschaulich dargestellt. Ein \u00fcbersichtlich [&#8230;]\n","protected":false},"featured_media":38441,"template":"","meta":[],"product_brand":[],"product_cat":[21543],"product_tag":[],"class_list":{"0":"post-146599","1":"product","2":"type-product","3":"status-publish","4":"has-post-thumbnail","6":"product_cat-landkarten","7":"pa_autor-kompass","8":"pa_erscheinungsjahr-21546","9":"pa_region-oesterreich","10":"pa_sprache-de","12":"first","13":"instock","14":"taxable","15":"shipping-taxable","16":"purchasable","17":"product-type-simple"},"_links":{"self":[{"href":"https:\/\/pizbube.ch\/en\/wp-json\/wp\/v2\/product\/146599","targetHints":{"allow":["GET"]}}],"collection":[{"href":"https:\/\/pizbube.ch\/en\/wp-json\/wp\/v2\/product"}],"about":[{"href":"https:\/\/pizbube.ch\/en\/wp-json\/wp\/v2\/types\/product"}],"wp:featuredmedia":[{"embeddable":true,"href":"https:\/\/pizbube.ch\/en\/wp-json\/wp\/v2\/media\/38441"}],"wp:attachment":[{"href":"https:\/\/pizbube.ch\/en\/wp-json\/wp\/v2\/media?parent=146599"}],"wp:term":[{"taxonomy":"product_brand","embeddable":true,"href":"https:\/\/pizbube.ch\/en\/wp-json\/wp\/v2\/product_brand?post=146599"},{"taxonomy":"product_cat","embeddable":true,"href":"https:\/\/pizbube.ch\/en\/wp-json\/wp\/v2\/product_cat?post=146599"},{"taxonomy":"product_tag","embeddable":true,"href":"https:\/\/pizbube.ch\/en\/wp-json\/wp\/v2\/product_tag?post=146599"}],"curies":[{"name":"wp","href":"https:\/\/api.w.org\/{rel}","templated":true}]}}