{"id":146602,"date":"2021-01-15T10:53:55","date_gmt":"2021-01-15T10:53:55","guid":{"rendered":"https:\/\/codengine3.ch\/?product=import-placeholder-for-208277"},"modified":"2024-10-03T10:21:40","modified_gmt":"2024-10-03T08:21:40","slug":"wilde-wege-allgaeu-lechtal","status":"publish","type":"product","link":"https:\/\/pizbube.ch\/en\/shop\/wilde-wege-allgaeu-lechtal\/","title":{"rendered":"Wilde Wege Allg\u00e4u &#8211; Lechtal"},"content":{"rendered":"<p><span class=\"value\">\u00dcber alte, fast vergessene J\u00e4gersteige, \u00fcber Schrofen und leichten Fels hinauf auf einsame Gipfelh\u00f6hen und manchmal f\u00fchrt die Spur auch durch wegloses Gel\u00e4nde \u2013 wer Spa\u00df an abenteuerlichen Touren hat, f\u00fcr den ist das Rother Wanderbuch \u00bbWilde Wege \u2013 Allg\u00e4u und Lechtal\u00ab genau das Richtige. Mit Entdeckerlust und Pfadfindergeist verl\u00e4sst man die breit ausgetretenen Routen und wird mit Abenteuer und stillem Gipfelgl\u00fcck belohnt.<\/span><\/p>\n<p>Ungew\u00f6hnlich und nicht ganz einfach \u2013 so l\u00e4sst sich die Tourenauswahl in diesem Wanderbuch am besten beschreiben. \u00bbWilde Wege\u00ab finden sich bereits in den zahmen Allg\u00e4uer Vorbergen, auf deren Pfaden man sich behutsam an die \u00bbWildheit\u00ab herantasten kann. Bis hinein ins wilde Lechtaler Hochgebirge reicht das Gebiet dieses Wanderbuchs \u2013 das Tourenspektrum reicht bis zu langen, teils weglosen Unternehmungen mit Kletterstellen bis zum II. Grad. Ein gewisses Ma\u00df an Bergerfahrung ist also sicher vonn\u00f6ten, um die Touren auch genie\u00dfen zu k\u00f6nnen.<\/p>\n<p>Da dieses Wanderbuch das Standardrepertoire zahlreicher Wanderf\u00fchrer verl\u00e4sst und vor Ort nicht auf ausgiebige Beschilderung gebaut werden kann, hat Autor Mark Zahel der sorgf\u00e4ltigen Recherche und der ausf\u00fchrlichen Beschreibung h\u00f6chsten Stellenwert einger\u00e4umt. Zu den zuverl\u00e4ssigen Wegbeschreibungen kommen detaillierte Kartenausschnitte mit eingezeichnetem Routenverlauf und aussagekr\u00e4ftige H\u00f6henprofile. Au\u00dferdem stehen GPS-Daten zum Download bereit. F\u00fcr die neue Auflage wurden alle Angaben sorgf\u00e4ltig \u00fcberpr\u00fcft und aktualisiert. Die zahlreichen, anschaulichen Fotos machen Lust, sofort den Rucksack zu packen, loszuziehen und die \u00bbwilden Wege\u00ab der Allg\u00e4uer und Lechtaler Alpen selbst zu erkunden.<\/p>\n<p>216 Seiten;<br \/>\n50 H\u00f6henprofile, 50 Wanderk\u00e4rtchen im Ma\u00dfstab 1:50.000, \u00dcbersichtskarten im Ma\u00dfstab 1:400.000 und 1:2.000.000, Tourenmatrix, GPS-Tracks zum Download<\/p>\n<p>3., aktualisierte Auflage 2022<\/p>","protected":false},"excerpt":{"rendered":"<p>\u00dcber alte, fast vergessene J\u00e4gersteige, \u00fcber Schrofen und leichten Fels hinauf auf einsame Gipfelh\u00f6hen und manchmal f\u00fchrt die Spur auch durch wegloses Gel\u00e4nde \u2013 wer Spa\u00df an abenteuerlichen Touren hat, f\u00fcr den ist das Rother Wanderbuch \u00bbWilde Wege \u2013 Allg\u00e4u und Lechtal\u00ab genau das Richtige. Mit Entdeckerlust und Pfadfindergeist verl\u00e4sst man die breit ausgetretenen Routen [&#8230;]\n","protected":false},"featured_media":176527,"template":"","meta":[],"product_brand":[],"product_cat":[21605],"product_tag":[],"class_list":{"0":"post-146602","1":"product","2":"type-product","3":"status-publish","4":"has-post-thumbnail","6":"product_cat-wanderfuehrer-trekking","7":"pa_autor-zahel","8":"pa_erscheinungsjahr-27013","9":"pa_region-deutschland","10":"pa_sprache-de","12":"first","13":"instock","14":"taxable","15":"shipping-taxable","16":"purchasable","17":"product-type-simple"},"_links":{"self":[{"href":"https:\/\/pizbube.ch\/en\/wp-json\/wp\/v2\/product\/146602","targetHints":{"allow":["GET"]}}],"collection":[{"href":"https:\/\/pizbube.ch\/en\/wp-json\/wp\/v2\/product"}],"about":[{"href":"https:\/\/pizbube.ch\/en\/wp-json\/wp\/v2\/types\/product"}],"wp:featuredmedia":[{"embeddable":true,"href":"https:\/\/pizbube.ch\/en\/wp-json\/wp\/v2\/media\/176527"}],"wp:attachment":[{"href":"https:\/\/pizbube.ch\/en\/wp-json\/wp\/v2\/media?parent=146602"}],"wp:term":[{"taxonomy":"product_brand","embeddable":true,"href":"https:\/\/pizbube.ch\/en\/wp-json\/wp\/v2\/product_brand?post=146602"},{"taxonomy":"product_cat","embeddable":true,"href":"https:\/\/pizbube.ch\/en\/wp-json\/wp\/v2\/product_cat?post=146602"},{"taxonomy":"product_tag","embeddable":true,"href":"https:\/\/pizbube.ch\/en\/wp-json\/wp\/v2\/product_tag?post=146602"}],"curies":[{"name":"wp","href":"https:\/\/api.w.org\/{rel}","templated":true}]}}