{"id":146603,"date":"2021-01-15T10:53:55","date_gmt":"2021-01-15T10:53:55","guid":{"rendered":"https:\/\/codengine3.ch\/?product=import-placeholder-for-208675"},"modified":"2024-09-24T10:29:56","modified_gmt":"2024-09-24T08:29:56","slug":"kleinwalsertal-die-schoensten-tal-und-bergwanderungen","status":"publish","type":"product","link":"https:\/\/pizbube.ch\/en\/shop\/kleinwalsertal-die-schoensten-tal-und-bergwanderungen\/","title":{"rendered":"Kleinwalsertal &#8211; Mit Oberstdorf und Umgebung"},"content":{"rendered":"<p><span class=\"value\">Das Kleinwalsertal im Herzen der Allg\u00e4uer Alpen begeistert mit einer Bergwelt wie aus dem Bilderbuch: nahezu komplett umschlossen von beeindruckenden Bergen, mit saftig-gr\u00fcnen Wiesen und wilden Felsgipfeln ist das Kleinwalsertal ein Traum f\u00fcr alle Wanderer und Bergsteiger. Dieser Rother Wanderf\u00fchrer pr\u00e4sentiert 42 der sch\u00f6nsten Touren im Kleinwalsertal und rund um Oberstdorf \u2013 von leichten Genusswanderungen \u00fcber z\u00fcnftige Gipfelanstiege bis zu mehrt\u00e4gigen H\u00fcttentouren.<\/p>\n<p>In der Tourenauswahl finden sich Wanderungen f\u00fcr jeden Geschmack und jedes K\u00f6nnen. Spektakul\u00e4r geht es durch die Breitachklamm, aussichtsreich auf das Fellhorn und hochalpin auf einen der beliebtesten H\u00f6hensteig, dem Heilbronner Weg. Ein wahres Highlight ist die Tour auf den beeindruckenden Zacken des Hohen Ifen und die au\u00dfergew\u00f6hnlichen Karstformationen des Gottesackerplateaus. Zahlreiche Almen und H\u00fctten, wie Mindelheimer H\u00fctte, Schwarzwasserh\u00fctte, Fiderepassh\u00fctte oder Kemptner H\u00fctte, bieten nicht nur idyllische Einkehrm\u00f6glichkeiten, sondern lassen sich auf herrlichen H\u00f6henwegen zur Mehrtagestour verbinden. Der Wanderf\u00fchrer stellt diese f\u00fcnft\u00e4gige H\u00fcttenrunde, die rund um das gesamte Kleinwalsertal f\u00fchrt, vor.<\/p>\n<p>Ideale Ausgangspunkte f\u00fcr die Wanderungen im Kleinwalsertal sind Oberstdorf und die D\u00f6rfer Riezlern, Hirschegg, Mittelberg und Baad. Fast alle Wanderungen sind bestens mit Bahn und Bus erreichbar. Jede Tour wird mit einer zuverl\u00e4ssigen Wegbeschreibung, einem detaillierten Kartenausschnitt mit Routeneintrag und einem H\u00f6henprofil vorgestellt. Gepr\u00fcfte GPS-Tracks zum Download machen die Orientierung unterwegs einfach.<\/p>\n<p>Von leichten Wanderungen bis zu ambitionierten Bergtouren zeigt dieser Rother Wanderf\u00fchrer die sch\u00f6nsten Seiten des Kleinwalsertals.<\/span><\/p>\n<p>42 H\u00f6henprofile, 42 Wanderk\u00e4rtchen im Ma\u00dfstab 1:50.000 und 1:75.000, eine \u00dcbersichtskarte, GPS-Tracks zum Download<\/p>\n<p>6., aktualisierte Auflage 2024<\/p>","protected":false},"excerpt":{"rendered":"<p>Das Kleinwalsertal im Herzen der Allg\u00e4uer Alpen begeistert mit einer Bergwelt wie aus dem Bilderbuch: nahezu komplett umschlossen von beeindruckenden Bergen, mit saftig-gr\u00fcnen Wiesen und wilden Felsgipfeln ist das Kleinwalsertal ein Traum f\u00fcr alle Wanderer und Bergsteiger. Dieser Rother Wanderf\u00fchrer pr\u00e4sentiert 42 der sch\u00f6nsten Touren im Kleinwalsertal und rund um Oberstdorf \u2013 von leichten Genusswanderungen [&#8230;]\n","protected":false},"featured_media":174977,"template":"","meta":[],"product_brand":[],"product_cat":[21605],"product_tag":[],"class_list":{"0":"post-146603","1":"product","2":"type-product","3":"status-publish","4":"has-post-thumbnail","6":"product_cat-wanderfuehrer-trekking","7":"pa_autor-schwabe","8":"pa_erscheinungsjahr-27339","9":"pa_region-oesterreich","10":"pa_sprache-de","12":"first","13":"instock","14":"taxable","15":"shipping-taxable","16":"purchasable","17":"product-type-simple"},"_links":{"self":[{"href":"https:\/\/pizbube.ch\/en\/wp-json\/wp\/v2\/product\/146603","targetHints":{"allow":["GET"]}}],"collection":[{"href":"https:\/\/pizbube.ch\/en\/wp-json\/wp\/v2\/product"}],"about":[{"href":"https:\/\/pizbube.ch\/en\/wp-json\/wp\/v2\/types\/product"}],"wp:featuredmedia":[{"embeddable":true,"href":"https:\/\/pizbube.ch\/en\/wp-json\/wp\/v2\/media\/174977"}],"wp:attachment":[{"href":"https:\/\/pizbube.ch\/en\/wp-json\/wp\/v2\/media?parent=146603"}],"wp:term":[{"taxonomy":"product_brand","embeddable":true,"href":"https:\/\/pizbube.ch\/en\/wp-json\/wp\/v2\/product_brand?post=146603"},{"taxonomy":"product_cat","embeddable":true,"href":"https:\/\/pizbube.ch\/en\/wp-json\/wp\/v2\/product_cat?post=146603"},{"taxonomy":"product_tag","embeddable":true,"href":"https:\/\/pizbube.ch\/en\/wp-json\/wp\/v2\/product_tag?post=146603"}],"curies":[{"name":"wp","href":"https:\/\/api.w.org\/{rel}","templated":true}]}}