{"id":146604,"date":"2021-01-15T10:53:55","date_gmt":"2021-01-15T10:53:55","guid":{"rendered":"https:\/\/codengine3.ch\/?product=import-placeholder-for-200074"},"modified":"2021-01-15T10:53:59","modified_gmt":"2021-01-15T10:53:59","slug":"encordes-dvd","status":"publish","type":"product","link":"https:\/\/pizbube.ch\/en\/shop\/encordes-dvd\/","title":{"rendered":"Encord\u00e9s (DVD)"},"content":{"rendered":"<p>Es ist eines der h\u00e4rtesten Rennen im Ski-Alpinismus: Die Patrouille des<br \/>\nGlaciers. W\u00e4hrend anderthalb Jahren hat Fr\u00e9d\u00e9ric Favre drei Teilnehmende<br \/>\nbegleitet.<\/p>\n<p>Im Training, das sie an ihr k\u00f6rperliches Limit bringt, in der mentalen<br \/>\nVorbereitung, die ihre tiefsten \u00c4ngste offenbart, beim Rennen, das sie bis an<br \/>\ndie Grenzen fordert.<\/p>\n<p>Florence will im Andenken an ihren Vater starten, doch als Einzelg\u00e4ngerin muss<br \/>\nsie Teamgeist lernen. Guillaume ist Wettk\u00e4mpfer mit Leib und Seele, sein<br \/>\ngr\u00f6sster Kampf ist aber, Familie, Arbeit und Leidenschaft in Einklang zu<br \/>\nbringen. Antoine hat einen Drogenentzug hinter sich: H\u00f6chste Zeit der Welt zu<br \/>\nbeweisen, wozu er f\u00e4hig ist! ENCORD\u00c9S ist ein intimer Einblick in ein<br \/>\nAbenteuer, das Leben ver\u00e4ndert.  <\/p>\n<p>Ein Film von Fr\u00e9d\u00e9ric Favre<br \/>\nOriginalsprache: Franz\u00f6sisch<br \/>\nUntertitel: Deutsch, Englisch<\/p>","protected":false},"excerpt":{"rendered":"<ul>\n<li><a href=\"https:\/\/vimeo.com\/225960998\" target=\"_blank\" rel=\"noopener\">Video: Trailer Encord\u00e9s<\/a><\/li>\n<\/ul>","protected":false},"featured_media":25853,"template":"","meta":[],"product_brand":[],"product_cat":[21628],"product_tag":[],"class_list":{"0":"post-146604","1":"product","2":"type-product","3":"status-publish","4":"has-post-thumbnail","6":"product_cat-video-dvd-multimedia","7":"pa_autor-favre","8":"pa_erscheinungsjahr-21546","9":"pa_region-schweiz","10":"pa_sprache-fr-de-en","12":"first","13":"instock","14":"taxable","15":"shipping-taxable","16":"purchasable","17":"product-type-simple"},"_links":{"self":[{"href":"https:\/\/pizbube.ch\/en\/wp-json\/wp\/v2\/product\/146604","targetHints":{"allow":["GET"]}}],"collection":[{"href":"https:\/\/pizbube.ch\/en\/wp-json\/wp\/v2\/product"}],"about":[{"href":"https:\/\/pizbube.ch\/en\/wp-json\/wp\/v2\/types\/product"}],"wp:featuredmedia":[{"embeddable":true,"href":"https:\/\/pizbube.ch\/en\/wp-json\/wp\/v2\/media\/25853"}],"wp:attachment":[{"href":"https:\/\/pizbube.ch\/en\/wp-json\/wp\/v2\/media?parent=146604"}],"wp:term":[{"taxonomy":"product_brand","embeddable":true,"href":"https:\/\/pizbube.ch\/en\/wp-json\/wp\/v2\/product_brand?post=146604"},{"taxonomy":"product_cat","embeddable":true,"href":"https:\/\/pizbube.ch\/en\/wp-json\/wp\/v2\/product_cat?post=146604"},{"taxonomy":"product_tag","embeddable":true,"href":"https:\/\/pizbube.ch\/en\/wp-json\/wp\/v2\/product_tag?post=146604"}],"curies":[{"name":"wp","href":"https:\/\/api.w.org\/{rel}","templated":true}]}}