{"id":146605,"date":"2021-01-15T10:53:55","date_gmt":"2021-01-15T10:53:55","guid":{"rendered":"https:\/\/codengine3.ch\/?product=import-placeholder-for-207428"},"modified":"2025-04-04T08:53:48","modified_gmt":"2025-04-04T06:53:48","slug":"la-patrouille-des-glaciers-ziel-2016","status":"publish","type":"product","link":"https:\/\/pizbube.ch\/en\/shop\/la-patrouille-des-glaciers-ziel-2016\/","title":{"rendered":"La Patrouille des Glaciers &#8211; Ziel 2016"},"content":{"rendered":"<p>Die Patrouille des Glaciers (PDG) ist ein internationales milit\u00e4risches<br \/>\nSkitourenrennen der Schweizer Armee, an welchem auch zivile Patrouillen<br \/>\nteilnehmen d\u00fcrfen. Die Wettkampfstrecke f\u00fchrt von Zermatt nach Verbier<br \/>\n(Parcours Z) respektive von Arolla nach Verbier (Parcours A) und ist in einer<br \/>\neinzigen Etappe zu absolvieren.<\/p>\n<p>Zum 30 j\u00e4hrigen Jubil\u00e4um blickt dieses Buch nicht nur zur\u00fcck in die<br \/>\nVergangenheit, sondern behandelt auch Fragen nach der weiteren Zukunft dieses<br \/>\nlegend\u00e4ren Skitourenrennens. Beeindruckende Fotos und einf\u00fchlsame Texte geben<br \/>\neinen faszinierenden Einblick in diesen ausserordentlich anspruchsvollen<br \/>\nGebirgslauf uns lassen an den Gef\u00fchlen und Strapazen der Teams teilnehmen!<\/p>\n<p>160 S.<\/p>","protected":false},"excerpt":{"rendered":"<p>Die Patrouille des Glaciers (PDG) ist ein internationales milit\u00e4risches Skitourenrennen der Schweizer Armee, an welchem auch zivile Patrouillen teilnehmen d\u00fcrfen. Die Wettkampfstrecke f\u00fchrt von Zermatt nach Verbier (Parcours Z) respektive von Arolla nach Verbier (Parcours A) und ist in einer einzigen Etappe zu absolvieren. Zum 30 j\u00e4hrigen Jubil\u00e4um blickt dieses Buch nicht nur zur\u00fcck in [&#8230;]\n","protected":false},"featured_media":37423,"template":"","meta":[],"product_brand":[],"product_cat":[21542],"product_tag":[],"class_list":{"0":"post-146605","1":"product","2":"type-product","3":"status-publish","4":"has-post-thumbnail","6":"product_cat-sachbuecher-dokumentationen","7":"pa_autor-ayer-et-alt","8":"pa_erscheinungsjahr-21568","9":"pa_region-schweiz","10":"pa_sprache-de","12":"first","13":"outofstock","14":"taxable","15":"shipping-taxable","16":"purchasable","17":"product-type-simple"},"_links":{"self":[{"href":"https:\/\/pizbube.ch\/en\/wp-json\/wp\/v2\/product\/146605","targetHints":{"allow":["GET"]}}],"collection":[{"href":"https:\/\/pizbube.ch\/en\/wp-json\/wp\/v2\/product"}],"about":[{"href":"https:\/\/pizbube.ch\/en\/wp-json\/wp\/v2\/types\/product"}],"wp:featuredmedia":[{"embeddable":true,"href":"https:\/\/pizbube.ch\/en\/wp-json\/wp\/v2\/media\/37423"}],"wp:attachment":[{"href":"https:\/\/pizbube.ch\/en\/wp-json\/wp\/v2\/media?parent=146605"}],"wp:term":[{"taxonomy":"product_brand","embeddable":true,"href":"https:\/\/pizbube.ch\/en\/wp-json\/wp\/v2\/product_brand?post=146605"},{"taxonomy":"product_cat","embeddable":true,"href":"https:\/\/pizbube.ch\/en\/wp-json\/wp\/v2\/product_cat?post=146605"},{"taxonomy":"product_tag","embeddable":true,"href":"https:\/\/pizbube.ch\/en\/wp-json\/wp\/v2\/product_tag?post=146605"}],"curies":[{"name":"wp","href":"https:\/\/api.w.org\/{rel}","templated":true}]}}