{"id":146607,"date":"2021-01-15T10:53:55","date_gmt":"2021-01-15T10:53:55","guid":{"rendered":"https:\/\/codengine3.ch\/?product=import-placeholder-for-202696"},"modified":"2021-01-15T12:38:33","modified_gmt":"2021-01-15T12:38:33","slug":"sieg-in-den-bergen","status":"publish","type":"product","link":"https:\/\/pizbube.ch\/en\/shop\/sieg-in-den-bergen\/","title":{"rendered":"Sieg in den Bergen"},"content":{"rendered":"<p>Der Autor erz\u00e4hlt von seinen Erlebnissen und Erfahrungen bei den gro\u00dfen<br \/>\nWettk\u00e4mpfen im Skibergsteigen. Dabei berichtet er vom sch\u00f6nsten<br \/>\nHochgebirgslauf \u00d6sterreichs, dem Laserzlauf genauso, wie vom spektakul\u00e4rsten<br \/>\nTourenskirennen der Welt, der Pierra Menta Tivoly in Savoien. Er schildert die<br \/>\nphysischen und psychischen Strapazen der ber\u00fchmten Patrouille des Glaciers,<br \/>\ndie von Zermatt bis Verbier f\u00fchrt, und berichtet von aufregenden Begegnungen<br \/>\nmit den Gro\u00dfen des Skibergsteigens, deren Bekanntschaft er bei Rennen in<br \/>\nGriechenland, der Hohen Tatra, den Pyren\u00e4en, im Atlas Gebirge und in den Rocky<br \/>\nMountains gemacht hat. Die einzigartigen Bilder zeigen atemberaubende Szenen<br \/>\naus diesem hochalpinen Wettkampfsport, der es anstrebt, olympische Disziplin<br \/>\nzu werden. Daneben finden sich faszinierende Aufnahmen, die die grandiose<br \/>\nSch\u00f6nheit der Bergwelt widerspiegeln, in der diese Wettl\u00e4ufe ausgetragen<br \/>\nwerden.  <\/p>","protected":false},"excerpt":{"rendered":"<p>Der Autor erz\u00e4hlt von seinen Erlebnissen und Erfahrungen bei den gro\u00dfen Wettk\u00e4mpfen im Skibergsteigen. Dabei berichtet er vom sch\u00f6nsten Hochgebirgslauf \u00d6sterreichs, dem Laserzlauf genauso, wie vom spektakul\u00e4rsten Tourenskirennen der Welt, der Pierra Menta Tivoly in Savoien. Er schildert die physischen und psychischen Strapazen der ber\u00fchmten Patrouille des Glaciers, die von Zermatt bis Verbier f\u00fchrt, und [&#8230;]\n","protected":false},"featured_media":30129,"template":"","meta":[],"product_brand":[],"product_cat":[21542],"product_tag":[],"class_list":{"0":"post-146607","1":"product","2":"type-product","3":"status-publish","4":"has-post-thumbnail","6":"product_cat-sachbuecher-dokumentationen","7":"pa_autor-majcen","8":"pa_erscheinungsjahr-22144","9":"pa_region-alpin-winter","10":"pa_sprache-de","12":"first","13":"instock","14":"taxable","15":"shipping-taxable","16":"purchasable","17":"product-type-simple"},"_links":{"self":[{"href":"https:\/\/pizbube.ch\/en\/wp-json\/wp\/v2\/product\/146607","targetHints":{"allow":["GET"]}}],"collection":[{"href":"https:\/\/pizbube.ch\/en\/wp-json\/wp\/v2\/product"}],"about":[{"href":"https:\/\/pizbube.ch\/en\/wp-json\/wp\/v2\/types\/product"}],"wp:featuredmedia":[{"embeddable":true,"href":"https:\/\/pizbube.ch\/en\/wp-json\/wp\/v2\/media\/30129"}],"wp:attachment":[{"href":"https:\/\/pizbube.ch\/en\/wp-json\/wp\/v2\/media?parent=146607"}],"wp:term":[{"taxonomy":"product_brand","embeddable":true,"href":"https:\/\/pizbube.ch\/en\/wp-json\/wp\/v2\/product_brand?post=146607"},{"taxonomy":"product_cat","embeddable":true,"href":"https:\/\/pizbube.ch\/en\/wp-json\/wp\/v2\/product_cat?post=146607"},{"taxonomy":"product_tag","embeddable":true,"href":"https:\/\/pizbube.ch\/en\/wp-json\/wp\/v2\/product_tag?post=146607"}],"curies":[{"name":"wp","href":"https:\/\/api.w.org\/{rel}","templated":true}]}}