{"id":146608,"date":"2021-01-15T10:53:55","date_gmt":"2021-01-15T10:53:55","guid":{"rendered":"https:\/\/codengine3.ch\/?product=import-placeholder-for-205625"},"modified":"2021-01-15T14:42:40","modified_gmt":"2021-01-15T14:42:40","slug":"bergauf","status":"publish","type":"product","link":"https:\/\/pizbube.ch\/en\/shop\/bergauf\/","title":{"rendered":"Bergauf"},"content":{"rendered":"<p>BERGAUF &#8211; Abenteuer Ausdauersport<br \/>\nSki &#8211; Rad &#8211; Lauf &#8211; Wettkampf  <\/p>\n<p>Erlebnisberichte und Dokumentation \u00fcber alpine Wettk\u00e4mpfe und extreme<br \/>\nAusdauersportarten.<br \/>\nTrainingstipps, Veranstaltungen, und vieles mehr&#8230;  <\/p>\n<p>BERGAUF gibt einen faszinierenden und einmaligen Einblick in das Leben eines<br \/>\nMenschen, der Spa\u00df am (Extrem-) Sport und Liebe zur Natur in gro\u00dfartiger Weise<br \/>\nzu verbinden versteht. Der Autor bringt einen spannenden Mix seiner Erlebnisse<br \/>\nund Erfahrungen beim hochalpinen Skibergsteigen, Rad-Bergrennen, Berg- und<br \/>\nTreppenlaufen und erg\u00e4nzt seine Ausf\u00fchrungen mit mehr als 200 Farbbildern, die<br \/>\nden Sport und die gro\u00dfartige Landschaft zeigen, in der die Abenteuer<br \/>\nausgetragen werden. Eindrucksvoll lassen sich die psychischen und physischen<br \/>\nStrapazen bei den l\u00e4ngsten Skimarathons der Alpen und anderen<br \/>\nTourenskiwettk\u00e4mpfen im In- und Ausland (Walliser Alpen, Monte Rosa, Berner<br \/>\nOberland, Adamello, Niedere Tatra, Julische Alpen, Dolomiten, Ortlerberge,<br \/>\nHohe Tauern, etc.), nachvollziehen.  <\/p>\n<p>Majcen schildert den Reiz der M\u00fchen an der Mont Blanc Sky Ski Trophy, einem<br \/>\nDuathlon (Berglauf\/Skibergsteigen) \u00fcber 3500 H\u00f6henmeter von Courmayeur auf die<br \/>\nAiguille du Midi und die Faszination von Langstrecken-Radrennen \u00fcber die<br \/>\nh\u00f6chsten Alpenp\u00e4sse, wie das Race Across The Alps oder La Marmotte. Berichte<br \/>\n\u00fcber Berglauf-Klassiker, wie den Swiss Alpine Marathon und den Jungfrau-<br \/>\nMarathon, die zu den bedeutendsten Alpinbewerben \u00fcberhaupt z\u00e4hlen sind ebenso<br \/>\nenthalten, wie Treppenl\u00e4ufe in den h\u00f6chsten Geb\u00e4uden der Welt (USA, Malaysia,<br \/>\nRussland, etc) sowie eine umfangreiche Wettkampf\u00fcbersicht im Anhang.  <\/p>\n<p>Kapitel I: Skibergsteigen, Kapitel II: Radmarathon, Kapitel III: Berg- und<br \/>\nTurmlaufen,<br \/>\nKapitel IV: Wettkampf\u00fcbersicht.  <\/p>","protected":false},"excerpt":{"rendered":"<p>BERGAUF &#8211; Abenteuer Ausdauersport Ski &#8211; Rad &#8211; Lauf &#8211; Wettkampf Erlebnisberichte und Dokumentation \u00fcber alpine Wettk\u00e4mpfe und extreme Ausdauersportarten. Trainingstipps, Veranstaltungen, und vieles mehr&#8230; BERGAUF gibt einen faszinierenden und einmaligen Einblick in das Leben eines Menschen, der Spa\u00df am (Extrem-) Sport und Liebe zur Natur in gro\u00dfartiger Weise zu verbinden versteht. Der Autor bringt [&#8230;]\n","protected":false},"featured_media":34406,"template":"","meta":[],"product_brand":[],"product_cat":[21542],"product_tag":[],"class_list":{"0":"post-146608","1":"product","2":"type-product","3":"status-publish","4":"has-post-thumbnail","6":"product_cat-sachbuecher-dokumentationen","7":"pa_autor-majcen","8":"pa_erscheinungsjahr-21776","9":"pa_region-oesterreich","10":"pa_sprache-de","12":"first","13":"instock","14":"taxable","15":"shipping-taxable","16":"purchasable","17":"product-type-simple"},"_links":{"self":[{"href":"https:\/\/pizbube.ch\/en\/wp-json\/wp\/v2\/product\/146608","targetHints":{"allow":["GET"]}}],"collection":[{"href":"https:\/\/pizbube.ch\/en\/wp-json\/wp\/v2\/product"}],"about":[{"href":"https:\/\/pizbube.ch\/en\/wp-json\/wp\/v2\/types\/product"}],"wp:featuredmedia":[{"embeddable":true,"href":"https:\/\/pizbube.ch\/en\/wp-json\/wp\/v2\/media\/34406"}],"wp:attachment":[{"href":"https:\/\/pizbube.ch\/en\/wp-json\/wp\/v2\/media?parent=146608"}],"wp:term":[{"taxonomy":"product_brand","embeddable":true,"href":"https:\/\/pizbube.ch\/en\/wp-json\/wp\/v2\/product_brand?post=146608"},{"taxonomy":"product_cat","embeddable":true,"href":"https:\/\/pizbube.ch\/en\/wp-json\/wp\/v2\/product_cat?post=146608"},{"taxonomy":"product_tag","embeddable":true,"href":"https:\/\/pizbube.ch\/en\/wp-json\/wp\/v2\/product_tag?post=146608"}],"curies":[{"name":"wp","href":"https:\/\/api.w.org\/{rel}","templated":true}]}}