{"id":146609,"date":"2021-01-15T10:53:55","date_gmt":"2021-01-15T10:53:55","guid":{"rendered":"https:\/\/codengine3.ch\/?product=import-placeholder-for-200712"},"modified":"2024-04-11T11:55:36","modified_gmt":"2024-04-11T09:55:36","slug":"la-patrouille","status":"publish","type":"product","link":"https:\/\/pizbube.ch\/en\/shop\/la-patrouille\/","title":{"rendered":"La Patrouille"},"content":{"rendered":"<p>La Patrouille des Glaciers &#8211; Ein Abenteuer auf Skiern von Zermatt, \u00fcber Arolla<br \/>\nnach V\u00e9rbier!<\/p>\n<p>Folgen Sie Camille und ihrem Team bei diesem mythischen Wettlauf. Erleben Sie<br \/>\ndie Sch\u00f6nheit der Berggipfel und der Gletscher, wo Freude und Schwierigkeit<br \/>\nnebeneinander her gehen&#8230;<\/p>\n<p>Comicband \u00fcber die Patrouille des Glaciers, gezeichnet von Claude Derib.<\/p>\n<p>Fester Einband,<br \/>\n78 Seiten.<\/p>","protected":false},"excerpt":{"rendered":"<p>La Patrouille des Glaciers &#8211; Ein Abenteuer auf Skiern von Zermatt, \u00fcber Arolla nach V\u00e9rbier! Folgen Sie Camille und ihrem Team bei diesem mythischen Wettlauf. Erleben Sie die Sch\u00f6nheit der Berggipfel und der Gletscher, wo Freude und Schwierigkeit nebeneinander her gehen&#8230; Comicband \u00fcber die Patrouille des Glaciers, gezeichnet von Claude Derib. Fester Einband, 78 Seiten.<\/p>","protected":false},"featured_media":172433,"template":"","meta":[],"product_brand":[],"product_cat":[21881],"product_tag":[],"class_list":{"0":"post-146609","1":"product","2":"type-product","3":"status-publish","4":"has-post-thumbnail","6":"product_cat-comics","7":"pa_autor-derib","8":"pa_erscheinungsjahr-21546","9":"pa_region-schweiz","10":"pa_sprache-de","12":"first","13":"instock","14":"taxable","15":"shipping-taxable","16":"purchasable","17":"product-type-simple"},"_links":{"self":[{"href":"https:\/\/pizbube.ch\/en\/wp-json\/wp\/v2\/product\/146609","targetHints":{"allow":["GET"]}}],"collection":[{"href":"https:\/\/pizbube.ch\/en\/wp-json\/wp\/v2\/product"}],"about":[{"href":"https:\/\/pizbube.ch\/en\/wp-json\/wp\/v2\/types\/product"}],"wp:featuredmedia":[{"embeddable":true,"href":"https:\/\/pizbube.ch\/en\/wp-json\/wp\/v2\/media\/172433"}],"wp:attachment":[{"href":"https:\/\/pizbube.ch\/en\/wp-json\/wp\/v2\/media?parent=146609"}],"wp:term":[{"taxonomy":"product_brand","embeddable":true,"href":"https:\/\/pizbube.ch\/en\/wp-json\/wp\/v2\/product_brand?post=146609"},{"taxonomy":"product_cat","embeddable":true,"href":"https:\/\/pizbube.ch\/en\/wp-json\/wp\/v2\/product_cat?post=146609"},{"taxonomy":"product_tag","embeddable":true,"href":"https:\/\/pizbube.ch\/en\/wp-json\/wp\/v2\/product_tag?post=146609"}],"curies":[{"name":"wp","href":"https:\/\/api.w.org\/{rel}","templated":true}]}}