{"id":146610,"date":"2021-01-15T10:54:00","date_gmt":"2021-01-15T10:54:00","guid":{"rendered":"https:\/\/codengine3.ch\/?product=import-placeholder-for-200075"},"modified":"2023-02-17T12:14:51","modified_gmt":"2023-02-17T11:14:51","slug":"verdon-2017-52-ans-520-voies-descalade-au-verdon","status":"publish","type":"product","link":"https:\/\/pizbube.ch\/en\/shop\/verdon-2017-52-ans-520-voies-descalade-au-verdon\/","title":{"rendered":"Verdon 2017 &#8211; 52 ans &amp; 520 voies d&#8217;escalade au Verdon"},"content":{"rendered":"<p>Nous n\u2019avons pas voulu \u00eatre exhaustifs mais faire un choix parmi les<br \/>\nnombreuses voies des gorges, non pas en gardant les plus belles (l\u00e0, ce serait<br \/>\nmission impossible), mais en supprimant :<\/p>\n<p>5200 longueurs!<br \/>\n\u2022 les voies d\u2019artif pur.<br \/>\n\u2022 les voies tr\u00e8s peu fr\u00e9quent\u00e9es, anciennes, souvent v\u00e9g\u00e9tatives et mal<br \/>\nentretenues, sur lesquelles nous n\u2019avions que des informations fragmentaires.<br \/>\n\u2022 quelques voies de libre plus ou moins modernes dont l\u2019int\u00e9r\u00eat nous a<br \/>\nsembl\u00e9&#8230; limit\u00e9 par rapport au potentiel du site&#8230; (nous sommes d\u00e9sol\u00e9s,<br \/>\nvraiment d\u00e9sol\u00e9s pour les ouvreurs, ne le prenez pas mal ! ).<br \/>\n\u2022 Les \u00ab petites \u00bb falaises \u00e0 l\u2019exception du secteur Hulk cern\u00e9 de grandes<br \/>\nvoies. Un projet de topo compl\u00e9mentaire est d\u2019ailleurs dans l\u2019air.&#187;<\/p>\n<p>Un descriptif pr\u00e9cis<br \/>\n&#171;En r\u00e9duisant le nombre de voies d\u00e9crites nous esp\u00e9rons avoir gagn\u00e9 en<br \/>\nlisibilit\u00e9 sur les trac\u00e9s (les itin\u00e9raires non d\u00e9crits sont cependant signal\u00e9s<br \/>\npar des fl\u00e8ches lorsqu\u2019ils sont visibles et croisent des voies d\u00e9crites) et en<br \/>\nplace dans le livre pour faire une description rapide de toutes les voies de<br \/>\nplusieurs longueurs (style d\u2019escalade, engagement, mat\u00e9riel \u00e0 prendre&#8230;).<\/p>\n<p>Sauf exceptions signal\u00e9es toutes les voies r\u00e9pertori\u00e9es ont \u00e9t\u00e9 parcourues,<br \/>\npeu de temps avant d\u2019\u00eatre trac\u00e9es, par au moins un des auteurs (on aurait bien<br \/>\naim\u00e9 dire qu\u2019on a tout encha\u00een\u00e9, mais il reste encore du travail&#8230;).<\/p>\n<p>Cette exigence nous aura donn\u00e9 l\u2019occasion de revoir pas mal de classiques, de<br \/>\nvisiter quelques itin\u00e9raires franchement infr\u00e9quentables (tr\u00e8s peu cependant<br \/>\n!) et de faire dispara\u00eetre un certain nombre d\u2019erreurs qui se recopiaient<br \/>\ndepuis pas loin de dix g\u00e9n\u00e9rations de topos&#8230;<\/p>\n<p>Le topo est \u00e9dit\u00e9 par le Comit\u00e9 D\u00e9partemental FFME, qui a rapidement suivi<br \/>\nnotre d\u00e9marche. Les auteurs sont enti\u00e8rement b\u00e9n\u00e9voles, seul un graphiste<br \/>\nayant \u00e9t\u00e9 r\u00e9mun\u00e9r\u00e9 pour \u00e9laborer une charte graphique et g\u00e9rer les relations<br \/>\navec l\u2019imprimeur.<\/p>","protected":false},"excerpt":{"rendered":"<p>Nous n\u2019avons pas voulu \u00eatre exhaustifs mais faire un choix parmi les nombreuses voies des gorges, non pas en gardant les plus belles (l\u00e0, ce serait mission impossible), mais en supprimant : 5200 longueurs! \u2022 les voies d\u2019artif pur. \u2022 les voies tr\u00e8s peu fr\u00e9quent\u00e9es, anciennes, souvent v\u00e9g\u00e9tatives et mal entretenues, sur lesquelles nous n\u2019avions [&#8230;]\n","protected":false},"featured_media":158383,"template":"","meta":[],"product_brand":[],"product_cat":[21539],"product_tag":[],"class_list":{"0":"post-146610","1":"product","2":"type-product","3":"status-publish","4":"has-post-thumbnail","6":"product_cat-fuehrerliteratur-sportklettern-bouldern","7":"pa_autor-adlinger-dobel-faudou","8":"pa_erscheinungsjahr-21574","9":"pa_region-frankreich","10":"pa_sprache-fr","12":"first","13":"outofstock","14":"taxable","15":"shipping-taxable","16":"purchasable","17":"product-type-simple"},"_links":{"self":[{"href":"https:\/\/pizbube.ch\/en\/wp-json\/wp\/v2\/product\/146610","targetHints":{"allow":["GET"]}}],"collection":[{"href":"https:\/\/pizbube.ch\/en\/wp-json\/wp\/v2\/product"}],"about":[{"href":"https:\/\/pizbube.ch\/en\/wp-json\/wp\/v2\/types\/product"}],"wp:featuredmedia":[{"embeddable":true,"href":"https:\/\/pizbube.ch\/en\/wp-json\/wp\/v2\/media\/158383"}],"wp:attachment":[{"href":"https:\/\/pizbube.ch\/en\/wp-json\/wp\/v2\/media?parent=146610"}],"wp:term":[{"taxonomy":"product_brand","embeddable":true,"href":"https:\/\/pizbube.ch\/en\/wp-json\/wp\/v2\/product_brand?post=146610"},{"taxonomy":"product_cat","embeddable":true,"href":"https:\/\/pizbube.ch\/en\/wp-json\/wp\/v2\/product_cat?post=146610"},{"taxonomy":"product_tag","embeddable":true,"href":"https:\/\/pizbube.ch\/en\/wp-json\/wp\/v2\/product_tag?post=146610"}],"curies":[{"name":"wp","href":"https:\/\/api.w.org\/{rel}","templated":true}]}}