{"id":146611,"date":"2021-01-15T10:54:00","date_gmt":"2021-01-15T10:54:00","guid":{"rendered":"https:\/\/codengine3.ch\/?product=import-placeholder-for-200830"},"modified":"2025-10-11T13:07:59","modified_gmt":"2025-10-11T11:07:59","slug":"aiguines-verdon-rive-gauche","status":"publish","type":"product","link":"https:\/\/pizbube.ch\/en\/shop\/aiguines-verdon-rive-gauche\/","title":{"rendered":"Aiguines Verdon Rive Gauche"},"content":{"rendered":"<p>Plus qu&#8217;un topo d&#8217;escalade, un ouvrage pour d\u00e9couvrir \u00e0 travers la grimpe un<br \/>\naspect m\u00e9connu du Verdon.<\/p>\n<p>Plus de 400 longueurs r\u00e9pertori\u00e9es<br \/>\nSites d\u00e9crits : Bauchet, Les Cavaliers, Salli\u00e8res, les Hauts-Vernis, Pantin du<br \/>\nN\u00e9ant, Pas de Gairou, Petites Pointes, Vallon d&#8217;Estay, Col d&#8217;Illoire, Le<br \/>\nGaletas.<\/p>\n<p>Aiguines et ses proches alentours vous proposent plus de 400 longueurs<br \/>\nd&#8217;escalade sportive pour tous les niveaux de pratique. Baign\u00e9es de lumi\u00e8re et<br \/>\nde couleurs, gorg\u00e9es de senteurs d\u00e9licates, les roches de la rive gauche<br \/>\nvalent le d\u00e9tour en toute saison, car il y a toujours du soleil et de l&#8217;ombre<br \/>\nsur l&#8217;une ou l&#8217;autre des 10 falaises pr\u00e9sent\u00e9es dans cet ouvrage. Voici donc<br \/>\nune destination privil\u00e9gi\u00e9e pour qui veut communier, \u00e0 travers l&#8217;escalade,<br \/>\navec les sublimes espaces naturels des myst\u00e9rieuses, sauvages, et si<br \/>\nrenomm\u00e9es, Gorges du Verdon.<\/p>\n<p>&nbsp;<\/p>\n<p>More than 400 sportroutes at Aiguines and the surrounding area are described<br \/>\nin this neat little topo climbing guide &#8211; the Verdon Gorge needs no<br \/>\nintroduction to climbers of a certain &#8218;vintage&#8216; but seems to have fallen out<br \/>\nof favour with the Brits over the past few years. The routes covered here are<br \/>\nall on the left bank of the gorge, climbing is available in the sun or in the<br \/>\nshade with a range of grades from 5+ to 7c.<\/p>","protected":false},"excerpt":{"rendered":"<p>Plus qu&#8217;un topo d&#8217;escalade, un ouvrage pour d\u00e9couvrir \u00e0 travers la grimpe un aspect m\u00e9connu du Verdon. Plus de 400 longueurs r\u00e9pertori\u00e9es Sites d\u00e9crits : Bauchet, Les Cavaliers, Salli\u00e8res, les Hauts-Vernis, Pantin du N\u00e9ant, Pas de Gairou, Petites Pointes, Vallon d&#8217;Estay, Col d&#8217;Illoire, Le Galetas. Aiguines et ses proches alentours vous proposent plus de 400 [&#8230;]\n","protected":false},"featured_media":179172,"template":"","meta":[],"product_brand":[],"product_cat":[21539],"product_tag":[],"class_list":{"0":"post-146611","1":"product","2":"type-product","3":"status-publish","4":"has-post-thumbnail","6":"product_cat-fuehrerliteratur-sportklettern-bouldern","7":"pa_autor-bugada","8":"pa_erscheinungsjahr-21621","9":"pa_region-frankreich","10":"pa_sprache-e","11":"pa_sprache-f","13":"first","14":"instock","15":"taxable","16":"shipping-taxable","17":"purchasable","18":"product-type-simple"},"_links":{"self":[{"href":"https:\/\/pizbube.ch\/en\/wp-json\/wp\/v2\/product\/146611","targetHints":{"allow":["GET"]}}],"collection":[{"href":"https:\/\/pizbube.ch\/en\/wp-json\/wp\/v2\/product"}],"about":[{"href":"https:\/\/pizbube.ch\/en\/wp-json\/wp\/v2\/types\/product"}],"wp:featuredmedia":[{"embeddable":true,"href":"https:\/\/pizbube.ch\/en\/wp-json\/wp\/v2\/media\/179172"}],"wp:attachment":[{"href":"https:\/\/pizbube.ch\/en\/wp-json\/wp\/v2\/media?parent=146611"}],"wp:term":[{"taxonomy":"product_brand","embeddable":true,"href":"https:\/\/pizbube.ch\/en\/wp-json\/wp\/v2\/product_brand?post=146611"},{"taxonomy":"product_cat","embeddable":true,"href":"https:\/\/pizbube.ch\/en\/wp-json\/wp\/v2\/product_cat?post=146611"},{"taxonomy":"product_tag","embeddable":true,"href":"https:\/\/pizbube.ch\/en\/wp-json\/wp\/v2\/product_tag?post=146611"}],"curies":[{"name":"wp","href":"https:\/\/api.w.org\/{rel}","templated":true}]}}