{"id":146612,"date":"2021-01-15T10:54:00","date_gmt":"2021-01-15T10:54:00","guid":{"rendered":"https:\/\/codengine3.ch\/?product=import-placeholder-for-205554"},"modified":"2024-08-06T11:08:09","modified_gmt":"2024-08-06T09:08:09","slug":"les-fous-du-verdon","status":"publish","type":"product","link":"https:\/\/pizbube.ch\/en\/shop\/les-fous-du-verdon\/","title":{"rendered":"Les Fous du Verdon"},"content":{"rendered":"<p>D\u00e9couvrez le Verdon : ses falaises, ses grimpeurs, ses gorges&#8230;<\/p>\n<p>Du premier jour o\u00f9 Barney a p\u00e9n\u00e9tr\u00e9 le sanctuaire et toutes les fois qu&#8217;il y<br \/>\nest retourn\u00e9, le miracle s&#8217;est renouvel\u00e9, le choc initial a surv\u00e9cu \u00e0 l&#8217;usure<br \/>\ndu temps. Jamais notre auteur ne s&#8217;est lass\u00e9 du spectacle grandiose qu&#8217;offrent<br \/>\nles gorges.<br \/>\nCela prouve \u00e0 ceux qui en douteraient encore que les grimpeurs ne bornent pas<br \/>\nleur horizon aux limites \u00e9troites de la ligne suivie, ou aux quelques m\u00e8tres<br \/>\nqui les s\u00e9parent du relais, mais inscrivent leurs pratiques au coeur m\u00eame du<br \/>\nd\u00e9cor, o\u00f9 ils sont \u00e0 la fois acteurs et spectateurs, funambules sans pareils<br \/>\net, dans les intermittences de ll&#8217;action, esth\u00e8tes subjugu\u00e9s par la beaut\u00e9 des<br \/>\nlieux.<\/p>\n<p>&#8218;Il y a l\u00e0 une v\u00e9ritable merveille sans seconde en Europe&#8216;, d\u00e9clare Edouard<br \/>\nAlfred Martel, au d\u00e9but du si\u00e8cle dernier. Et le p\u00e8re de la sp\u00e9l\u00e9ologie<br \/>\nmoderne ajoute qu&#8217;il n&#8217;a pas chang\u00e9 d&#8217;avis apr\u00e8s avoir vu, en 1912, le grand<br \/>\nCanyon du Colorado. On datera de cette \u00e9poque la fondation du mythe du Verdon,<br \/>\net son installation d\u00e9finitive dans la m\u00e9moire collective apr\u00e8s la conqu\u00eate de<br \/>\nses parois, au d\u00e9but des ann\u00e9es soixante, par des grimpeurs courageux qui ont<br \/>\nos\u00e9 d\u00e9fier le monstre, et par l\u00e0 m\u00eame, \u00e9tendu la r\u00e9putation des gorges au<br \/>\nmonde entier.<\/p>\n<p>Mythique, donc : l&#8217;adjectif reviendra souvent sous la plume de Barney Vaucher.<br \/>\nOn sait les grimpeurs et ceux qui chroniquent leurs exploits grands<br \/>\ncollectionneurs de superlatifs, mais appliqu\u00e9s \u00e0 la splendeur des lieux, aux<br \/>\nd\u00e9vers effrayants de ses parois et \u00e0 l&#8217;intr\u00e9pidit\u00e9 des grimpeurs qui s&#8217;y<br \/>\nrisquent, les qualificatifs les plus \u00e9logieux, les \u00e9pith\u00e8tes les plus<br \/>\n\u00e9bouriffants suffisent \u00e0 peine \u00e0 donner la mesure, les vrais dimensions des<br \/>\nmythes, des l\u00e9gendes et des h\u00e9ros que le Verdon a engendr\u00e9s.<br \/>\nJeune grimpeur, Barney Vaucher a c\u00f4toy\u00e9 les pionniers du Verdon, puis s&#8217;est<br \/>\nencord\u00e9 avec quelques-unes des &#8218;pointures&#8216; qui ont ouvert les lignes les plus<br \/>\ndifficiles des gorges.<\/p>\n<p>En quarante ans de fr\u00e9quentation assidue des lieux, rien de ce qu&#8217;il est<br \/>\npossible de faire, de bas en haut, \u00e0 la force des bras et de haut en bas par<br \/>\ntous moyens \u00e0 sa port\u00e9e n&#8217;a \u00e9chapp\u00e9 \u00e0 l&#8217;infatigable Barney.<br \/>\nLa somme qu&#8217;il consacre au Verdon est appel\u00e9e \u00e0 devenir l&#8217;ouvrage de r\u00e9f\u00e9rence<br \/>\npour tous les passionn\u00e9s d&#8217;escalade.<\/p>\n<p>EDITION Format (Taille) 120 x 170 mm; Reprint 2018<\/p>","protected":false},"excerpt":{"rendered":"<ul>\n<li><strong><a href=\"https:\/\/pizbube.ch\/wp-content\/uploads\/attachments\/a_030\/E6E6DD0AF93F37EDD05F990620637C88.pdf\" target=\"_blank\" rel=\"noopener\">PDF: les_fous_du-verdon_extrait.pdf<\/a><\/strong><\/li>\n<\/ul>","protected":false},"featured_media":174194,"template":"","meta":[],"product_brand":[],"product_cat":[21542],"product_tag":[],"class_list":{"0":"post-146612","1":"product","2":"type-product","3":"status-publish","4":"has-post-thumbnail","6":"product_cat-sachbuecher-dokumentationen","7":"pa_autor-vaucher","8":"pa_erscheinungsjahr-21546","9":"pa_region-frankreich","10":"pa_sprache-fr","12":"first","13":"instock","14":"taxable","15":"shipping-taxable","16":"purchasable","17":"product-type-simple"},"_links":{"self":[{"href":"https:\/\/pizbube.ch\/en\/wp-json\/wp\/v2\/product\/146612","targetHints":{"allow":["GET"]}}],"collection":[{"href":"https:\/\/pizbube.ch\/en\/wp-json\/wp\/v2\/product"}],"about":[{"href":"https:\/\/pizbube.ch\/en\/wp-json\/wp\/v2\/types\/product"}],"wp:featuredmedia":[{"embeddable":true,"href":"https:\/\/pizbube.ch\/en\/wp-json\/wp\/v2\/media\/174194"}],"wp:attachment":[{"href":"https:\/\/pizbube.ch\/en\/wp-json\/wp\/v2\/media?parent=146612"}],"wp:term":[{"taxonomy":"product_brand","embeddable":true,"href":"https:\/\/pizbube.ch\/en\/wp-json\/wp\/v2\/product_brand?post=146612"},{"taxonomy":"product_cat","embeddable":true,"href":"https:\/\/pizbube.ch\/en\/wp-json\/wp\/v2\/product_cat?post=146612"},{"taxonomy":"product_tag","embeddable":true,"href":"https:\/\/pizbube.ch\/en\/wp-json\/wp\/v2\/product_tag?post=146612"}],"curies":[{"name":"wp","href":"https:\/\/api.w.org\/{rel}","templated":true}]}}