{"id":146613,"date":"2021-01-15T10:54:00","date_gmt":"2021-01-15T10:54:00","guid":{"rendered":"https:\/\/codengine3.ch\/?product=import-placeholder-for-205912"},"modified":"2023-09-16T10:17:10","modified_gmt":"2023-09-16T08:17:10","slug":"king-of-da-caillasse-vol-2-dvd","status":"publish","type":"product","link":"https:\/\/pizbube.ch\/en\/shop\/king-of-da-caillasse-vol-2-dvd\/","title":{"rendered":"King of da caillasse Vol. 2 DVD"},"content":{"rendered":"<p>Quelques uns des meilleurs grimpeurs mondiaux (Tony Lamiche, J\u00e9r\u00f4me Meyer,<br \/>\nG\u00e9rome Pouvreau, Loic Gaidioz,&#8230;) tapent des essais, avec la corde pour<br \/>\ncertains, arm\u00e9s d&#8217;un crash-pad pour d&#8217;autres, dans diff\u00e9rents spots \u00e0 la<br \/>\nrenom\u00e9 internationale (le Verdon, Tralenta, la Sainte-Victoire, Santa<br \/>\nGadea,&#8230;).De l&#8217;escalade de tous niveaux et dans tous les styles.<\/p>\n<p>Au programme : Gerome Pouvreau dans Audabe 8c+ \u00e0 la Sainte victoire, G\u00e9g\u00e9<br \/>\nMeyer et loic Gaidioz \u00e0 Bonneval-sur-Arc, Tony Lamiche dans la Proue D\u00e9vrid\u00e9<br \/>\n8c+ \u00e0 la Roche de Rame, Trip d\u00e9couverte du nouveau spot d\u00e9ment de Santa-Gad\u00e9a,<br \/>\nune session dans les mythiques georges du Verdon (Hulkosor et deep water),<br \/>\nquelques blocs d\u00e9ments \u00e0 Ailefroide et la d\u00e9couverte d&#8217;une nouvelle falaise du<br \/>\nBrian\u00e7onnais : L&#8217;Aup martin.<\/p>\n<p>Grimpeurs : Toni Lamiche, Jerome Meyer, Loic Gaidioz, Gerome Pouvreau, Ben et<br \/>\nMat Semiond, Eric Jamet, Isa Carrier, Audrey Bosc<br \/>\nPAL16\/9, Zone 2, Dur\u00e9e : 72 mn<\/p>","protected":false},"excerpt":{"rendered":"<p>Quelques uns des meilleurs grimpeurs mondiaux (Tony Lamiche, J\u00e9r\u00f4me Meyer, G\u00e9rome Pouvreau, Loic Gaidioz,&#8230;) tapent des essais, avec la corde pour certains, arm\u00e9s d&#8217;un crash-pad pour d&#8217;autres, dans diff\u00e9rents spots \u00e0 la renom\u00e9 internationale (le Verdon, Tralenta, la Sainte-Victoire, Santa Gadea,&#8230;).De l&#8217;escalade de tous niveaux et dans tous les styles. Au programme : Gerome Pouvreau [&#8230;]\n","protected":false},"featured_media":34767,"template":"","meta":[],"product_brand":[],"product_cat":[21628],"product_tag":[],"class_list":{"0":"post-146613","1":"product","2":"type-product","3":"status-publish","4":"has-post-thumbnail","6":"product_cat-video-dvd-multimedia","7":"pa_autor-team-les-collets","8":"pa_erscheinungsjahr-21693","9":"pa_region-frankreich","10":"pa_sprache-fr","12":"first","13":"outofstock","14":"taxable","15":"shipping-taxable","16":"purchasable","17":"product-type-simple"},"_links":{"self":[{"href":"https:\/\/pizbube.ch\/en\/wp-json\/wp\/v2\/product\/146613","targetHints":{"allow":["GET"]}}],"collection":[{"href":"https:\/\/pizbube.ch\/en\/wp-json\/wp\/v2\/product"}],"about":[{"href":"https:\/\/pizbube.ch\/en\/wp-json\/wp\/v2\/types\/product"}],"wp:featuredmedia":[{"embeddable":true,"href":"https:\/\/pizbube.ch\/en\/wp-json\/wp\/v2\/media\/34767"}],"wp:attachment":[{"href":"https:\/\/pizbube.ch\/en\/wp-json\/wp\/v2\/media?parent=146613"}],"wp:term":[{"taxonomy":"product_brand","embeddable":true,"href":"https:\/\/pizbube.ch\/en\/wp-json\/wp\/v2\/product_brand?post=146613"},{"taxonomy":"product_cat","embeddable":true,"href":"https:\/\/pizbube.ch\/en\/wp-json\/wp\/v2\/product_cat?post=146613"},{"taxonomy":"product_tag","embeddable":true,"href":"https:\/\/pizbube.ch\/en\/wp-json\/wp\/v2\/product_tag?post=146613"}],"curies":[{"name":"wp","href":"https:\/\/api.w.org\/{rel}","templated":true}]}}