{"id":146620,"date":"2021-01-15T10:54:00","date_gmt":"2021-01-15T10:54:00","guid":{"rendered":"https:\/\/codengine3.ch\/?product=import-placeholder-for-200391"},"modified":"2021-01-15T10:57:07","modified_gmt":"2021-01-15T10:57:07","slug":"provence-du-luberon-au-ventoux","status":"publish","type":"product","link":"https:\/\/pizbube.ch\/en\/shop\/provence-du-luberon-au-ventoux\/","title":{"rendered":"Provence &#8211; du Luberon au Ventoux"},"content":{"rendered":"<p>Provence Tome 2<br \/>\n90 Randonn\u00e9es a pieds et \u00e0 VTT<\/p>\n<p>Apr\u00e8s un premier volume consacr\u00e9 \u00e0 la partie Bouches-du-Rh\u00f4ne de la Provence,<br \/>\nles quatre auteurs convient \u00e0 parcourir la partie \u00ab haute \u00bb de la Provence \u00e0<br \/>\ntravers 45 itin\u00e9raires de difficult\u00e9s vari\u00e9es, \u00e0 r\u00e9aliser \u00e0 pied ou \u00e0 v\u00e9lo<br \/>\ntout terrain, compl\u00e9t\u00e9s par de multiples propositions plus ou moins sportives,<br \/>\nce qui porte \u00e0 plus de 90 le nombre de parcours pr\u00e9sent\u00e9s, le tout agr\u00e9ment\u00e9<br \/>\nd\u2019informations th\u00e9matiques et pratiques, d\u2019id\u00e9es de courts s\u00e9jours et des<br \/>\nsuggestions d\u2019activit\u00e9s sportives \u00e0 essayer.<\/p>\n<p>Du Luberon au Ventoux en passant par les monts du Vaucluse et les Dentelles de<br \/>\nMontmirail, de village en paysage, cette d\u00e9couverte donnera de quoi satisfaire<br \/>\nles besoins d\u2019\u00e9vasion.<\/p>","protected":false},"excerpt":{"rendered":"<p>Provence Tome 2 90 Randonn\u00e9es a pieds et \u00e0 VTT Apr\u00e8s un premier volume consacr\u00e9 \u00e0 la partie Bouches-du-Rh\u00f4ne de la Provence, les quatre auteurs convient \u00e0 parcourir la partie \u00ab haute \u00bb de la Provence \u00e0 travers 45 itin\u00e9raires de difficult\u00e9s vari\u00e9es, \u00e0 r\u00e9aliser \u00e0 pied ou \u00e0 v\u00e9lo tout terrain, compl\u00e9t\u00e9s par de [&#8230;]\n","protected":false},"featured_media":26775,"template":"","meta":[],"product_brand":[],"product_cat":[21605],"product_tag":[],"class_list":{"0":"post-146620","1":"product","2":"type-product","3":"status-publish","4":"has-post-thumbnail","6":"product_cat-wanderfuehrer-trekking","7":"pa_autor-correard-guarente-perdiguier-lopez","8":"pa_erscheinungsjahr-21610","9":"pa_region-frankreich","10":"pa_sprache-fr","12":"first","13":"instock","14":"taxable","15":"shipping-taxable","16":"purchasable","17":"product-type-simple"},"_links":{"self":[{"href":"https:\/\/pizbube.ch\/en\/wp-json\/wp\/v2\/product\/146620","targetHints":{"allow":["GET"]}}],"collection":[{"href":"https:\/\/pizbube.ch\/en\/wp-json\/wp\/v2\/product"}],"about":[{"href":"https:\/\/pizbube.ch\/en\/wp-json\/wp\/v2\/types\/product"}],"wp:featuredmedia":[{"embeddable":true,"href":"https:\/\/pizbube.ch\/en\/wp-json\/wp\/v2\/media\/26775"}],"wp:attachment":[{"href":"https:\/\/pizbube.ch\/en\/wp-json\/wp\/v2\/media?parent=146620"}],"wp:term":[{"taxonomy":"product_brand","embeddable":true,"href":"https:\/\/pizbube.ch\/en\/wp-json\/wp\/v2\/product_brand?post=146620"},{"taxonomy":"product_cat","embeddable":true,"href":"https:\/\/pizbube.ch\/en\/wp-json\/wp\/v2\/product_cat?post=146620"},{"taxonomy":"product_tag","embeddable":true,"href":"https:\/\/pizbube.ch\/en\/wp-json\/wp\/v2\/product_tag?post=146620"}],"curies":[{"name":"wp","href":"https:\/\/api.w.org\/{rel}","templated":true}]}}