{"id":146622,"date":"2021-01-15T10:54:00","date_gmt":"2021-01-15T10:54:00","guid":{"rendered":"https:\/\/codengine3.ch\/?product=import-placeholder-for-200077"},"modified":"2023-02-07T10:54:59","modified_gmt":"2023-02-07T09:54:59","slug":"wanderwelt-val-muestair","status":"publish","type":"product","link":"https:\/\/pizbube.ch\/en\/shop\/wanderwelt-val-muestair\/","title":{"rendered":"Wanderwelt Val M\u00fcstair"},"content":{"rendered":"<p>Wanderungen und Schneeschuhtouren zwischen Ofenpass und Glurns<\/p>\n<p>Das Val M\u00fcstair verbindet das Engadin mit dem S\u00fcdtiroler Vinschgau. Der<br \/>\nRegionale Naturpark bietet viel ungez\u00e4hmte Natur und eine gro\u00dfe Artenvielfalt.<br \/>\nHochalpine Landschaften findet man dort ebenso wie mediterrane Vegetation.<br \/>\nDabei ist das sonnenverw\u00f6hnte Tal eine Wanderwelt f\u00fcr alle Jahreszeiten.<\/p>\n<p>Im Fr\u00fchling locken Blumenwiesen neben uralten L\u00e4rchen- und Arvenw\u00e4ldern. Im<br \/>\nSommer und Herbst bieten Gipfel, Pass\u00fcberg\u00e4nge und H\u00f6henwege atemberaubende<br \/>\nTouren. Der Winter wiederum pr\u00e4sentiert eine tief verschneite M\u00e4rchenwelt,<br \/>\nderen Zauber man am besten mit Schneeschuhen oder auf Winterwanderwegen<br \/>\nentdeckt. \u00c4u\u00dferst sehenswert sind auch das UNESCO-Welterbe Kloster St. Johann<br \/>\nin M\u00fcstair, die pittoresken D\u00f6rfer mit ihren Sgrafitti-verzierten H\u00e4usern oder<br \/>\ndie Kirchen und Burgruinen um Taufers.<\/p>\n<p>Das Buch enth\u00e4lt 20 Wanderungen, 6 Schneeschuhtouren und 4 Winterwanderungen,<br \/>\neinen ausf\u00fchrlichen Serviceteil sowie zahlreiche Hintergrundartikel zu Natur,<br \/>\nKultur und Geschichte.<\/p>\n<p>320 Seiten, 19.0 \u00d7 12.0 cm, Flexcover<\/p>","protected":false},"excerpt":{"rendered":"<p>Wanderungen und Schneeschuhtouren zwischen Ofenpass und Glurns Das Val M\u00fcstair verbindet das Engadin mit dem S\u00fcdtiroler Vinschgau. Der Regionale Naturpark bietet viel ungez\u00e4hmte Natur und eine gro\u00dfe Artenvielfalt. Hochalpine Landschaften findet man dort ebenso wie mediterrane Vegetation. Dabei ist das sonnenverw\u00f6hnte Tal eine Wanderwelt f\u00fcr alle Jahreszeiten. Im Fr\u00fchling locken Blumenwiesen neben uralten L\u00e4rchen- und [&#8230;]\n","protected":false},"featured_media":166018,"template":"","meta":[],"product_brand":[],"product_cat":[21605],"product_tag":[],"class_list":{"0":"post-146622","1":"product","2":"type-product","3":"status-publish","4":"has-post-thumbnail","6":"product_cat-wanderfuehrer-trekking","7":"pa_autor-fleuti-kippe","8":"pa_erscheinungsjahr-21546","9":"pa_region-schweiz","10":"pa_sprache-de","12":"first","13":"instock","14":"taxable","15":"shipping-taxable","16":"purchasable","17":"product-type-simple"},"_links":{"self":[{"href":"https:\/\/pizbube.ch\/en\/wp-json\/wp\/v2\/product\/146622","targetHints":{"allow":["GET"]}}],"collection":[{"href":"https:\/\/pizbube.ch\/en\/wp-json\/wp\/v2\/product"}],"about":[{"href":"https:\/\/pizbube.ch\/en\/wp-json\/wp\/v2\/types\/product"}],"wp:featuredmedia":[{"embeddable":true,"href":"https:\/\/pizbube.ch\/en\/wp-json\/wp\/v2\/media\/166018"}],"wp:attachment":[{"href":"https:\/\/pizbube.ch\/en\/wp-json\/wp\/v2\/media?parent=146622"}],"wp:term":[{"taxonomy":"product_brand","embeddable":true,"href":"https:\/\/pizbube.ch\/en\/wp-json\/wp\/v2\/product_brand?post=146622"},{"taxonomy":"product_cat","embeddable":true,"href":"https:\/\/pizbube.ch\/en\/wp-json\/wp\/v2\/product_cat?post=146622"},{"taxonomy":"product_tag","embeddable":true,"href":"https:\/\/pizbube.ch\/en\/wp-json\/wp\/v2\/product_tag?post=146622"}],"curies":[{"name":"wp","href":"https:\/\/api.w.org\/{rel}","templated":true}]}}