{"id":146623,"date":"2021-01-15T10:54:00","date_gmt":"2021-01-15T10:54:00","guid":{"rendered":"https:\/\/codengine3.ch\/?product=import-placeholder-for-202888"},"modified":"2021-01-15T12:40:13","modified_gmt":"2021-01-15T12:40:13","slug":"filmlandschaft-engadin-bergell-puschlav-muenstertal","status":"publish","type":"product","link":"https:\/\/pizbube.ch\/en\/shop\/filmlandschaft-engadin-bergell-puschlav-muenstertal\/","title":{"rendered":"Filmlandschaft Engadin, Bergell, Puschlav, M\u00fcnstertal"},"content":{"rendered":"<p>W\u00e4hrend des 20. Jahrhunderts sind im Engadin, Bergell und Puschlav rund 500<br \/>\nFilme gedreht worden, von der dreimin\u00fctigen Engadin-Comersee-Fahrt \u00fcber<br \/>\ndokumentarische Arbeiten bis zu abendf\u00fcllenden Spielfilmen wie &#8218;Die weisse<br \/>\nH\u00f6lle vom Piz Pal\u00fc&#8216;. Filmlandschaft stellt diese F\u00fclle umfassend vor: mit<br \/>\nFilmfotos, Zitaten, Dokumenten, Erinnerungen von Zeitzeugen und<br \/>\nLiteraturhinweisen.<br \/>\n400 s\/w. Fotos, Abb.. 396 S..<\/p>","protected":false},"excerpt":{"rendered":"<p>W\u00e4hrend des 20. Jahrhunderts sind im Engadin, Bergell und Puschlav rund 500 Filme gedreht worden, von der dreimin\u00fctigen Engadin-Comersee-Fahrt \u00fcber dokumentarische Arbeiten bis zu abendf\u00fcllenden Spielfilmen wie &#8218;Die weisse H\u00f6lle vom Piz Pal\u00fc&#8216;. Filmlandschaft stellt diese F\u00fclle umfassend vor: mit Filmfotos, Zitaten, Dokumenten, Erinnerungen von Zeitzeugen und Literaturhinweisen. 400 s\/w. Fotos, Abb.. 396 S..<\/p>","protected":false},"featured_media":30360,"template":"","meta":[],"product_brand":[],"product_cat":[21580],"product_tag":[],"class_list":{"0":"post-146623","1":"product","2":"type-product","3":"status-publish","4":"has-post-thumbnail","6":"product_cat-kunst-kultur","7":"pa_autor-frischknecht","8":"pa_erscheinungsjahr-22292","9":"pa_region-schweiz","10":"pa_sprache-de","12":"first","13":"instock","14":"taxable","15":"shipping-taxable","16":"purchasable","17":"product-type-simple"},"_links":{"self":[{"href":"https:\/\/pizbube.ch\/en\/wp-json\/wp\/v2\/product\/146623","targetHints":{"allow":["GET"]}}],"collection":[{"href":"https:\/\/pizbube.ch\/en\/wp-json\/wp\/v2\/product"}],"about":[{"href":"https:\/\/pizbube.ch\/en\/wp-json\/wp\/v2\/types\/product"}],"wp:featuredmedia":[{"embeddable":true,"href":"https:\/\/pizbube.ch\/en\/wp-json\/wp\/v2\/media\/30360"}],"wp:attachment":[{"href":"https:\/\/pizbube.ch\/en\/wp-json\/wp\/v2\/media?parent=146623"}],"wp:term":[{"taxonomy":"product_brand","embeddable":true,"href":"https:\/\/pizbube.ch\/en\/wp-json\/wp\/v2\/product_brand?post=146623"},{"taxonomy":"product_cat","embeddable":true,"href":"https:\/\/pizbube.ch\/en\/wp-json\/wp\/v2\/product_cat?post=146623"},{"taxonomy":"product_tag","embeddable":true,"href":"https:\/\/pizbube.ch\/en\/wp-json\/wp\/v2\/product_tag?post=146623"}],"curies":[{"name":"wp","href":"https:\/\/api.w.org\/{rel}","templated":true}]}}