{"id":146624,"date":"2021-01-15T10:54:00","date_gmt":"2021-01-15T10:54:00","guid":{"rendered":"https:\/\/codengine3.ch\/?product=import-placeholder-for-206925"},"modified":"2021-01-15T14:53:28","modified_gmt":"2021-01-15T14:53:28","slug":"val-muestair","status":"publish","type":"product","link":"https:\/\/pizbube.ch\/en\/shop\/val-muestair\/","title":{"rendered":"Val M\u00fcstair"},"content":{"rendered":"<p>Sch\u00f6ne Wanderungen im \u00f6stlichsten Zipfel der Schweiz  <\/p>\n<p>Das Klosterdorf M\u00fcstair und die Gemeinden Sta. Maria, Valchava, Fuldera, L\u00fc<br \/>\nund Tschierv bilden zusammen die Val M\u00fcstair. Im magischen Dreieck Italien \u2013<br \/>\n\u00d6sterreich \u2013 Schweiz gelegen, bietet das Biosph\u00e4renreservat Val M\u00fcstair \u2013 Parc<br \/>\nNaziunal eine einzigartige Mischung aus Natur und Kultur. Dieser neue<br \/>\nWanderf\u00fchrer bietet Tourenvorschl\u00e4ge in und um die Val M\u00fcstair bis nach<br \/>\nS\u00fcdtirol, von der einfachen Talwanderung bis zur anspruchsvollen<br \/>\nHochgebirgswanderung. Neben der reinen Streckenbeschreibung erh\u00e4lt der<br \/>\ninteressierte Wanderer auch kulturhistorische Informationen sowie Hinweise auf<br \/>\nbesondere Sehensw\u00fcrdigkeiten entlang der Routen.  <\/p>","protected":false},"excerpt":{"rendered":"<p>Sch\u00f6ne Wanderungen im \u00f6stlichsten Zipfel der Schweiz Das Klosterdorf M\u00fcstair und die Gemeinden Sta. Maria, Valchava, Fuldera, L\u00fc und Tschierv bilden zusammen die Val M\u00fcstair. Im magischen Dreieck Italien \u2013 \u00d6sterreich \u2013 Schweiz gelegen, bietet das Biosph\u00e4renreservat Val M\u00fcstair \u2013 Parc Naziunal eine einzigartige Mischung aus Natur und Kultur. Dieser neue Wanderf\u00fchrer bietet Tourenvorschl\u00e4ge in [&#8230;]\n","protected":false},"featured_media":36446,"template":"","meta":[],"product_brand":[],"product_cat":[21605],"product_tag":[],"class_list":{"0":"post-146624","1":"product","2":"type-product","3":"status-publish","4":"has-post-thumbnail","6":"product_cat-wanderfuehrer-trekking","7":"pa_autor-wasow","8":"pa_erscheinungsjahr-21621","9":"pa_region-schweiz","10":"pa_sprache-de","12":"first","13":"instock","14":"taxable","15":"shipping-taxable","16":"purchasable","17":"product-type-simple"},"_links":{"self":[{"href":"https:\/\/pizbube.ch\/en\/wp-json\/wp\/v2\/product\/146624","targetHints":{"allow":["GET"]}}],"collection":[{"href":"https:\/\/pizbube.ch\/en\/wp-json\/wp\/v2\/product"}],"about":[{"href":"https:\/\/pizbube.ch\/en\/wp-json\/wp\/v2\/types\/product"}],"wp:featuredmedia":[{"embeddable":true,"href":"https:\/\/pizbube.ch\/en\/wp-json\/wp\/v2\/media\/36446"}],"wp:attachment":[{"href":"https:\/\/pizbube.ch\/en\/wp-json\/wp\/v2\/media?parent=146624"}],"wp:term":[{"taxonomy":"product_brand","embeddable":true,"href":"https:\/\/pizbube.ch\/en\/wp-json\/wp\/v2\/product_brand?post=146624"},{"taxonomy":"product_cat","embeddable":true,"href":"https:\/\/pizbube.ch\/en\/wp-json\/wp\/v2\/product_cat?post=146624"},{"taxonomy":"product_tag","embeddable":true,"href":"https:\/\/pizbube.ch\/en\/wp-json\/wp\/v2\/product_tag?post=146624"}],"curies":[{"name":"wp","href":"https:\/\/api.w.org\/{rel}","templated":true}]}}