{"id":146625,"date":"2021-01-15T10:54:00","date_gmt":"2021-01-15T10:54:00","guid":{"rendered":"https:\/\/codengine3.ch\/?product=import-placeholder-for-204157"},"modified":"2021-09-28T18:08:29","modified_gmt":"2021-09-28T16:08:29","slug":"der-schweizerische-nationalpark-und-das-val-muestair","status":"publish","type":"product","link":"https:\/\/pizbube.ch\/en\/shop\/der-schweizerische-nationalpark-und-das-val-muestair\/","title":{"rendered":"Der Schweizerische Nationalpark und das Val M\u00fcstair"},"content":{"rendered":"<p>Nirgendwo sonst in unserem Land kann man eine unber\u00fchrte Bergland-schaft<br \/>\nerleben und gleichzeitig Tiere wie Steinb\u00f6cke, Rothirsche, G\u00e4msen, Steinadler<br \/>\nund Bartgeier in freier Natur beobachten. Seit kurzem umfasst der<br \/>\nSchweizerische Nationalpark auch ein spektakul\u00e4res Hochplateau mit mehr als<br \/>\neinem Dutzend Bergseen. Und &#8211; zusammen mit dem angrenzenden Val M\u00fcstair &#8211; soll<br \/>\ndemn\u00e4chst ein grosses Biosph\u00e4renreservat entstehen. Ein eigenes, neues Kapitel<br \/>\nwidmet sich dem M\u00fcnstertal und h\u00e4lt auch hier spannende Informationen bereit<br \/>\nund stellt die sch\u00f6nsten Wanderungen vor.<\/p>\n<p>In enger Zusammenarbeit mit den Parkw\u00e4chtern und Experten vor Ort<br \/>\nausgearbeitet, geht der Autor auf alle wichtigen Themen ein: Die Tiere und wo<br \/>\nman sie beobachten kann, die Pflanzenwelt, die Geologie und die Geschichte des<br \/>\nNationalparks. Beschreibungen von zehn Wanderungen und einer mehrt\u00e4gigen<br \/>\nParkdurchquerung sowie ein Anhang mit Karten, Informationen und Tipps laden<br \/>\nzum Besuch des Nationalparks ein.<\/p>\n<p>Farb. Fotos, Karten. 189 S.<\/p>","protected":false},"excerpt":{"rendered":"<p>Nirgendwo sonst in unserem Land kann man eine unber\u00fchrte Bergland-schaft erleben und gleichzeitig Tiere wie Steinb\u00f6cke, Rothirsche, G\u00e4msen, Steinadler und Bartgeier in freier Natur beobachten. Seit kurzem umfasst der Schweizerische Nationalpark auch ein spektakul\u00e4res Hochplateau mit mehr als einem Dutzend Bergseen. Und &#8211; zusammen mit dem angrenzenden Val M\u00fcstair &#8211; soll demn\u00e4chst ein grosses Biosph\u00e4renreservat [&#8230;]\n","protected":false},"featured_media":31928,"template":"","meta":[],"product_brand":[],"product_cat":[21542],"product_tag":[],"class_list":{"0":"post-146625","1":"product","2":"type-product","3":"status-publish","4":"has-post-thumbnail","6":"product_cat-sachbuecher-dokumentationen","7":"pa_autor-staffelbach","8":"pa_erscheinungsjahr-21763","9":"pa_region-schweiz","10":"pa_sprache-de","12":"first","13":"instock","14":"taxable","15":"shipping-taxable","16":"purchasable","17":"product-type-simple"},"_links":{"self":[{"href":"https:\/\/pizbube.ch\/en\/wp-json\/wp\/v2\/product\/146625","targetHints":{"allow":["GET"]}}],"collection":[{"href":"https:\/\/pizbube.ch\/en\/wp-json\/wp\/v2\/product"}],"about":[{"href":"https:\/\/pizbube.ch\/en\/wp-json\/wp\/v2\/types\/product"}],"wp:featuredmedia":[{"embeddable":true,"href":"https:\/\/pizbube.ch\/en\/wp-json\/wp\/v2\/media\/31928"}],"wp:attachment":[{"href":"https:\/\/pizbube.ch\/en\/wp-json\/wp\/v2\/media?parent=146625"}],"wp:term":[{"taxonomy":"product_brand","embeddable":true,"href":"https:\/\/pizbube.ch\/en\/wp-json\/wp\/v2\/product_brand?post=146625"},{"taxonomy":"product_cat","embeddable":true,"href":"https:\/\/pizbube.ch\/en\/wp-json\/wp\/v2\/product_cat?post=146625"},{"taxonomy":"product_tag","embeddable":true,"href":"https:\/\/pizbube.ch\/en\/wp-json\/wp\/v2\/product_tag?post=146625"}],"curies":[{"name":"wp","href":"https:\/\/api.w.org\/{rel}","templated":true}]}}