{"id":146626,"date":"2021-01-15T10:54:00","date_gmt":"2021-01-15T10:54:00","guid":{"rendered":"https:\/\/codengine3.ch\/?product=import-placeholder-for-206492"},"modified":"2024-09-07T14:34:27","modified_gmt":"2024-09-07T12:34:27","slug":"schuettelbrot-und-wasserwosser","status":"publish","type":"product","link":"https:\/\/pizbube.ch\/en\/shop\/schuettelbrot-und-wasserwosser\/","title":{"rendered":"Sch\u00fcttelbrot und Wasserwosser"},"content":{"rendered":"<p>Wege und Geschichten zwischen Ortler und Meran<\/p>\n<p>Der Vinschgau \u2013 italienisch, aber deutsch. Wandern im obersten S\u00fcdtirol<br \/>\nzwischen Gletschern und Palmen<\/p>\n<p>In Vinschger \u00c4pfel haben schon alle gebissen. Aber Sch\u00fcttelbrot, das trockene<br \/>\nFladenbrot aus Roggenmehl, zwischen den Z\u00e4hnen krachen lassen? Am Wasserwosser<br \/>\nspaziert?<\/p>\n<p>Das Tal im obersten S\u00fcdtirol, zwischen Reschenpass, M\u00fcnstertal und Meran<br \/>\ngelegen, ist weit mehr als die Apfelplantage der EU. Das Wander\u00adparadies ist<br \/>\naus S\u00fcddeutschland, der Schweiz und \u00d6sterreich bequem in einem halben Tag<br \/>\nerreichbar. Hier flie\u00dft neben alten Waalwegen Wasserwosser, die Schafe ziehen<br \/>\nseit Jahrtausenden \u00fcber hohe Joche auf die Sommerweiden, und in Bauernschenken<br \/>\nwerden Kaminwurzen und Kasnocken, Sch\u00f6psernes und Gr\u00f6stl aufgetischt.<\/p>\n<p>Bauer &amp; Frischknecht pr\u00e4sentieren mehrt\u00e4gige Berg- und Talfahrten zwischen 300<br \/>\nund 3300 Metern \u00fcber Meer, mit allen n\u00f6tigen Informationen; schlagen<br \/>\n\u00fcberraschende Einwanderungen in den Vinschgau vor; verraten ihre Favoriten<br \/>\nunter den Gasth\u00e4usern; erz\u00e4hlen vom \u00d6tzi und von der Geierwally, berichten<br \/>\n\u00fcber Sch\u00e4fer, Wilderer, Schmuggler und moderne Bahnpioniere.<\/p>\n<p>Sorgf\u00e4ltig ausgew\u00e4hlte historische Fotos rufen in Erinnerung, was man heute<br \/>\nnicht mehr sieht. Farbfotos von Marco Volken zeigen den heutigen Vinschgau.<\/p>","protected":false},"excerpt":{"rendered":"<p>Wege und Geschichten zwischen Ortler und Meran Der Vinschgau \u2013 italienisch, aber deutsch. Wandern im obersten S\u00fcdtirol zwischen Gletschern und Palmen In Vinschger \u00c4pfel haben schon alle gebissen. Aber Sch\u00fcttelbrot, das trockene Fladenbrot aus Roggenmehl, zwischen den Z\u00e4hnen krachen lassen? Am Wasserwosser spaziert? Das Tal im obersten S\u00fcdtirol, zwischen Reschenpass, M\u00fcnstertal und Meran gelegen, ist [&#8230;]\n","protected":false},"featured_media":165578,"template":"","meta":[],"product_brand":[],"product_cat":[21605],"product_tag":[],"class_list":{"0":"post-146626","1":"product","2":"type-product","3":"status-publish","4":"has-post-thumbnail","6":"product_cat-wanderfuehrer-trekking","7":"pa_autor-bauer-frischknecht","8":"pa_erscheinungsjahr-21621","9":"pa_region-italien","10":"pa_sprache-de","12":"first","13":"instock","14":"taxable","15":"shipping-taxable","16":"purchasable","17":"product-type-simple"},"_links":{"self":[{"href":"https:\/\/pizbube.ch\/en\/wp-json\/wp\/v2\/product\/146626","targetHints":{"allow":["GET"]}}],"collection":[{"href":"https:\/\/pizbube.ch\/en\/wp-json\/wp\/v2\/product"}],"about":[{"href":"https:\/\/pizbube.ch\/en\/wp-json\/wp\/v2\/types\/product"}],"wp:featuredmedia":[{"embeddable":true,"href":"https:\/\/pizbube.ch\/en\/wp-json\/wp\/v2\/media\/165578"}],"wp:attachment":[{"href":"https:\/\/pizbube.ch\/en\/wp-json\/wp\/v2\/media?parent=146626"}],"wp:term":[{"taxonomy":"product_brand","embeddable":true,"href":"https:\/\/pizbube.ch\/en\/wp-json\/wp\/v2\/product_brand?post=146626"},{"taxonomy":"product_cat","embeddable":true,"href":"https:\/\/pizbube.ch\/en\/wp-json\/wp\/v2\/product_cat?post=146626"},{"taxonomy":"product_tag","embeddable":true,"href":"https:\/\/pizbube.ch\/en\/wp-json\/wp\/v2\/product_tag?post=146626"}],"curies":[{"name":"wp","href":"https:\/\/api.w.org\/{rel}","templated":true}]}}