{"id":146627,"date":"2021-01-15T10:54:00","date_gmt":"2021-01-15T10:54:00","guid":{"rendered":"https:\/\/codengine3.ch\/?product=import-placeholder-for-200078"},"modified":"2025-11-11T12:58:31","modified_gmt":"2025-11-11T11:58:31","slug":"sportklettern-innsbruck-und-seine-feriendoerfer","status":"publish","type":"product","link":"https:\/\/pizbube.ch\/en\/shop\/sportklettern-innsbruck-und-seine-feriendoerfer\/","title":{"rendered":"Sportklettern Innsbruck und seine Feriend\u00f6rfer"},"content":{"rendered":"<p>Klettern rund um Innsbruck: Sportklettern &#8211; Klettersteige &#8211; Eisklettern &#8211;<br \/>\nBouldern<\/p>\n<p>In Kletterf\u00fchrer sind alle M\u00f6glichkeiten zum Sportklettern, Eisklettern,<br \/>\nBouldern sowie die Klettersteige rund um Innsbruck beschrieben. Ziel der<br \/>\nAutoren war, die Kletterg\u00e4rten und deren Kletterpotenzial m\u00f6glichst<br \/>\n\u00fcbersichtlich darzustellen. S\u00e4mtliche Gebietsinformationen wurden mithilfe von<br \/>\nzahlreichen Erschlie\u00dfern und Erstbegehern gesammelt. Alle Gebiete sind mit<br \/>\nRoutenauflistung, Routenstatistik, Gebietsbeschreibung, Symbolleiste,<br \/>\nFoto-Topo, Anfahrtsskizze und Gebietsfotos beschrieben.<\/p>\n<p>Diese Informationen geben einen guten \u00dcberblick was in den jeweiligen<br \/>\nKlettergebieten zu erwarten ist. Bei den Topos wurde ausschlie\u00dflich auf Foto-<br \/>\nTopos gesetzt, da man anhand von Fotos die Struktur und Beschaffenheit der<br \/>\nFelsen besser erkennen kann als auf handgezeichneten klassischen Topos.<\/p>\n<p>Das Ringbuch ist besonders praktisch, da es komplett auf- und umgeklappt<br \/>\nwerden kann. Die vielen hervorragenden<br \/>\nKletter- und Landschaftsbilder vermitteln einen perfekten Eindruck der<br \/>\njeweiligen Felsen, Klettersteige und Eisf\u00e4lle. Ein<br \/>\nmoderner Kletterf\u00fchrer, der keine W\u00fcnsche offen l\u00e4sst und Lust aufs Klettern<br \/>\nin Innsbruck und seine Feriend\u00f6rfer macht.<\/p>\n<p>\u2022 29 Sportklettergebiete<br \/>\n\u2022 1170 Einseill\u00e4ngen-Routen<br \/>\n\u2022 88 Mehrseill\u00e4ngen-Routen<br \/>\n\u2022 6 Klettersteige<br \/>\n\u2022 11 Eisklettergebiete<br \/>\n\u2022 2 Bouldergebiete (\u00fcber 150 Boulder)<br \/>\n\u2022 7 Kletterhallen<br \/>\n\u2022 112 Kletter-, Landschafts-, Eisfall-, Wandbilder<br \/>\n\u2022 46 \u00dcbersichts-, Anfahrtskarten- und Skizzen<br \/>\n\u2022 178 Fototopos<\/p>","protected":false},"excerpt":{"rendered":"<ul>\n<li><a href=\"https:\/\/pizbube.ch\/wp-content\/uploads\/attachments\/a_001\/07C177BF0C6A1AC58FF7AAFF82181DC7.pdf\" target=\"_blank\" rel=\"noopener\">PDF: leseprobe-kletterfuehrer-innsbruck.pdf<\/a><\/li>\n<\/ul>","protected":false},"featured_media":25866,"template":"","meta":[],"product_brand":[],"product_cat":[21539],"product_tag":[],"class_list":{"0":"post-146627","1":"product","2":"type-product","3":"status-publish","4":"has-post-thumbnail","6":"product_cat-fuehrerliteratur-sportklettern-bouldern","7":"pa_autor-durner","8":"pa_autor-werner-guertler","9":"pa_erscheinungsjahr-21574","10":"pa_region-oesterreich","11":"pa_sprache-de","13":"first","14":"onbackorder","15":"taxable","16":"shipping-taxable","17":"purchasable","18":"product-type-simple"},"_links":{"self":[{"href":"https:\/\/pizbube.ch\/en\/wp-json\/wp\/v2\/product\/146627","targetHints":{"allow":["GET"]}}],"collection":[{"href":"https:\/\/pizbube.ch\/en\/wp-json\/wp\/v2\/product"}],"about":[{"href":"https:\/\/pizbube.ch\/en\/wp-json\/wp\/v2\/types\/product"}],"wp:featuredmedia":[{"embeddable":true,"href":"https:\/\/pizbube.ch\/en\/wp-json\/wp\/v2\/media\/25866"}],"wp:attachment":[{"href":"https:\/\/pizbube.ch\/en\/wp-json\/wp\/v2\/media?parent=146627"}],"wp:term":[{"taxonomy":"product_brand","embeddable":true,"href":"https:\/\/pizbube.ch\/en\/wp-json\/wp\/v2\/product_brand?post=146627"},{"taxonomy":"product_cat","embeddable":true,"href":"https:\/\/pizbube.ch\/en\/wp-json\/wp\/v2\/product_cat?post=146627"},{"taxonomy":"product_tag","embeddable":true,"href":"https:\/\/pizbube.ch\/en\/wp-json\/wp\/v2\/product_tag?post=146627"}],"curies":[{"name":"wp","href":"https:\/\/api.w.org\/{rel}","templated":true}]}}