{"id":146628,"date":"2021-01-15T10:54:00","date_gmt":"2021-01-15T10:54:00","guid":{"rendered":"https:\/\/codengine3.ch\/?product=import-placeholder-for-208561"},"modified":"2021-05-31T12:07:32","modified_gmt":"2021-05-31T10:07:32","slug":"sportclimbing-in-tirol","status":"publish","type":"product","link":"https:\/\/pizbube.ch\/en\/shop\/sportclimbing-in-tirol\/","title":{"rendered":"Sportclimbing in Tirol"},"content":{"rendered":"<p>Innsbruck \u2013 \u00d6tztal \u2013 Imst \u2013 Reutte \u2013 Zillertal \u2013 Wilder Kaiser \u2013 Rofan \u2013<br \/>\nOsttirol<\/p>\n<p>Neuer F\u00fchrer f\u00fcr das \u00f6sterreichische Sportkletter-Eldorado in den Alpen. Auf<br \/>\n640 Seiten werden \u00fcber 90 Kletterg\u00e4rten Tirols pr\u00e4sentiert.<\/p>\n<p>Eines der Hauptmerkmale dieser Region ist die unmittelbare N\u00e4he von Granit-<br \/>\nund Kalkfelsen. Hier finden sowohl Profis, ambitionierte Kletterer als auch<br \/>\nFamilien und Anf\u00e4nger geeignete Routen f\u00fcr Training und Freizeit. Das 640<br \/>\nSeiten starke Buch beschreibt in acht Kapiteln die Sportkletterm\u00f6glichkeiten<br \/>\num Innsbruck, im \u00d6tztal, um Imst, Reutte, im Zillertal, um den Wilden Kaiser,<br \/>\nRofan und in Osttirol. Der Kletterf\u00fchrer gibt detaillierte Informationen zu<br \/>\n\u00fcber 90 Kletterg\u00e4rten mit insgesamt mehr als 4.600 Routen. Das klare, moderne<br \/>\nDesign mit genauen Karten, \u00dcbersichten und Farbfoto-Topos sorgt f\u00fcr eine<br \/>\noptimale Orientierung.<\/p>\n<p>Die Inhalte sind auf Deutsch und Englisch angegeben, die digitale Version<br \/>\nenth\u00e4lt auch italienische Texte. In jedem Buch ist zudem ein Voucher-Code zu<br \/>\nfinden, der die entsprechenden Inhalte samt Topos in der Vertical-Life<br \/>\nClimbing App freigeschaltet.<\/p>\n<p>640 Seiten<\/p>","protected":false},"excerpt":{"rendered":"<p>Innsbruck \u2013 \u00d6tztal \u2013 Imst \u2013 Reutte \u2013 Zillertal \u2013 Wilder Kaiser \u2013 Rofan \u2013 Osttirol Neuer F\u00fchrer f\u00fcr das \u00f6sterreichische Sportkletter-Eldorado in den Alpen. Auf 640 Seiten werden \u00fcber 90 Kletterg\u00e4rten Tirols pr\u00e4sentiert. Eines der Hauptmerkmale dieser Region ist die unmittelbare N\u00e4he von Granit- und Kalkfelsen. Hier finden sowohl Profis, ambitionierte Kletterer als auch [&#8230;]\n","protected":false},"featured_media":40558,"template":"","meta":[],"product_brand":[],"product_cat":[21539],"product_tag":[],"class_list":{"0":"post-146628","1":"product","2":"type-product","3":"status-publish","4":"has-post-thumbnail","6":"product_cat-fuehrerliteratur-sportklettern-bouldern","7":"pa_autor-senettin-hofer-oberlechner","8":"pa_erscheinungsjahr-21550","9":"pa_region-oesterreich","10":"pa_sprache-de-en","12":"first","13":"outofstock","14":"taxable","15":"shipping-taxable","16":"purchasable","17":"product-type-simple"},"_links":{"self":[{"href":"https:\/\/pizbube.ch\/en\/wp-json\/wp\/v2\/product\/146628","targetHints":{"allow":["GET"]}}],"collection":[{"href":"https:\/\/pizbube.ch\/en\/wp-json\/wp\/v2\/product"}],"about":[{"href":"https:\/\/pizbube.ch\/en\/wp-json\/wp\/v2\/types\/product"}],"wp:featuredmedia":[{"embeddable":true,"href":"https:\/\/pizbube.ch\/en\/wp-json\/wp\/v2\/media\/40558"}],"wp:attachment":[{"href":"https:\/\/pizbube.ch\/en\/wp-json\/wp\/v2\/media?parent=146628"}],"wp:term":[{"taxonomy":"product_brand","embeddable":true,"href":"https:\/\/pizbube.ch\/en\/wp-json\/wp\/v2\/product_brand?post=146628"},{"taxonomy":"product_cat","embeddable":true,"href":"https:\/\/pizbube.ch\/en\/wp-json\/wp\/v2\/product_cat?post=146628"},{"taxonomy":"product_tag","embeddable":true,"href":"https:\/\/pizbube.ch\/en\/wp-json\/wp\/v2\/product_tag?post=146628"}],"curies":[{"name":"wp","href":"https:\/\/api.w.org\/{rel}","templated":true}]}}