{"id":146630,"date":"2021-01-15T10:54:00","date_gmt":"2021-01-15T10:54:00","guid":{"rendered":"https:\/\/codengine3.ch\/?product=import-placeholder-for-208323"},"modified":"2024-07-30T16:25:29","modified_gmt":"2024-07-30T14:25:29","slug":"tirol-sportklettern-in-nordtirol","status":"publish","type":"product","link":"https:\/\/pizbube.ch\/en\/shop\/tirol-sportklettern-in-nordtirol\/","title":{"rendered":"TIROL &#8211; Sportklettern in Nordtirol"},"content":{"rendered":"<p>Neuer Kletterf\u00fchrer Tirol:<br \/>\n672 Seiten mit den besten 88 Kletterspots in Tirol, mehr als 5000 Routen sind<br \/>\nbeschrieben!<\/p>\n<p>Mehr als ein Jahr lang hat Michael Meisl an der Neuauflage dieses<br \/>\nSportkletterf\u00fchrers gearbeitet.<\/p>\n<p>Nun pr\u00e4sentiert er auf 672 Seiten die 88 besten Klettergebiete Tirols. Dabei<br \/>\nbeschreibt er in mehr als 5000 Routen mit Topos und herausragenden Fotos die<br \/>\nbesten Klettergebiete Tirols: Von der Steinplatte bis zum Au\u00dferfern, vom Rofan<br \/>\nbis ins \u00d6tztal, von einfachen Kletterrouten f\u00fcr Anf\u00e4nger und Kinder, bis hin<br \/>\nzu den High-End-Routen am Schleierwasserfall ist alles zu finden.<\/p>\n<p>Ausf\u00fchrliche Beschreibungen der Klettergebiete und Geschichten bieten einen<br \/>\ntiefen Einblick in die Tiroler Kletterszene.<br \/>\nInfos zu den Gegebenheiten der einzelnen Gebiete, Zustiegsskizzen und<br \/>\nKurzcharakteristiken der einzelnen Kletterrouten erg\u00e4nzen die detaillierten<br \/>\nRoutenskizzen. Alles in allem eine emotionale Bestandsaufnahme des modernen<br \/>\nSportkletterns in Tirol und dessen Entstehung.<\/p>\n<p>672 Seiten, 16 x 21 cm, durchgehend vierfarbig<br \/>\nBalkendiagramm mit \u00fcbersichtlicher Darstellung der Routen. Je nach<br \/>\nSchwierigkeitsgrad sind die Routen in unterschiedlichen Farben im Topo<br \/>\neingezeichnet.<br \/>\n185 Bilder, davon 80 ganzseitig<\/p>","protected":false},"excerpt":{"rendered":"<p>Neuer Kletterf\u00fchrer Tirol: 672 Seiten mit den besten 88 Kletterspots in Tirol, mehr als 5000 Routen sind beschrieben! Mehr als ein Jahr lang hat Michael Meisl an der Neuauflage dieses Sportkletterf\u00fchrers gearbeitet. Nun pr\u00e4sentiert er auf 672 Seiten die 88 besten Klettergebiete Tirols. Dabei beschreibt er in mehr als 5000 Routen mit Topos und herausragenden [&#8230;]\n","protected":false},"featured_media":157941,"template":"","meta":[],"product_brand":[],"product_cat":[21539],"product_tag":[],"class_list":{"0":"post-146630","1":"product","2":"type-product","3":"status-publish","4":"has-post-thumbnail","6":"product_cat-fuehrerliteratur-sportklettern-bouldern","7":"pa_autor-meisl","8":"pa_erscheinungsjahr-21571","9":"pa_region-oesterreich","10":"pa_sprache-de","12":"first","13":"instock","14":"taxable","15":"shipping-taxable","16":"purchasable","17":"product-type-simple"},"_links":{"self":[{"href":"https:\/\/pizbube.ch\/en\/wp-json\/wp\/v2\/product\/146630","targetHints":{"allow":["GET"]}}],"collection":[{"href":"https:\/\/pizbube.ch\/en\/wp-json\/wp\/v2\/product"}],"about":[{"href":"https:\/\/pizbube.ch\/en\/wp-json\/wp\/v2\/types\/product"}],"wp:featuredmedia":[{"embeddable":true,"href":"https:\/\/pizbube.ch\/en\/wp-json\/wp\/v2\/media\/157941"}],"wp:attachment":[{"href":"https:\/\/pizbube.ch\/en\/wp-json\/wp\/v2\/media?parent=146630"}],"wp:term":[{"taxonomy":"product_brand","embeddable":true,"href":"https:\/\/pizbube.ch\/en\/wp-json\/wp\/v2\/product_brand?post=146630"},{"taxonomy":"product_cat","embeddable":true,"href":"https:\/\/pizbube.ch\/en\/wp-json\/wp\/v2\/product_cat?post=146630"},{"taxonomy":"product_tag","embeddable":true,"href":"https:\/\/pizbube.ch\/en\/wp-json\/wp\/v2\/product_tag?post=146630"}],"curies":[{"name":"wp","href":"https:\/\/api.w.org\/{rel}","templated":true}]}}