{"id":146635,"date":"2021-01-15T10:54:01","date_gmt":"2021-01-15T10:54:01","guid":{"rendered":"https:\/\/codengine3.ch\/?product=import-placeholder-for-204222"},"modified":"2021-01-15T14:31:03","modified_gmt":"2021-01-15T14:31:03","slug":"escalade-massif-bornes-aravis","status":"publish","type":"product","link":"https:\/\/pizbube.ch\/en\/shop\/escalade-massif-bornes-aravis\/","title":{"rendered":"Escalade Massif Bornes Aravis"},"content":{"rendered":"<p>400 pages en couleurs pour 600 voies et 1400 longueurs. Du Sapey \u00e0 la<br \/>\nColombi\u00e8re, tous les sites sportifs et aventure, de 700 \u00e0 2700 m d&#8217;altitude,<br \/>\npour tous les niveaux, de la cha\u00eene des Aravis et quelques sites du massif des<br \/>\nBornes. Un topo plein d&#8217;humour.  <\/p>\n<p>Les b\u00e9n\u00e9fices de vente de ce topo sont empoch\u00e9s par l&#8217;association ROC<br \/>\nALTITUDE, qui finance une importante quantit\u00e9 de mat\u00e9riel pour \u00e9quiper ou<br \/>\nr\u00e9\u00e9quiper des voies en Haute-Savoie.<br \/>\nD\u00e9crit sont les falaises, avec quelques sites plus montagne, autour de Th\u00f4nes,<br \/>\nGrand-Bornand et La Clusaz.<\/p>\n<p>Liste des sites :<br \/>\n1 Nant Gothier, 2 Pointe de la Blonni\u00e8re, 3 Rocher des Aravis, 4 Paroi de<br \/>\nBorderan, 5 Par\u00e9 de Joux, 6 Rocher de la Salla, 7 Aiguille noire de Tardevant,<br \/>\n8 La Mamule, 9 Mont Charvet, 10 Pointe de Chombas, 11 Pointe Perc\u00e9e, 12 Pointe<br \/>\nLongue, 13 Porte d&#8217;Age, 14 Montarquis, 15 Piliers de la pointe de Dzerat, 16<br \/>\nBlocs de la Colombi\u00e8re, 17 Falaise de la Colombi\u00e8re, 18 Pointe Blanche, 19 Le<br \/>\nJallouvre, 20 Roc des Tours, 21 La Culaz, 22 La Forclaz, 23 Petit Bornand, 24<br \/>\nLe Maquis, 25 Le Sapey, 26 La Rosi\u00e8re, 27 La Balme de Thuy, 28 La Bourse<\/p>","protected":false},"excerpt":{"rendered":"<p>400 pages en couleurs pour 600 voies et 1400 longueurs. Du Sapey \u00e0 la Colombi\u00e8re, tous les sites sportifs et aventure, de 700 \u00e0 2700 m d&#8217;altitude, pour tous les niveaux, de la cha\u00eene des Aravis et quelques sites du massif des Bornes. Un topo plein d&#8217;humour. Les b\u00e9n\u00e9fices de vente de ce topo sont [&#8230;]\n","protected":false},"featured_media":32013,"template":"","meta":[],"product_brand":[],"product_cat":[21539],"product_tag":[],"class_list":{"0":"post-146635","1":"product","2":"type-product","3":"status-publish","4":"has-post-thumbnail","6":"product_cat-fuehrerliteratur-sportklettern-bouldern","7":"pa_autor-brosseau","8":"pa_erscheinungsjahr-21763","9":"pa_region-frankreich","10":"pa_sprache-fr","12":"first","13":"instock","14":"taxable","15":"shipping-taxable","16":"purchasable","17":"product-type-simple"},"_links":{"self":[{"href":"https:\/\/pizbube.ch\/en\/wp-json\/wp\/v2\/product\/146635","targetHints":{"allow":["GET"]}}],"collection":[{"href":"https:\/\/pizbube.ch\/en\/wp-json\/wp\/v2\/product"}],"about":[{"href":"https:\/\/pizbube.ch\/en\/wp-json\/wp\/v2\/types\/product"}],"wp:featuredmedia":[{"embeddable":true,"href":"https:\/\/pizbube.ch\/en\/wp-json\/wp\/v2\/media\/32013"}],"wp:attachment":[{"href":"https:\/\/pizbube.ch\/en\/wp-json\/wp\/v2\/media?parent=146635"}],"wp:term":[{"taxonomy":"product_brand","embeddable":true,"href":"https:\/\/pizbube.ch\/en\/wp-json\/wp\/v2\/product_brand?post=146635"},{"taxonomy":"product_cat","embeddable":true,"href":"https:\/\/pizbube.ch\/en\/wp-json\/wp\/v2\/product_cat?post=146635"},{"taxonomy":"product_tag","embeddable":true,"href":"https:\/\/pizbube.ch\/en\/wp-json\/wp\/v2\/product_tag?post=146635"}],"curies":[{"name":"wp","href":"https:\/\/api.w.org\/{rel}","templated":true}]}}