{"id":146638,"date":"2021-01-15T10:54:01","date_gmt":"2021-01-15T10:54:01","guid":{"rendered":"https:\/\/codengine3.ch\/?product=import-placeholder-for-200206"},"modified":"2023-05-10T10:50:06","modified_gmt":"2023-05-10T08:50:06","slug":"vallee-de-larve","status":"publish","type":"product","link":"https:\/\/pizbube.ch\/en\/shop\/vallee-de-larve\/","title":{"rendered":"Vall\u00e9e de l`Arve"},"content":{"rendered":"<p>Ce topo offre des informations tr\u00e8s d\u00e9taill\u00e9es pour la quasi totalit\u00e9 des<br \/>\nvoies :<br \/>\n&#8211; Couennes : cotation, longueur, nombre de d\u00e9gaines n\u00e9cessaires, type<br \/>\nd`effort (bloc, r\u00e9si ou conti), inclinaison(s), int\u00e9r\u00eat de la voie,<br \/>\npossibilit\u00e9 \u00e9ventuelle de grimper par temps pluvieux, un commentaire.<br \/>\n&#8211; Grandes voies : Cotations, nombre de d\u00e9gaines n\u00e9cessaires pour la plupart<br \/>\ndes voies `sportives`, taille de coinceurs pour les voies en terrain<br \/>\nd`aventure, commentaire.<br \/>\n&#8211; Hauteur de la plupart des rappels ainsi que de nombreuses moulinettes<br \/>\n(pr\u00e9cision proche de un m\u00e8tre).<\/p>\n<p>Un topo enti\u00e8rement en couleur. La plupart des topos des grandes falaises sont<br \/>\ntrac\u00e9s sur photo, de m\u00eame que quelques sites de `couennes`. Les dessins des<br \/>\nautres sites ont \u00e9t\u00e9 redessin\u00e9s (par rapport \u00e0 l`\u00e9dition pr\u00e9c\u00e9dente), ils sont<br \/>\nplus pr\u00e9cis et plus esth\u00e9tiques.<\/p>\n<p>Pour chaque site l`acc\u00e8s est syst\u00e9matiquement expliqu\u00e9 par un texte et un<br \/>\nsch\u00e9ma tr\u00e8s pr\u00e9cis&#8230; difficile de se tromper. Un tableau r\u00e9capitulatif en<br \/>\nd\u00e9but de topo, ainsi qu`\u00e0 chaque chapitre, permet de faire une s\u00e9lection<br \/>\nrapide en fonction du niveau du grimpeur, de la longueur de voies d\u00e9sir\u00e9e ou<br \/>\nbien des conditions de temp\u00e9rature esp\u00e9r\u00e9es. Les \u00e9trangers appr\u00e9cieront le<br \/>\nlexique en Anglais, Allemand et Italien, qui traduit les mots techniques,<br \/>\nainsi que les symboles pour les falaises et pour les voies.<\/p>\n<p>A new, updated edition covering the Vallee de l&#8217;Avre (the limestone you see<br \/>\nwhen driving from Geneva to Chamonix).<\/p>\n<p>The climbing covered is mainly sport, including long, multi-pitch routes where<br \/>\na small trad rack may come in useful; the guide is in full colour thgroughout<br \/>\nwith a mixture of colour photo-topos as well as excellent line drawn topos;<br \/>\nthere&#8217;s also a great selection of action shots as well.<\/p>\n<p>The guidebook is in French but has a handy French \/ English \/ Italian\/German<br \/>\ndictionary of climbing terms &#8211; 1550 multipitch routes and 3000 single pitch<br \/>\nclimbs.<\/p>","protected":false},"excerpt":{"rendered":"<p>Ce topo offre des informations tr\u00e8s d\u00e9taill\u00e9es pour la quasi totalit\u00e9 des voies : &#8211; Couennes : cotation, longueur, nombre de d\u00e9gaines n\u00e9cessaires, type d`effort (bloc, r\u00e9si ou conti), inclinaison(s), int\u00e9r\u00eat de la voie, possibilit\u00e9 \u00e9ventuelle de grimper par temps pluvieux, un commentaire. &#8211; Grandes voies : Cotations, nombre de d\u00e9gaines n\u00e9cessaires pour la plupart [&#8230;]\n","protected":false},"featured_media":167546,"template":"","meta":[],"product_brand":[],"product_cat":[21539],"product_tag":[],"class_list":{"0":"post-146638","1":"product","2":"type-product","3":"status-publish","4":"has-post-thumbnail","6":"product_cat-fuehrerliteratur-sportklettern-bouldern","7":"pa_autor-brunot","8":"pa_erscheinungsjahr-21546","9":"pa_region-frankreich","10":"pa_sprache-fr","12":"first","13":"instock","14":"taxable","15":"shipping-taxable","16":"purchasable","17":"product-type-simple"},"_links":{"self":[{"href":"https:\/\/pizbube.ch\/en\/wp-json\/wp\/v2\/product\/146638","targetHints":{"allow":["GET"]}}],"collection":[{"href":"https:\/\/pizbube.ch\/en\/wp-json\/wp\/v2\/product"}],"about":[{"href":"https:\/\/pizbube.ch\/en\/wp-json\/wp\/v2\/types\/product"}],"wp:featuredmedia":[{"embeddable":true,"href":"https:\/\/pizbube.ch\/en\/wp-json\/wp\/v2\/media\/167546"}],"wp:attachment":[{"href":"https:\/\/pizbube.ch\/en\/wp-json\/wp\/v2\/media?parent=146638"}],"wp:term":[{"taxonomy":"product_brand","embeddable":true,"href":"https:\/\/pizbube.ch\/en\/wp-json\/wp\/v2\/product_brand?post=146638"},{"taxonomy":"product_cat","embeddable":true,"href":"https:\/\/pizbube.ch\/en\/wp-json\/wp\/v2\/product_cat?post=146638"},{"taxonomy":"product_tag","embeddable":true,"href":"https:\/\/pizbube.ch\/en\/wp-json\/wp\/v2\/product_tag?post=146638"}],"curies":[{"name":"wp","href":"https:\/\/api.w.org\/{rel}","templated":true}]}}