{"id":146646,"date":"2021-01-15T10:54:01","date_gmt":"2021-01-15T10:54:01","guid":{"rendered":"https:\/\/codengine3.ch\/?product=import-placeholder-for-203343"},"modified":"2021-01-15T14:22:19","modified_gmt":"2021-01-15T14:22:19","slug":"dolomiten-krieg-in-den-bergen","status":"publish","type":"product","link":"https:\/\/pizbube.ch\/en\/shop\/dolomiten-krieg-in-den-bergen\/","title":{"rendered":"Dolomiten Krieg in den Bergen"},"content":{"rendered":"<p>Der Dolomitenkrieg 1914-1918 wie ihn noch niemand sah. Die Grauen und das<br \/>\nSterben. Aber auch: Die kleinen Augenblicke der Gl\u00fcckseligkeit. Das<br \/>\nmenschliche Antlitz des Krieges. Mit vielen neuen Materialien, Dokumente aus<br \/>\nneuen Archiven. Mit \u00fcber 400 zum gro\u00dfen Teil noch nie ver\u00f6ffentlichten Fotos.<\/p>\n<p>Dies ist kein Buch, das wieder und wieder mit genauen Daten die<br \/>\nFrontabschnitte aufzeichnet, das mit genauen Daten aufzuzeigen versucht, wie<br \/>\nder \u201eGro\u00dfe Krieg\u201c in den Dolomiten verlaufen ist. Historiker haben diesen<br \/>\nKrieg bis ins Letzte analysiert, haben die Fehlentscheidungen aufgezeigt und<br \/>\ndie jeweiligen technischen Waffenarsenale gegen\u00fcbergestellt. Unser Ziel ist<br \/>\nes, die Menschen in den Mittelpunkt zu stellen, unabh\u00e4ngig von ihrer<br \/>\nNationalit\u00e4t, mit ihren Aussagen und Tagebuchaufzeichnungen, mit ihren inneren<br \/>\nLeiden und Gef\u00fchlen. Menschen beider Seiten, die zeit ihres Lebens brave<br \/>\nHandwerker, Arbeiter, Studenten oder Bauern waren und die einfach in den Krieg<br \/>\nziehen mussten, weil es von \u201eoben\u201c so befohlen wurde. Die sich erst ein<br \/>\nFeindbild schaffen mussten. Menschen, denen es nie eingefallen w\u00e4re, jemanden<br \/>\nzu t\u00f6ten.<\/p>\n<p>Es ist ein Zusammenf\u00fchren von Einzelschicksalen zu einem verwobenen Ganzen:<br \/>\nWie sie sich durch meterhohe Schneew\u00e4nde qu\u00e4lten, wie sie von Lawinen<br \/>\ngef\u00e4hrdete H\u00e4nge durchquerten, weil sie mussten, weil es ihnen so befohlen<br \/>\nwurde, weil ihre Kameraden seit Tagen oben ohne Essen und Trinken ersch\u00f6pft<br \/>\nausharrten. Wir wollen nicht urteilen oder verurteilen, sondern Erinnerungen<br \/>\nzusammentragen, um so das Abgelaufene besser zu verstehen. Indem wir die<br \/>\nVergangenheit zu verstehen versuchen, k\u00f6nnen wir auch das Zuk\u00fcnftige besser<br \/>\neinsch\u00e4tzen.<\/p>\n<p>208 Seiten, 400 Farbabbildungen, 16,5 x 23,5, Hardcover<\/p>","protected":false},"excerpt":{"rendered":"<p>Der Dolomitenkrieg 1914-1918 wie ihn noch niemand sah. Die Grauen und das Sterben. Aber auch: Die kleinen Augenblicke der Gl\u00fcckseligkeit. Das menschliche Antlitz des Krieges. Mit vielen neuen Materialien, Dokumente aus neuen Archiven. Mit \u00fcber 400 zum gro\u00dfen Teil noch nie ver\u00f6ffentlichten Fotos. Dies ist kein Buch, das wieder und wieder mit genauen Daten die [&#8230;]\n","protected":false},"featured_media":30930,"template":"","meta":[],"product_brand":[],"product_cat":[21542],"product_tag":[],"class_list":{"0":"post-146646","1":"product","2":"type-product","3":"status-publish","4":"has-post-thumbnail","6":"product_cat-sachbuecher-dokumentationen","7":"pa_autor-wachtler","8":"pa_erscheinungsjahr-22292","9":"pa_region-italien","10":"pa_sprache-de","12":"first","13":"instock","14":"taxable","15":"shipping-taxable","16":"purchasable","17":"product-type-simple"},"_links":{"self":[{"href":"https:\/\/pizbube.ch\/en\/wp-json\/wp\/v2\/product\/146646","targetHints":{"allow":["GET"]}}],"collection":[{"href":"https:\/\/pizbube.ch\/en\/wp-json\/wp\/v2\/product"}],"about":[{"href":"https:\/\/pizbube.ch\/en\/wp-json\/wp\/v2\/types\/product"}],"wp:featuredmedia":[{"embeddable":true,"href":"https:\/\/pizbube.ch\/en\/wp-json\/wp\/v2\/media\/30930"}],"wp:attachment":[{"href":"https:\/\/pizbube.ch\/en\/wp-json\/wp\/v2\/media?parent=146646"}],"wp:term":[{"taxonomy":"product_brand","embeddable":true,"href":"https:\/\/pizbube.ch\/en\/wp-json\/wp\/v2\/product_brand?post=146646"},{"taxonomy":"product_cat","embeddable":true,"href":"https:\/\/pizbube.ch\/en\/wp-json\/wp\/v2\/product_cat?post=146646"},{"taxonomy":"product_tag","embeddable":true,"href":"https:\/\/pizbube.ch\/en\/wp-json\/wp\/v2\/product_tag?post=146646"}],"curies":[{"name":"wp","href":"https:\/\/api.w.org\/{rel}","templated":true}]}}