{"id":146647,"date":"2021-01-15T10:54:01","date_gmt":"2021-01-15T10:54:01","guid":{"rendered":"https:\/\/codengine3.ch\/?product=import-placeholder-for-203344"},"modified":"2021-01-15T14:22:19","modified_gmt":"2021-01-15T14:22:19","slug":"dolomiten-krieg-tod-und-leid","status":"publish","type":"product","link":"https:\/\/pizbube.ch\/en\/shop\/dolomiten-krieg-tod-und-leid\/","title":{"rendered":"Dolomiten Krieg Tod und Leid"},"content":{"rendered":"<p>Erster Weltkrieg: In den Dolomiten wogen \u00fcberallschreckliche K\u00e4mpfe hin und<br \/>\nher. Und doch machen sich Menschen hoch oben in den Bergen auf, Frieden zu<br \/>\nsuchen. Zum ersten Mal ausf\u00fchrlich: Das Wunder des Friedens, Die toten Augen<br \/>\nin den Felsen der Dolomiten; Berge von Knochen; Frauen leiden anders; Die<br \/>\nallt\u00e4glichen Bilder des Wahnsinns, Nie mehr wieder. 208 S., 350 Fotos; inkl.<br \/>\nBeiheft: Tagebuch des Standsch\u00fctzen Mayr.<\/p>","protected":false},"excerpt":{"rendered":"<p>Erster Weltkrieg: In den Dolomiten wogen \u00fcberallschreckliche K\u00e4mpfe hin und her. Und doch machen sich Menschen hoch oben in den Bergen auf, Frieden zu suchen. Zum ersten Mal ausf\u00fchrlich: Das Wunder des Friedens, Die toten Augen in den Felsen der Dolomiten; Berge von Knochen; Frauen leiden anders; Die allt\u00e4glichen Bilder des Wahnsinns, Nie mehr wieder. [&#8230;]\n","protected":false},"featured_media":30931,"template":"","meta":[],"product_brand":[],"product_cat":[21542],"product_tag":[],"class_list":{"0":"post-146647","1":"product","2":"type-product","3":"status-publish","4":"has-post-thumbnail","6":"product_cat-sachbuecher-dokumentationen","7":"pa_autor-wachtler","8":"pa_erscheinungsjahr-21920","9":"pa_region-italien","10":"pa_sprache-de","12":"first","13":"instock","14":"taxable","15":"shipping-taxable","16":"purchasable","17":"product-type-simple"},"_links":{"self":[{"href":"https:\/\/pizbube.ch\/en\/wp-json\/wp\/v2\/product\/146647","targetHints":{"allow":["GET"]}}],"collection":[{"href":"https:\/\/pizbube.ch\/en\/wp-json\/wp\/v2\/product"}],"about":[{"href":"https:\/\/pizbube.ch\/en\/wp-json\/wp\/v2\/types\/product"}],"wp:featuredmedia":[{"embeddable":true,"href":"https:\/\/pizbube.ch\/en\/wp-json\/wp\/v2\/media\/30931"}],"wp:attachment":[{"href":"https:\/\/pizbube.ch\/en\/wp-json\/wp\/v2\/media?parent=146647"}],"wp:term":[{"taxonomy":"product_brand","embeddable":true,"href":"https:\/\/pizbube.ch\/en\/wp-json\/wp\/v2\/product_brand?post=146647"},{"taxonomy":"product_cat","embeddable":true,"href":"https:\/\/pizbube.ch\/en\/wp-json\/wp\/v2\/product_cat?post=146647"},{"taxonomy":"product_tag","embeddable":true,"href":"https:\/\/pizbube.ch\/en\/wp-json\/wp\/v2\/product_tag?post=146647"}],"curies":[{"name":"wp","href":"https:\/\/api.w.org\/{rel}","templated":true}]}}