{"id":146651,"date":"2021-01-15T10:54:01","date_gmt":"2021-01-15T10:54:01","guid":{"rendered":"https:\/\/codengine3.ch\/?product=import-placeholder-for-206160"},"modified":"2021-01-15T14:46:53","modified_gmt":"2021-01-15T14:46:53","slug":"gesprengte-berge-der-krieg-in-den-alpen-1915-1918-dvd","status":"publish","type":"product","link":"https:\/\/pizbube.ch\/en\/shop\/gesprengte-berge-der-krieg-in-den-alpen-1915-1918-dvd\/","title":{"rendered":"Gesprengte Berge &#8211; Der Krieg in den Alpen 1915 &#8211; 1918 DVD"},"content":{"rendered":"<p>W\u00e4hrend des Ersten Weltkriegs stehen sich am Gipfel des Lagazuoi nahe Cortina<br \/>\nd&#8217;Ampezzo in den italienischen Dolomiten die Soldaten der \u00f6sterreichisch-<br \/>\nungarischen k.u.k. Armee und des italienischen Heeres in ihren Stellungen<br \/>\ngegen\u00fcber. Mit enormem technischen Aufwand versuchen beide Seiten, durch<br \/>\nriesige unterirdische Sprengungen milit\u00e4rische Vorteile zu erringen. Der<br \/>\njahrelange Minenkrieg unter den extremen Wetterbedingungen des Hochgebirges<br \/>\nfordert Tausende Menschenleben, doch die Frontlinien ver\u00e4ndern sich kaum.<br \/>\nBasierend auf Tagebuchberichten und Briefen dokumentiert der Film den Verlauf<br \/>\ndes absurden Stellungskrieges aus dem Blickwinkel von Gebirgsj\u00e4gern auf beiden<br \/>\nSeiten der Front. Tag und Nacht arbeiteten sie an kilometerlangen<br \/>\nStolleng\u00e4ngen im Berg, um so unter die Stellungen des Gegners zu gelangen.<br \/>\nAufwendige 3-D-Animationen zeigen den komplizierten Verlauf der Stollen, die<br \/>\nin monatelanger M\u00fchsal in den Berg getrieben wurden. Neben der Dokumentation<br \/>\nund 4 Bonusfilmen mit historischen Aufnahmen vom Alpenkrieg bietet die Bonus-<br \/>\nDVD den Film &#8218;Im Zauber der Dolomiten&#8216; (82 Min.). Der bekannte Bergfilmer<br \/>\nJ\u00fcrgen Gorter zeigt die sch\u00f6nsten Wanderwege und Klettersteige in den Sextener<br \/>\nDolomiten, wo noch heute die Stellungen aus dem Krieg zu sehen sind.<br \/>\n4 Bonusfilme mit historischen Aufnahmen vom Alpenkrieg + Bonus-DVD &#8218;Im Zauber<br \/>\nder Dolomiten&#8216; (82 Min.).  <\/p>","protected":false},"excerpt":{"rendered":"<p>W\u00e4hrend des Ersten Weltkriegs stehen sich am Gipfel des Lagazuoi nahe Cortina d&#8217;Ampezzo in den italienischen Dolomiten die Soldaten der \u00f6sterreichisch- ungarischen k.u.k. Armee und des italienischen Heeres in ihren Stellungen gegen\u00fcber. Mit enormem technischen Aufwand versuchen beide Seiten, durch riesige unterirdische Sprengungen milit\u00e4rische Vorteile zu erringen. Der jahrelange Minenkrieg unter den extremen Wetterbedingungen des [&#8230;]\n","protected":false},"featured_media":35099,"template":"","meta":[],"product_brand":[],"product_cat":[21628],"product_tag":[],"class_list":{"0":"post-146651","1":"product","2":"type-product","3":"status-publish","4":"has-post-thumbnail","6":"product_cat-video-dvd-multimedia","7":"pa_autor-rosi","8":"pa_erscheinungsjahr-21842","9":"pa_region-italien","10":"pa_sprache-de","12":"first","13":"outofstock","14":"taxable","15":"shipping-taxable","16":"purchasable","17":"product-type-simple"},"_links":{"self":[{"href":"https:\/\/pizbube.ch\/en\/wp-json\/wp\/v2\/product\/146651","targetHints":{"allow":["GET"]}}],"collection":[{"href":"https:\/\/pizbube.ch\/en\/wp-json\/wp\/v2\/product"}],"about":[{"href":"https:\/\/pizbube.ch\/en\/wp-json\/wp\/v2\/types\/product"}],"wp:featuredmedia":[{"embeddable":true,"href":"https:\/\/pizbube.ch\/en\/wp-json\/wp\/v2\/media\/35099"}],"wp:attachment":[{"href":"https:\/\/pizbube.ch\/en\/wp-json\/wp\/v2\/media?parent=146651"}],"wp:term":[{"taxonomy":"product_brand","embeddable":true,"href":"https:\/\/pizbube.ch\/en\/wp-json\/wp\/v2\/product_brand?post=146651"},{"taxonomy":"product_cat","embeddable":true,"href":"https:\/\/pizbube.ch\/en\/wp-json\/wp\/v2\/product_cat?post=146651"},{"taxonomy":"product_tag","embeddable":true,"href":"https:\/\/pizbube.ch\/en\/wp-json\/wp\/v2\/product_tag?post=146651"}],"curies":[{"name":"wp","href":"https:\/\/api.w.org\/{rel}","templated":true}]}}