{"id":146652,"date":"2021-01-15T10:54:01","date_gmt":"2021-01-15T10:54:01","guid":{"rendered":"https:\/\/codengine3.ch\/?product=import-placeholder-for-204101"},"modified":"2021-01-15T14:29:50","modified_gmt":"2021-01-15T14:29:50","slug":"berge-in-flammen-dvd","status":"publish","type":"product","link":"https:\/\/pizbube.ch\/en\/shop\/berge-in-flammen-dvd\/","title":{"rendered":"Berge in Flammen DVD"},"content":{"rendered":"<p>Trenkers bekannter Spielfilm \u00fcber den Dolomitenkrieg 1915- 1918.<br \/>\nAls der 1. Weltkrieg beginnt, zerbricht die Freundschaft zwischen dem<br \/>\n\u00d6sterreicher Florian Dimai und dem Italiener Arthur Franchini. Als Feinde<br \/>\nstehen sie sich auf dem Gipfel des Col Alto gegen\u00fcber.<\/p>\n<p>&#171;In dieser dramatischen Kriegs- und Heimatgeschichte verarbeitete Luis<br \/>\nTrenker pers\u00f6nliche Erlebnisse aus dem Ersten Weltkrieg, als er an der<br \/>\nAlpenfront k\u00e4mpfte. Die Idee zu der Erz\u00e4hlung kam Luis Trenker, als er nach<br \/>\ndem Krieg wieder zum Gipfel des Col-Alto aufstieg und sah, wie die Natur und<br \/>\nder Fr\u00fchling all das zur\u00fcckeroberte, was der Mensch zerst\u00f6rt hatte.&#187;<br \/>\nBR-online  <\/p>\n<p>Im ersten Weltkrieg stehen sich zwei fr\u00fchere Freunde als Gegner an der<br \/>\nDolomitenfront gegen\u00fcber: der Italiener Franchini und der \u00d6sterreicher Dimai.<br \/>\nDie italienische Kompanie unter Franchini areitet sich mittels eines Stollens<br \/>\nunter die Stellung der \u00d6sterreicher vor, u den Gipfel zu sprengen&#8230;<\/p>\n<p>Entstehungsjahr: 1931<br \/>\nRegie: Karl Hartl<br \/>\nDrehbuch: Karl Hartl, Luis Trenker<br \/>\nKamera: Sepp Alleier<br \/>\nmit:<br \/>\nLuis Trenker (Florian Dimai)<br \/>\nLisy Arna (Pia, seine Frau)<br \/>\nLuigi Serventi (Arthur Franchini)<\/p>\n<p>L\u00e4nge: ca. 94 Minuten<br \/>\nBild: 4:3 PAL<br \/>\nTon: DolbyDigital 2.0 (mono)<br \/>\nSprache: deutsch<br \/>\nUntertitel: italienisch<br \/>\nL\u00e4ndercode: 0-\u00fcberall abspielbar<\/p>","protected":false},"excerpt":{"rendered":"<ul>\n<li><a href=\"https:\/\/youtu.be\/teHvgSYMR8g\" target=\"_blank\" rel=\"noopener\">Video: Berge in Flammen<\/a><\/li>\n<\/ul>","protected":false},"featured_media":41449,"template":"","meta":[],"product_brand":[],"product_cat":[21628],"product_tag":[],"class_list":{"0":"post-146652","1":"product","2":"type-product","3":"status-publish","4":"has-post-thumbnail","6":"product_cat-video-dvd-multimedia","7":"pa_autor-trenker","8":"pa_erscheinungsjahr-1931-2004","9":"pa_region-italien","10":"pa_sprache-de","12":"first","13":"instock","14":"taxable","15":"shipping-taxable","16":"purchasable","17":"product-type-simple"},"_links":{"self":[{"href":"https:\/\/pizbube.ch\/en\/wp-json\/wp\/v2\/product\/146652","targetHints":{"allow":["GET"]}}],"collection":[{"href":"https:\/\/pizbube.ch\/en\/wp-json\/wp\/v2\/product"}],"about":[{"href":"https:\/\/pizbube.ch\/en\/wp-json\/wp\/v2\/types\/product"}],"wp:featuredmedia":[{"embeddable":true,"href":"https:\/\/pizbube.ch\/en\/wp-json\/wp\/v2\/media\/41449"}],"wp:attachment":[{"href":"https:\/\/pizbube.ch\/en\/wp-json\/wp\/v2\/media?parent=146652"}],"wp:term":[{"taxonomy":"product_brand","embeddable":true,"href":"https:\/\/pizbube.ch\/en\/wp-json\/wp\/v2\/product_brand?post=146652"},{"taxonomy":"product_cat","embeddable":true,"href":"https:\/\/pizbube.ch\/en\/wp-json\/wp\/v2\/product_cat?post=146652"},{"taxonomy":"product_tag","embeddable":true,"href":"https:\/\/pizbube.ch\/en\/wp-json\/wp\/v2\/product_tag?post=146652"}],"curies":[{"name":"wp","href":"https:\/\/api.w.org\/{rel}","templated":true}]}}