{"id":146654,"date":"2021-01-15T10:54:01","date_gmt":"2021-01-15T10:54:01","guid":{"rendered":"https:\/\/codengine3.ch\/?product=import-placeholder-for-200504"},"modified":"2026-03-21T15:00:06","modified_gmt":"2026-03-21T14:00:06","slug":"die-rote-wand","status":"publish","type":"product","link":"https:\/\/pizbube.ch\/en\/shop\/die-rote-wand\/","title":{"rendered":"Die Rote Wand"},"content":{"rendered":"<p>Der Tod kommt jedes Mal aus einer anderen Richtung<\/p>\n<p>Wie eine Steinwand, die Gott als nat\u00fcrliche Grenze zwischen Nord- und<br \/>\nS\u00fcdeuropa in die Erde gerammt hat, ragen die Berge hinter Sexten in den<br \/>\nHimmel. Hier verl\u00e4uft 1915 die Grenze zwischen \u00d6sterreich-Ungarn und Italien.<br \/>\nEine Front, die im Ersten Weltkrieg Schauplatz eines erbitterten<br \/>\nStellungskriegs wird.<\/p>\n<p>Gek\u00e4mpft wird auf Felsvorspr\u00fcngen, Gipfeln, auf Skiern, mit Stichmessern,<br \/>\nKarabinern und Handgranaten. Mann gegen Mann versuchen kleine Einheiten die<br \/>\nH\u00f6he zu sichern. In all diesen Scharm\u00fctzeln h\u00e4lt sich in der roten Wand ein<br \/>\nM\u00e4dchen auf, das seinem Vater in den Gebirgskrieg gefolgt ist. David Pfeifer<br \/>\nerz\u00e4hlt ihre Geschichte und die Geschichte des Dolomitenkriegs in einem<br \/>\neindrucksvollen Roman.<br \/>\nTaschenbuchausgabe<\/p>","protected":false},"excerpt":{"rendered":"<ul>\n<li><a href=\"https:\/\/pizbube.ch\/wp-content\/uploads\/attachments\/a_003\/307C5FE7C3577C85EBCC31F8540F9A62.pdf\" target=\"_blank\" rel=\"noopener\">PDF: Leseprobe_Die rote Wand.pdf<\/a><\/li>\n<\/ul>","protected":false},"featured_media":40260,"template":"","meta":[],"product_brand":[],"product_cat":[21629],"product_tag":[],"class_list":{"0":"post-146654","1":"product","2":"type-product","3":"status-publish","4":"has-post-thumbnail","6":"product_cat-belletristik","7":"pa_autor-pfeifer","8":"pa_erscheinungsjahr-21574","9":"pa_region-oesterreich","10":"pa_sprache-de","12":"first","13":"instock","14":"taxable","15":"shipping-taxable","16":"purchasable","17":"product-type-simple"},"_links":{"self":[{"href":"https:\/\/pizbube.ch\/en\/wp-json\/wp\/v2\/product\/146654","targetHints":{"allow":["GET"]}}],"collection":[{"href":"https:\/\/pizbube.ch\/en\/wp-json\/wp\/v2\/product"}],"about":[{"href":"https:\/\/pizbube.ch\/en\/wp-json\/wp\/v2\/types\/product"}],"wp:featuredmedia":[{"embeddable":true,"href":"https:\/\/pizbube.ch\/en\/wp-json\/wp\/v2\/media\/40260"}],"wp:attachment":[{"href":"https:\/\/pizbube.ch\/en\/wp-json\/wp\/v2\/media?parent=146654"}],"wp:term":[{"taxonomy":"product_brand","embeddable":true,"href":"https:\/\/pizbube.ch\/en\/wp-json\/wp\/v2\/product_brand?post=146654"},{"taxonomy":"product_cat","embeddable":true,"href":"https:\/\/pizbube.ch\/en\/wp-json\/wp\/v2\/product_cat?post=146654"},{"taxonomy":"product_tag","embeddable":true,"href":"https:\/\/pizbube.ch\/en\/wp-json\/wp\/v2\/product_tag?post=146654"}],"curies":[{"name":"wp","href":"https:\/\/api.w.org\/{rel}","templated":true}]}}