{"id":146655,"date":"2021-01-15T10:54:01","date_gmt":"2021-01-15T10:54:01","guid":{"rendered":"https:\/\/codengine3.ch\/?product=import-placeholder-for-201227"},"modified":"2021-01-15T11:59:41","modified_gmt":"2021-01-15T11:59:41","slug":"combats-aux-sommets-1939-1945-dans-le-massif-du-mont-blanc","status":"publish","type":"product","link":"https:\/\/pizbube.ch\/en\/shop\/combats-aux-sommets-1939-1945-dans-le-massif-du-mont-blanc\/","title":{"rendered":"Combats aux sommets 1939-1945 dans le massif du Mont-Blanc"},"content":{"rendered":"<p>Durant la seconde guerre mondiale, le massif du Mont-Blanc peut passer pour un<br \/>\nhavre de paix, terrain de jeu des alpinistes isol\u00e9 des lieux de conflit et de<br \/>\nsouffrance. Pourtant, ce cadre idyllique a \u00e9t\u00e9 le th\u00e9\u00e2tre de courts mais<br \/>\nviolents affrontements.<br \/>\nCet ouvrage vous permet de revivre en d\u00e9tail et avec beaucoup de pr\u00e9cisions<br \/>\nces \u00e9v\u00e8nements qui se sont d\u00e9roul\u00e9s dans sans doute le plus beau d\u00e9cor de tout<br \/>\nle dernier conflit mondial.<\/p>\n<p>Durant la seconde guerre mondiale, le massif du Mont-Blanc peut passer pour un<br \/>\nhavre de paix, terrain de jeu des alpinistes isol\u00e9 des lieux de conflit et de<br \/>\nsouffrance. Pourtant, ce cadre idyllique a \u00e9t\u00e9 le th\u00e9\u00e2tre de courts mais<br \/>\nviolents affrontements. En 1939-1940, des hommes occupent des positions en<br \/>\nhaute altitude dans des conditions climatiques parfois extr\u00eames. En juin 1940,<br \/>\ndes op\u00e9rations italiennes se d\u00e9roulent sur une zone glaciaire par un temps<br \/>\nex\u00e9crable.<br \/>\nEn 1944, apr\u00e8s la lib\u00e9ration de Chamonix, le combat se poursuit en Italie, au<br \/>\nrefuge Torino. En 1945, se d\u00e9roulent les deux plus hauts combats de la seconde<br \/>\nguerre mondiale. Le 17 f\u00e9vrier, au col du Midi, 24 Fran\u00e7ais s\u2019opposent \u00e0 40<br \/>\nAutrichiens.  <\/p>\n<p>Le 9 avril, deux canons en batterie pr\u00e8s de l\u2019observatoire des Cosmiques<br \/>\nengagent un duel avec des pi\u00e8ces ennemies install\u00e9es en Italie, au mont Fr\u00e9ty.<br \/>\nL\u2019aviateur Firmin Guiron r\u00e9alise des exploits en attaquant fr\u00e9quemment<br \/>\nl\u2019ennemi dans des conditions rocambolesques. Cet ouvrage vous permet de<br \/>\nrevivre en d\u00e9tail et avec pr\u00e9cision ces \u00e9v\u00e9nements quise sont d\u00e9roul\u00e9s dans<br \/>\nsans doute le plus beau d\u00e9cor de tout le dernier conflit mondial.<\/p>","protected":false},"excerpt":{"rendered":"<p>Durant la seconde guerre mondiale, le massif du Mont-Blanc peut passer pour un havre de paix, terrain de jeu des alpinistes isol\u00e9 des lieux de conflit et de souffrance. Pourtant, ce cadre idyllique a \u00e9t\u00e9 le th\u00e9\u00e2tre de courts mais violents affrontements. Cet ouvrage vous permet de revivre en d\u00e9tail et avec beaucoup de pr\u00e9cisions [&#8230;]\n","protected":false},"featured_media":28480,"template":"","meta":[],"product_brand":[],"product_cat":[21542],"product_tag":[],"class_list":{"0":"post-146655","1":"product","2":"type-product","3":"status-publish","4":"has-post-thumbnail","6":"product_cat-sachbuecher-dokumentationen","7":"pa_autor-demouzon","8":"pa_erscheinungsjahr-21568","9":"pa_region-frankreich","10":"pa_sprache-fr","12":"first","13":"instock","14":"taxable","15":"shipping-taxable","16":"purchasable","17":"product-type-simple"},"_links":{"self":[{"href":"https:\/\/pizbube.ch\/en\/wp-json\/wp\/v2\/product\/146655","targetHints":{"allow":["GET"]}}],"collection":[{"href":"https:\/\/pizbube.ch\/en\/wp-json\/wp\/v2\/product"}],"about":[{"href":"https:\/\/pizbube.ch\/en\/wp-json\/wp\/v2\/types\/product"}],"wp:featuredmedia":[{"embeddable":true,"href":"https:\/\/pizbube.ch\/en\/wp-json\/wp\/v2\/media\/28480"}],"wp:attachment":[{"href":"https:\/\/pizbube.ch\/en\/wp-json\/wp\/v2\/media?parent=146655"}],"wp:term":[{"taxonomy":"product_brand","embeddable":true,"href":"https:\/\/pizbube.ch\/en\/wp-json\/wp\/v2\/product_brand?post=146655"},{"taxonomy":"product_cat","embeddable":true,"href":"https:\/\/pizbube.ch\/en\/wp-json\/wp\/v2\/product_cat?post=146655"},{"taxonomy":"product_tag","embeddable":true,"href":"https:\/\/pizbube.ch\/en\/wp-json\/wp\/v2\/product_tag?post=146655"}],"curies":[{"name":"wp","href":"https:\/\/api.w.org\/{rel}","templated":true}]}}