{"id":146656,"date":"2021-01-15T10:54:01","date_gmt":"2021-01-15T10:54:01","guid":{"rendered":"https:\/\/codengine3.ch\/?product=import-placeholder-for-200082"},"modified":"2021-01-15T10:54:06","modified_gmt":"2021-01-15T10:54:06","slug":"fjellet-der-berg-dvd","status":"publish","type":"product","link":"https:\/\/pizbube.ch\/en\/shop\/fjellet-der-berg-dvd\/","title":{"rendered":"Fjellet &#8211; Der Berg (DVD)"},"content":{"rendered":"<p>Vor zwei Jahren starb Vetle, der f\u00fcnfj\u00e4hrige Sohn von Nora und Solveig, bei<br \/>\neiner Bergtour. Seit dieser Zeit lastet die Trauer \u00fcber seinen Tod auf ihrer<br \/>\nBeziehung. Nora, die leibliche Mutter des Kindes, ist im Schmerz \u00fcber den<br \/>\nVerlust immer bitterer geworden. Obwohl Solveig Vetle ebenso geliebt hat wie<br \/>\nsie, stellt Nora die Aufrichtigkeit von Solveigs Trauer zunehmend in Frage.<br \/>\nBei Solveig hat der Tod des Kindes vieles in Bewegung gebracht. Ein Leben ohne<br \/>\nKind kann sie sich nicht mehr vorstellen. Aber wie w\u00fcrde Nora darauf<br \/>\nreagieren? W\u00fcrde ihre Beziehung zerbrechen, sollte Solveig ein Kind bekommen?<br \/>\nGemeinsam begeben die Frauen sich auf eine Reise zu dem Berg, an dem ihr Kind<br \/>\nstarb. Die Reise, hofft Solveig, wird einen Selbstfindungsprozess in Gang<br \/>\nsetzen, an dessen Ende sie besser mit sich und ihrer Trauer umgehen k\u00f6nnen und<br \/>\nvielleicht auch eine Perspektive f\u00fcr die gemeinsame Zukunft finden.  <\/p>\n<p>Doch was so einleuchtend klingt, erweist sich als schmerzhafter Prozess, bei<br \/>\ndem nach und nach herausbricht, was sich an Verbitterungen, Kr\u00e4nkungen und<br \/>\n\u00c4ngsten in den beiden angestaut hat. Je n\u00e4her die Frauen dem Ungl\u00fccksort<br \/>\nkommen, desto auswegloser scheint ihre Beziehung dem Ende entgegenzutreiben.<br \/>\nJede Nacht rollen Nora und Solveig ihre Schlafs\u00e4cke nebeneinander aus, jeden<br \/>\nMorgen geht es wieder weiter. Wird Nora einen Weg aus ihrer Trauer finden, und<br \/>\nwerden die beiden Frauen es schaffen, ihre Beziehung zu retten?<br \/>\n70 Min.; Norw. mit deutschen Untertiteln<\/p>","protected":false},"excerpt":{"rendered":"<ul>\n<li><a href=\"https:\/\/youtu.be\/s2YNcROkWtA\" target=\"_blank\" rel=\"noopener\">Video: Trailer Fjellet<\/a><\/li>\n<\/ul>","protected":false},"featured_media":25860,"template":"","meta":[],"product_brand":[],"product_cat":[21628],"product_tag":[],"class_list":{"0":"post-146656","1":"product","2":"type-product","3":"status-publish","4":"has-post-thumbnail","6":"product_cat-video-dvd-multimedia","7":"pa_autor-giaever","8":"pa_erscheinungsjahr-21610","9":"pa_region-skandinavien-norwegen-schweden-finnland","10":"pa_sprache-norw-de","12":"first","13":"instock","14":"taxable","15":"shipping-taxable","16":"purchasable","17":"product-type-simple"},"_links":{"self":[{"href":"https:\/\/pizbube.ch\/en\/wp-json\/wp\/v2\/product\/146656","targetHints":{"allow":["GET"]}}],"collection":[{"href":"https:\/\/pizbube.ch\/en\/wp-json\/wp\/v2\/product"}],"about":[{"href":"https:\/\/pizbube.ch\/en\/wp-json\/wp\/v2\/types\/product"}],"wp:featuredmedia":[{"embeddable":true,"href":"https:\/\/pizbube.ch\/en\/wp-json\/wp\/v2\/media\/25860"}],"wp:attachment":[{"href":"https:\/\/pizbube.ch\/en\/wp-json\/wp\/v2\/media?parent=146656"}],"wp:term":[{"taxonomy":"product_brand","embeddable":true,"href":"https:\/\/pizbube.ch\/en\/wp-json\/wp\/v2\/product_brand?post=146656"},{"taxonomy":"product_cat","embeddable":true,"href":"https:\/\/pizbube.ch\/en\/wp-json\/wp\/v2\/product_cat?post=146656"},{"taxonomy":"product_tag","embeddable":true,"href":"https:\/\/pizbube.ch\/en\/wp-json\/wp\/v2\/product_tag?post=146656"}],"curies":[{"name":"wp","href":"https:\/\/api.w.org\/{rel}","templated":true}]}}