{"id":146657,"date":"2021-01-15T10:54:01","date_gmt":"2021-01-15T10:54:01","guid":{"rendered":"https:\/\/codengine3.ch\/?product=import-placeholder-for-206647"},"modified":"2021-01-15T14:50:30","modified_gmt":"2021-01-15T14:50:30","slug":"die-route-dvd","status":"publish","type":"product","link":"https:\/\/pizbube.ch\/en\/shop\/die-route-dvd\/","title":{"rendered":"Die Route DVD"},"content":{"rendered":"<p>Tom und Mark sind eine eingeschworene Seilschaft. W\u00e4hrend Mark vom Nanga<br \/>\nParbat tr\u00e4umt, richtet Tom mit seiner Freundin Franziska das neue Haus ein.<br \/>\nAuf einer besonders anspruchsvollen Route verungl\u00fcckt Tom schwer. Nicht nur<br \/>\nTom und Franziska m\u00fcssen ihre Lebensplanung neu \u00fcberdenken, sondern auch Mark<br \/>\nmuss sich einer ver\u00e4nderten Realit\u00e4t stellen. Eine Geschichte \u00fcber<br \/>\nFreundschaft, Schuldgef\u00fchle und Verantwortung  <\/p>\n<p>Gegens\u00e4tzlicher k\u00f6nnten die beiden Kletterfreunde Mark (Maximilian Br\u00fcckner),<br \/>\n34, und Tom (Stephan Luca), 36, kaum sein. Dem Single Mark bedeuten die Berge<br \/>\nund das Klettern alles, sein Job beim Alpenverein sichert den allern\u00f6tigsten<br \/>\nUnterhalt. Tom arbeitet erfolgreich freiberuflich, lebt in einer festen<br \/>\nBeziehung mit Franziska (Jana Klinge), 30, und das Haus wird gerade renoviert.<br \/>\nEine gemeinsame Nanga-Parbat-Expedition, die Mark und Tom schon lange planen,<br \/>\nsagt Tom \u00fcberraschend ab. Es wird ihm einfach zuviel. Mark ist sauer, doch die<br \/>\ngemeinsame Erstbesteigung einer schwierigen Route vers\u00f6hnt ihn etwas.<br \/>\nAusgerechnet bei dieser Tour passiert ein schwerer Kletterunfall. Tom rutscht<br \/>\nab, st\u00fcrzt ins Seil, \u00fcberlebt schwerverletzt. Mark hat ihn zwar mit<br \/>\nBergwachthilfe retten k\u00f6nnen, muss sich aber immer wieder die Frage nach der<br \/>\nVerantwortung stellen. Franziska findet, er h\u00e4tte grosse Schuld, weil er Tom<br \/>\neine Pause verweigerte. Sie ist am Ende ihrer Kr\u00e4fte, tr\u00e4gt nun die ganze<br \/>\nfinanzielle Last alleine, denn Tom verliert einen grossen Auftrag. Umso<br \/>\nw\u00fctender ist sie, dass sich Tom, kaum ist er zur ambulanten Reha aus dem<br \/>\nKrankenhaus entlassen, gleich in die Planung der alleinigen Nanga-Parbat-<br \/>\nBesteigung f\u00fcr Mark hineinst\u00fcrzt.<br \/>\nFroschmayer, Florian (Prod.) \/ Br\u00fcckner, Maximilian (Schausp.) \/ Luca, Stephan<br \/>\n(Schausp.) \/ Klinge, Jana (Schausp.) \/ Fitz, Michael (Schausp.) \/ Rapold,<br \/>\nPatrick (Schausp.)<br \/>\nLaufzeit 90 min.  <\/p>","protected":false},"excerpt":{"rendered":"<ul>\n<li><a href=\"https:\/\/youtu.be\/HhtLIkXnPH4\" target=\"_blank\" rel=\"noopener\">Video: Trailer Die Route<\/a><\/li>\n<\/ul>","protected":false},"featured_media":35747,"template":"","meta":[],"product_brand":[],"product_cat":[21628],"product_tag":[],"class_list":{"0":"post-146657","1":"product","2":"type-product","3":"status-publish","4":"has-post-thumbnail","6":"product_cat-video-dvd-multimedia","7":"pa_autor-froschmayer","8":"pa_erscheinungsjahr-21610","9":"pa_region-deutschland","10":"pa_sprache-de","12":"first","13":"instock","14":"taxable","15":"shipping-taxable","16":"purchasable","17":"product-type-simple"},"_links":{"self":[{"href":"https:\/\/pizbube.ch\/en\/wp-json\/wp\/v2\/product\/146657","targetHints":{"allow":["GET"]}}],"collection":[{"href":"https:\/\/pizbube.ch\/en\/wp-json\/wp\/v2\/product"}],"about":[{"href":"https:\/\/pizbube.ch\/en\/wp-json\/wp\/v2\/types\/product"}],"wp:featuredmedia":[{"embeddable":true,"href":"https:\/\/pizbube.ch\/en\/wp-json\/wp\/v2\/media\/35747"}],"wp:attachment":[{"href":"https:\/\/pizbube.ch\/en\/wp-json\/wp\/v2\/media?parent=146657"}],"wp:term":[{"taxonomy":"product_brand","embeddable":true,"href":"https:\/\/pizbube.ch\/en\/wp-json\/wp\/v2\/product_brand?post=146657"},{"taxonomy":"product_cat","embeddable":true,"href":"https:\/\/pizbube.ch\/en\/wp-json\/wp\/v2\/product_cat?post=146657"},{"taxonomy":"product_tag","embeddable":true,"href":"https:\/\/pizbube.ch\/en\/wp-json\/wp\/v2\/product_tag?post=146657"}],"curies":[{"name":"wp","href":"https:\/\/api.w.org\/{rel}","templated":true}]}}