{"id":146659,"date":"2021-01-15T10:54:01","date_gmt":"2021-01-15T10:54:01","guid":{"rendered":"https:\/\/codengine3.ch\/?product=import-placeholder-for-206528"},"modified":"2021-01-15T14:49:36","modified_gmt":"2021-01-15T14:49:36","slug":"nanga-parbat-dvd-2","status":"publish","type":"product","link":"https:\/\/pizbube.ch\/en\/shop\/nanga-parbat-dvd-2\/","title":{"rendered":"Nanga Parbat (DVD)"},"content":{"rendered":"<p>Zwei Br\u00fcder. Ein Berg. Ihr Schicksal.  <\/p>\n<p>Die Br\u00fcder Reinhold und G\u00fcnther Messner setzen sich als Kinder das Ziel,<br \/>\nirgendwann den Nanga Parbat, den \u00fcber 8000 Meter hohen &#8217;nackten Berg&#8216; im<br \/>\nHimalaya, zu besteigen. Im Jahre 1970 ist es f\u00fcr die damals 25 und 23 Jahre<br \/>\nalten Br\u00fcder dann soweit . Unter der F\u00fchrung des Expetitionsleiters Dr. Karl<br \/>\nMaria Herrligkoffer will eine Elite internationaler Bergsteiger den Gipfel<br \/>\nerobern. Die Route f\u00fchrt \u00fcber die legend\u00e4re Rupalwand, die h\u00f6chste Steilwand<br \/>\nder Erde. Trotz einer Schlechtwetterwarnung entscheidet sich Reinhold (Florian<br \/>\nStetter) den Gipfel alleine zu besteigen. G\u00fcnther (Andreas Tobias), der<br \/>\nweniger Erfahrung hat, folgt dem \u00e4lteren Bruder. Doch er wird h\u00f6henkrank und<br \/>\nmit dem Abstieg beginnt der Kampf ums \u00dcberleben.<br \/>\nLaufzeit 99 min., Mit &#8218;making of&#8216;.  <\/p>","protected":false},"excerpt":{"rendered":"<p>Zwei Br\u00fcder. Ein Berg. Ihr Schicksal. Die Br\u00fcder Reinhold und G\u00fcnther Messner setzen sich als Kinder das Ziel, irgendwann den Nanga Parbat, den \u00fcber 8000 Meter hohen &#8217;nackten Berg&#8216; im Himalaya, zu besteigen. Im Jahre 1970 ist es f\u00fcr die damals 25 und 23 Jahre alten Br\u00fcder dann soweit . Unter der F\u00fchrung des Expetitionsleiters [&#8230;]\n","protected":false},"featured_media":35581,"template":"","meta":[],"product_brand":[],"product_cat":[21628],"product_tag":[],"class_list":{"0":"post-146659","1":"product","2":"type-product","3":"status-publish","4":"has-post-thumbnail","6":"product_cat-video-dvd-multimedia","7":"pa_autor-vilsmaier","8":"pa_erscheinungsjahr-21610","9":"pa_region-asien","10":"pa_sprache-de","12":"first","13":"instock","14":"taxable","15":"shipping-taxable","16":"purchasable","17":"product-type-simple"},"_links":{"self":[{"href":"https:\/\/pizbube.ch\/en\/wp-json\/wp\/v2\/product\/146659","targetHints":{"allow":["GET"]}}],"collection":[{"href":"https:\/\/pizbube.ch\/en\/wp-json\/wp\/v2\/product"}],"about":[{"href":"https:\/\/pizbube.ch\/en\/wp-json\/wp\/v2\/types\/product"}],"wp:featuredmedia":[{"embeddable":true,"href":"https:\/\/pizbube.ch\/en\/wp-json\/wp\/v2\/media\/35581"}],"wp:attachment":[{"href":"https:\/\/pizbube.ch\/en\/wp-json\/wp\/v2\/media?parent=146659"}],"wp:term":[{"taxonomy":"product_brand","embeddable":true,"href":"https:\/\/pizbube.ch\/en\/wp-json\/wp\/v2\/product_brand?post=146659"},{"taxonomy":"product_cat","embeddable":true,"href":"https:\/\/pizbube.ch\/en\/wp-json\/wp\/v2\/product_cat?post=146659"},{"taxonomy":"product_tag","embeddable":true,"href":"https:\/\/pizbube.ch\/en\/wp-json\/wp\/v2\/product_tag?post=146659"}],"curies":[{"name":"wp","href":"https:\/\/api.w.org\/{rel}","templated":true}]}}