{"id":146664,"date":"2021-01-15T10:54:01","date_gmt":"2021-01-15T10:54:01","guid":{"rendered":"https:\/\/codengine3.ch\/?product=import-placeholder-for-206083"},"modified":"2023-06-27T12:11:20","modified_gmt":"2023-06-27T10:11:20","slug":"crackoholic-dvd","status":"publish","type":"product","link":"https:\/\/pizbube.ch\/en\/shop\/crackoholic-dvd\/","title":{"rendered":"Crackoholic DVD"},"content":{"rendered":"<p>On Sweden`s west coast, in the northern part of the county of Bohusl\u00e4n, lies<br \/>\nEurope`s best kept climbing secret. The area is scattered with granite cliffs<br \/>\noffering world class trad climbing. Soaring cracks, square cut dihedrals,<br \/>\nknife sharp ar\u00eates and seemingly blank faces, you`ll find anything you could<br \/>\never ask for. The climbing in Bohusl\u00e4n also holds a rich history, with an<br \/>\ninteresting and passionate core of local activists. Crackoholic tells the full<br \/>\nstory about this climber`s paradise and portrays these granite afficionados,<br \/>\nthese Crackoholics. We meet the climbers who have set their mark on the<br \/>\nBohusl\u00e4n granite throughout the years.<\/p>\n<p>From the early days of EBs, white pants and bandanas in the mid-70`s, to<br \/>\ntoday`s athletes who are pushing the standards of trad climbing. What is it<br \/>\nthat these climbers search for on the granite faces of Bohusl\u00e4n? What is it<br \/>\nthat these climbers search for on the granite faces of Bohusl\u00e4n? Why is<br \/>\nnaturally protected climbing so important to these individuals? And why do<br \/>\nsome of them seek out what most climbers consider unnecessary risks? How do<br \/>\nyou stay focused when fear is trying to take control over your mind, and the<br \/>\nlikely consequence of a mistake is serious injury or even death?<br \/>\n90 min. Engl. Untertitel<\/p>\n<p>Crackoholic \u00e4r inspelad i Bohusl\u00e4n, Sveriges h\u00e4ftigaste omr\u00e5de f\u00f6r kl\u00e4ttring<br \/>\nmed egna s\u00e4kringar. I Crackoholic f\u00e5r du m\u00f6ta ett stort antal kl\u00e4ttrare som<br \/>\nhar haft eller har en mycket stor betydelse f\u00f6r Svensk kl\u00e4ttring. Ett fylligt<br \/>\nhistoriekapitel f\u00f6rflyttar oss bak\u00e5t i tiden till det flummiga 70-talet och<br \/>\nfram till idag. Vi f\u00e5r tr\u00e4ffa flera av omr\u00e5dets starkaste profiler och f\u00f6lja<br \/>\ndem p\u00e5 flera av omr\u00e5dets finaste, mest klassiska leder.<\/p>","protected":false},"excerpt":{"rendered":"<ul>\n<li><a href=\"https:\/\/vimeo.com\/8166799\" target=\"_blank\" rel=\"noopener\">Video: Trailer Crackoholic<\/a><\/li>\n<\/ul>","protected":false},"featured_media":160436,"template":"","meta":[],"product_brand":[],"product_cat":[21628],"product_tag":[],"class_list":{"0":"post-146664","1":"product","2":"type-product","3":"status-publish","4":"has-post-thumbnail","6":"product_cat-video-dvd-multimedia","7":"pa_autor-widerberg-paulsson","8":"pa_erscheinungsjahr-21693","9":"pa_region-skandinavien-norwegen-schweden-finnland","10":"pa_sprache-swed-e","12":"first","13":"outofstock","14":"taxable","15":"shipping-taxable","16":"purchasable","17":"product-type-simple"},"_links":{"self":[{"href":"https:\/\/pizbube.ch\/en\/wp-json\/wp\/v2\/product\/146664","targetHints":{"allow":["GET"]}}],"collection":[{"href":"https:\/\/pizbube.ch\/en\/wp-json\/wp\/v2\/product"}],"about":[{"href":"https:\/\/pizbube.ch\/en\/wp-json\/wp\/v2\/types\/product"}],"wp:featuredmedia":[{"embeddable":true,"href":"https:\/\/pizbube.ch\/en\/wp-json\/wp\/v2\/media\/160436"}],"wp:attachment":[{"href":"https:\/\/pizbube.ch\/en\/wp-json\/wp\/v2\/media?parent=146664"}],"wp:term":[{"taxonomy":"product_brand","embeddable":true,"href":"https:\/\/pizbube.ch\/en\/wp-json\/wp\/v2\/product_brand?post=146664"},{"taxonomy":"product_cat","embeddable":true,"href":"https:\/\/pizbube.ch\/en\/wp-json\/wp\/v2\/product_cat?post=146664"},{"taxonomy":"product_tag","embeddable":true,"href":"https:\/\/pizbube.ch\/en\/wp-json\/wp\/v2\/product_tag?post=146664"}],"curies":[{"name":"wp","href":"https:\/\/api.w.org\/{rel}","templated":true}]}}